{"id":32971,"date":"2025-02-04T22:48:51","date_gmt":"2025-02-05T01:48:51","guid":{"rendered":"https:\/\/www.hometheater.com.br\/portal\/?post_type=product&#038;p=32971"},"modified":"2025-03-12T15:07:19","modified_gmt":"2025-03-12T18:07:19","slug":"edicao-345-fevereiro-2025","status":"publish","type":"product","link":"https:\/\/www.hometheater.com.br\/portal\/edicao-345-fevereiro-2025\/","title":{"rendered":"Edi\u00e7\u00e3o 345 \u2013 Fevereiro\/2025"},"content":{"rendered":"","protected":false},"excerpt":{"rendered":"<p><em><strong>*<\/strong> <\/em>CES 2025: direto de Las Vegas, os novos caminhos da Intelig\u00eancia Artificial<\/p>\n<p><em><strong>*<\/strong> <\/em>Casa Inteligente: visitamos em Minas um apartamento onde tudo est\u00e1 integrado<\/p>\n<p><em><strong>*<\/strong><\/em> \u00c1udio: especialistas comparam streaming com vinil e CD<\/p>\n<p><em><strong>*<\/strong> <\/em>Projeto: como a tecnologia influi at\u00e9 na escolha dos m\u00f3veis<\/p>\n<p><em><strong>*<\/strong> <\/em>High-end: um player de streaming diferente de tudo que voc\u00ea j\u00e1 viu<\/p>\n<p><em><strong>*<\/strong> <\/em>Mercado: n\u00e3o parece, mas a Netflix est\u00e1 perdendo espa\u00e7o<\/p>\n<p><em><strong>*<\/strong> <\/em>Soundbars: o que a canadense Pulse traz de novo<\/p>\n<p><em><strong>*<\/strong> <\/em>Planet Tech: conhe\u00e7a um fone de ouvido que funciona com \u201cneur\u00f4nios\u201d<\/p>\n","protected":false},"featured_media":32973,"template":"","meta":[],"product_brand":[],"product_cat":[53],"product_tag":[],"class_list":{"0":"post-32971","1":"product","2":"type-product","3":"status-publish","4":"has-post-thumbnail","6":"product_cat-edicoes-avulsas","8":"first","9":"instock","10":"shipping-taxable","11":"purchasable","12":"product-type-simple"},"yoast_head":"<!-- This site is optimized with the Yoast SEO plugin v25.7 - https:\/\/yoast.com\/wordpress\/plugins\/seo\/ -->\n<title>Edi\u00e7\u00e3o 345 \u2013 Fevereiro\/2025 - HT &amp; Casa Digital<\/title>\n<meta name=\"robots\" content=\"index, follow, max-snippet:-1, max-image-preview:large, max-video-preview:-1\" \/>\n<link rel=\"canonical\" href=\"https:\/\/www.hometheater.com.br\/portal\/edicao-345-fevereiro-2025\/\" \/>\n<meta property=\"og:locale\" content=\"pt_BR\" \/>\n<meta property=\"og:type\" content=\"article\" \/>\n<meta property=\"og:title\" content=\"Edi\u00e7\u00e3o 345 \u2013 Fevereiro\/2025 - HT &amp; Casa Digital\" \/>\n<meta property=\"og:description\" content=\"* CES 2025: direto de Las Vegas, os novos caminhos da Intelig\u00eancia Artificial  * Casa Inteligente: visitamos em Minas um apartamento onde tudo est\u00e1 integrado  * \u00c1udio: especialistas comparam streaming com vinil e CD  * Projeto: como a tecnologia influi at\u00e9 na escolha dos m\u00f3veis  * High-end: um player de streaming diferente de tudo que voc\u00ea j\u00e1 viu  * Mercado: n\u00e3o parece, mas a Netflix est\u00e1 perdendo espa\u00e7o  * Soundbars: o que a canadense Pulse traz de novo  * Planet Tech: conhe\u00e7a um fone de ouvido que funciona com \u201cneur\u00f4nios\u201d\" \/>\n<meta property=\"og:url\" content=\"https:\/\/www.hometheater.com.br\/portal\/edicao-345-fevereiro-2025\/\" \/>\n<meta property=\"og:site_name\" content=\"HT &amp; Casa Digital\" \/>\n<meta property=\"article:publisher\" content=\"https:\/\/web.facebook.com\/revistahometheater\" \/>\n<meta property=\"article:modified_time\" content=\"2025-03-12T18:07:19+00:00\" \/>\n<meta property=\"og:image\" content=\"https:\/\/www.hometheater.com.br\/portal\/wp-content\/uploads\/2025\/02\/ht_345.jpg\" \/>\n\t<meta property=\"og:image:width\" content=\"500\" \/>\n\t<meta property=\"og:image:height\" content=\"671\" \/>\n\t<meta property=\"og:image:type\" content=\"image\/jpeg\" \/>\n<meta name=\"twitter:card\" content=\"summary_large_image\" \/>\n<meta name=\"twitter:site\" content=\"@hometheaterbr\" \/>\n<script type=\"application\/ld+json\" class=\"yoast-schema-graph\">{\"@context\":\"https:\/\/schema.org\",\"@graph\":[{\"@type\":\"WebPage\",\"@id\":\"https:\/\/www.hometheater.com.br\/portal\/edicao-345-fevereiro-2025\/\",\"url\":\"https:\/\/www.hometheater.com.br\/portal\/edicao-345-fevereiro-2025\/\",\"name\":\"Edi\u00e7\u00e3o 345 \u2013 Fevereiro\/2025 - HT &amp; Casa Digital\",\"isPartOf\":{\"@id\":\"https:\/\/www.hometheater.com.br\/portal\/#website\"},\"primaryImageOfPage\":{\"@id\":\"https:\/\/www.hometheater.com.br\/portal\/edicao-345-fevereiro-2025\/#primaryimage\"},\"image\":{\"@id\":\"https:\/\/www.hometheater.com.br\/portal\/edicao-345-fevereiro-2025\/#primaryimage\"},\"thumbnailUrl\":\"https:\/\/www.hometheater.com.br\/portal\/wp-content\/uploads\/2025\/02\/ht_345.jpg\",\"datePublished\":\"2025-02-05T01:48:51+00:00\",\"dateModified\":\"2025-03-12T18:07:19+00:00\",\"breadcrumb\":{\"@id\":\"https:\/\/www.hometheater.com.br\/portal\/edicao-345-fevereiro-2025\/#breadcrumb\"},\"inLanguage\":\"pt-BR\",\"potentialAction\":[{\"@type\":\"ReadAction\",\"target\":[\"https:\/\/www.hometheater.com.br\/portal\/edicao-345-fevereiro-2025\/\"]}]},{\"@type\":\"ImageObject\",\"inLanguage\":\"pt-BR\",\"@id\":\"https:\/\/www.hometheater.com.br\/portal\/edicao-345-fevereiro-2025\/#primaryimage\",\"url\":\"https:\/\/www.hometheater.com.br\/portal\/wp-content\/uploads\/2025\/02\/ht_345.jpg\",\"contentUrl\":\"https:\/\/www.hometheater.com.br\/portal\/wp-content\/uploads\/2025\/02\/ht_345.jpg\",\"width\":500,\"height\":671},{\"@type\":\"BreadcrumbList\",\"@id\":\"https:\/\/www.hometheater.com.br\/portal\/edicao-345-fevereiro-2025\/#breadcrumb\",\"itemListElement\":[{\"@type\":\"ListItem\",\"position\":1,\"name\":\"In\u00edcio\",\"item\":\"https:\/\/www.hometheater.com.br\/portal\/\"},{\"@type\":\"ListItem\",\"position\":2,\"name\":\"Assine HT &#038; Casa Digital\u200b\",\"item\":\"https:\/\/www.hometheater.com.br\/portal\/shop\/\"},{\"@type\":\"ListItem\",\"position\":3,\"name\":\"Edi\u00e7\u00e3o 345 \u2013 Fevereiro\/2025\"}]},{\"@type\":\"WebSite\",\"@id\":\"https:\/\/www.hometheater.com.br\/portal\/#website\",\"url\":\"https:\/\/www.hometheater.com.br\/portal\/\",\"name\":\"HT &amp; Casa Digital\",\"description\":\"O mundo digital em sua casa\",\"publisher\":{\"@id\":\"https:\/\/www.hometheater.com.br\/portal\/#organization\"},\"potentialAction\":[{\"@type\":\"SearchAction\",\"target\":{\"@type\":\"EntryPoint\",\"urlTemplate\":\"https:\/\/www.hometheater.com.br\/portal\/?s={search_term_string}\"},\"query-input\":{\"@type\":\"PropertyValueSpecification\",\"valueRequired\":true,\"valueName\":\"search_term_string\"}}],\"inLanguage\":\"pt-BR\"},{\"@type\":\"Organization\",\"@id\":\"https:\/\/www.hometheater.com.br\/portal\/#organization\",\"name\":\"Home Theater\",\"url\":\"https:\/\/www.hometheater.com.br\/portal\/\",\"logo\":{\"@type\":\"ImageObject\",\"inLanguage\":\"pt-BR\",\"@id\":\"https:\/\/www.hometheater.com.br\/portal\/#\/schema\/logo\/image\/\",\"url\":\"https:\/\/www.hometheater.com.br\/portal\/wp-content\/uploads\/2022\/06\/assine_ht_01.png\",\"contentUrl\":\"https:\/\/www.hometheater.com.br\/portal\/wp-content\/uploads\/2022\/06\/assine_ht_01.png\",\"width\":800,\"height\":254,\"caption\":\"Home Theater\"},\"image\":{\"@id\":\"https:\/\/www.hometheater.com.br\/portal\/#\/schema\/logo\/image\/\"},\"sameAs\":[\"https:\/\/web.facebook.com\/revistahometheater\",\"https:\/\/x.com\/hometheaterbr\"]}]}<\/script>\n<!-- \/ Yoast SEO plugin. -->","yoast_head_json":{"title":"Edi\u00e7\u00e3o 345 \u2013 Fevereiro\/2025 - HT &amp; Casa Digital","robots":{"index":"index","follow":"follow","max-snippet":"max-snippet:-1","max-image-preview":"max-image-preview:large","max-video-preview":"max-video-preview:-1"},"canonical":"https:\/\/www.hometheater.com.br\/portal\/edicao-345-fevereiro-2025\/","og_locale":"pt_BR","og_type":"article","og_title":"Edi\u00e7\u00e3o 345 \u2013 Fevereiro\/2025 - HT &amp; Casa Digital","og_description":"* CES 2025: direto de Las Vegas, os novos caminhos da Intelig\u00eancia Artificial  * Casa Inteligente: visitamos em Minas um apartamento onde tudo est\u00e1 integrado  * \u00c1udio: especialistas comparam streaming com vinil e CD  * Projeto: como a tecnologia influi at\u00e9 na escolha dos m\u00f3veis  * High-end: um player de streaming diferente de tudo que voc\u00ea j\u00e1 viu  * Mercado: n\u00e3o parece, mas a Netflix est\u00e1 perdendo espa\u00e7o  * Soundbars: o que a canadense Pulse traz de novo  * Planet Tech: conhe\u00e7a um fone de ouvido que funciona com \u201cneur\u00f4nios\u201d","og_url":"https:\/\/www.hometheater.com.br\/portal\/edicao-345-fevereiro-2025\/","og_site_name":"HT &amp; Casa Digital","article_publisher":"https:\/\/web.facebook.com\/revistahometheater","article_modified_time":"2025-03-12T18:07:19+00:00","og_image":[{"width":500,"height":671,"url":"https:\/\/www.hometheater.com.br\/portal\/wp-content\/uploads\/2025\/02\/ht_345.jpg","type":"image\/jpeg"}],"twitter_card":"summary_large_image","twitter_site":"@hometheaterbr","schema":{"@context":"https:\/\/schema.org","@graph":[{"@type":"WebPage","@id":"https:\/\/www.hometheater.com.br\/portal\/edicao-345-fevereiro-2025\/","url":"https:\/\/www.hometheater.com.br\/portal\/edicao-345-fevereiro-2025\/","name":"Edi\u00e7\u00e3o 345 \u2013 Fevereiro\/2025 - HT &amp; Casa Digital","isPartOf":{"@id":"https:\/\/www.hometheater.com.br\/portal\/#website"},"primaryImageOfPage":{"@id":"https:\/\/www.hometheater.com.br\/portal\/edicao-345-fevereiro-2025\/#primaryimage"},"image":{"@id":"https:\/\/www.hometheater.com.br\/portal\/edicao-345-fevereiro-2025\/#primaryimage"},"thumbnailUrl":"https:\/\/www.hometheater.com.br\/portal\/wp-content\/uploads\/2025\/02\/ht_345.jpg","datePublished":"2025-02-05T01:48:51+00:00","dateModified":"2025-03-12T18:07:19+00:00","breadcrumb":{"@id":"https:\/\/www.hometheater.com.br\/portal\/edicao-345-fevereiro-2025\/#breadcrumb"},"inLanguage":"pt-BR","potentialAction":[{"@type":"ReadAction","target":["https:\/\/www.hometheater.com.br\/portal\/edicao-345-fevereiro-2025\/"]}]},{"@type":"ImageObject","inLanguage":"pt-BR","@id":"https:\/\/www.hometheater.com.br\/portal\/edicao-345-fevereiro-2025\/#primaryimage","url":"https:\/\/www.hometheater.com.br\/portal\/wp-content\/uploads\/2025\/02\/ht_345.jpg","contentUrl":"https:\/\/www.hometheater.com.br\/portal\/wp-content\/uploads\/2025\/02\/ht_345.jpg","width":500,"height":671},{"@type":"BreadcrumbList","@id":"https:\/\/www.hometheater.com.br\/portal\/edicao-345-fevereiro-2025\/#breadcrumb","itemListElement":[{"@type":"ListItem","position":1,"name":"In\u00edcio","item":"https:\/\/www.hometheater.com.br\/portal\/"},{"@type":"ListItem","position":2,"name":"Assine HT &#038; Casa Digital\u200b","item":"https:\/\/www.hometheater.com.br\/portal\/shop\/"},{"@type":"ListItem","position":3,"name":"Edi\u00e7\u00e3o 345 \u2013 Fevereiro\/2025"}]},{"@type":"WebSite","@id":"https:\/\/www.hometheater.com.br\/portal\/#website","url":"https:\/\/www.hometheater.com.br\/portal\/","name":"HT &amp; Casa Digital","description":"O mundo digital em sua casa","publisher":{"@id":"https:\/\/www.hometheater.com.br\/portal\/#organization"},"potentialAction":[{"@type":"SearchAction","target":{"@type":"EntryPoint","urlTemplate":"https:\/\/www.hometheater.com.br\/portal\/?s={search_term_string}"},"query-input":{"@type":"PropertyValueSpecification","valueRequired":true,"valueName":"search_term_string"}}],"inLanguage":"pt-BR"},{"@type":"Organization","@id":"https:\/\/www.hometheater.com.br\/portal\/#organization","name":"Home Theater","url":"https:\/\/www.hometheater.com.br\/portal\/","logo":{"@type":"ImageObject","inLanguage":"pt-BR","@id":"https:\/\/www.hometheater.com.br\/portal\/#\/schema\/logo\/image\/","url":"https:\/\/www.hometheater.com.br\/portal\/wp-content\/uploads\/2022\/06\/assine_ht_01.png","contentUrl":"https:\/\/www.hometheater.com.br\/portal\/wp-content\/uploads\/2022\/06\/assine_ht_01.png","width":800,"height":254,"caption":"Home Theater"},"image":{"@id":"https:\/\/www.hometheater.com.br\/portal\/#\/schema\/logo\/image\/"},"sameAs":["https:\/\/web.facebook.com\/revistahometheater","https:\/\/x.com\/hometheaterbr"]}]}},"_links":{"self":[{"href":"https:\/\/www.hometheater.com.br\/portal\/wp-json\/wp\/v2\/product\/32971","targetHints":{"allow":["GET"]}}],"collection":[{"href":"https:\/\/www.hometheater.com.br\/portal\/wp-json\/wp\/v2\/product"}],"about":[{"href":"https:\/\/www.hometheater.com.br\/portal\/wp-json\/wp\/v2\/types\/product"}],"wp:featuredmedia":[{"embeddable":true,"href":"https:\/\/www.hometheater.com.br\/portal\/wp-json\/wp\/v2\/media\/32973"}],"wp:attachment":[{"href":"https:\/\/www.hometheater.com.br\/portal\/wp-json\/wp\/v2\/media?parent=32971"}],"wp:term":[{"taxonomy":"product_brand","embeddable":true,"href":"https:\/\/www.hometheater.com.br\/portal\/wp-json\/wp\/v2\/product_brand?post=32971"},{"taxonomy":"product_cat","embeddable":true,"href":"https:\/\/www.hometheater.com.br\/portal\/wp-json\/wp\/v2\/product_cat?post=32971"},{"taxonomy":"product_tag","embeddable":true,"href":"https:\/\/www.hometheater.com.br\/portal\/wp-json\/wp\/v2\/product_tag?post=32971"}],"curies":[{"name":"wp","href":"https:\/\/api.w.org\/{rel}","templated":true}]}}