{"id":32674,"date":"2025-01-07T19:52:09","date_gmt":"2025-01-07T22:52:09","guid":{"rendered":"https:\/\/www.hometheater.com.br\/portal\/?post_type=product&#038;p=32674"},"modified":"2025-01-07T19:52:09","modified_gmt":"2025-01-07T22:52:09","slug":"edicao-344-janeiro-2025","status":"publish","type":"product","link":"https:\/\/www.hometheater.com.br\/portal\/edicao-344-janeiro-2025\/","title":{"rendered":"Edi\u00e7\u00e3o 344 \u2013 Janeiro\/2025"},"content":{"rendered":"","protected":false},"excerpt":{"rendered":"<p><em><strong>*<\/strong> Dolby Atmos: entenda como funciona o som na sua TV<\/em><\/p>\n<p><em><strong>*<\/strong> Desperd\u00edcio de energia: quando os \u201cfantasmas\u201d atacam<\/em><\/p>\n<p><em><strong>*<\/strong> Tend\u00eancias 2025: as tecnologias que v\u00e3o mudar sua vida<\/em><\/p>\n<p><em><strong>*<\/strong> Mapeamos os detalhes que fazem a diferen\u00e7a num projeto<\/em><\/p>\n<p><em><strong>*<\/strong> Duas super marcas de caixas high-end: DALI e SONUS FABER<\/em><\/p>\n<p><em><strong>*<\/strong> Testamos um projetor a laser de curta dist\u00e2ncia: veja as vantagens<\/em><\/p>\n<p><em><strong>*<\/strong> Visitamos uma casa onde a TV gira para tr\u00eas ambientes<\/em><\/p>\n<p><em><strong>*<\/strong> Conhe\u00e7a novos amplificadores compactos para multiroom<\/em><\/p>\n<p><em><strong>*<\/strong> Por que \u201cSenna\u201d, a maior produ\u00e7\u00e3o da Netflix, \u00e9 sucesso no mundo inteiro<\/em><\/p>\n","protected":false},"featured_media":32675,"template":"","meta":[],"product_brand":[],"product_cat":[53],"product_tag":[],"class_list":{"0":"post-32674","1":"product","2":"type-product","3":"status-publish","4":"has-post-thumbnail","6":"product_cat-edicoes-avulsas","8":"first","9":"instock","10":"shipping-taxable","11":"purchasable","12":"product-type-simple"},"yoast_head":"<!-- This site is optimized with the Yoast SEO plugin v25.7 - https:\/\/yoast.com\/wordpress\/plugins\/seo\/ -->\n<title>Edi\u00e7\u00e3o 344 \u2013 Janeiro\/2025 - HT &amp; Casa Digital<\/title>\n<meta name=\"robots\" content=\"index, follow, max-snippet:-1, max-image-preview:large, max-video-preview:-1\" \/>\n<link rel=\"canonical\" href=\"https:\/\/www.hometheater.com.br\/portal\/edicao-344-janeiro-2025\/\" \/>\n<meta property=\"og:locale\" content=\"pt_BR\" \/>\n<meta property=\"og:type\" content=\"article\" \/>\n<meta property=\"og:title\" content=\"Edi\u00e7\u00e3o 344 \u2013 Janeiro\/2025 - HT &amp; Casa Digital\" \/>\n<meta property=\"og:description\" content=\"* Dolby Atmos: entenda como funciona o som na sua TV  * Desperd\u00edcio de energia: quando os \u201cfantasmas\u201d atacam  * Tend\u00eancias 2025: as tecnologias que v\u00e3o mudar sua vida  * Mapeamos os detalhes que fazem a diferen\u00e7a num projeto  * Duas super marcas de caixas high-end: DALI e SONUS FABER  * Testamos um projetor a laser de curta dist\u00e2ncia: veja as vantagens  * Visitamos uma casa onde a TV gira para tr\u00eas ambientes  * Conhe\u00e7a novos amplificadores compactos para multiroom  * Por que \u201cSenna\u201d, a maior produ\u00e7\u00e3o da Netflix, \u00e9 sucesso no mundo inteiro\" \/>\n<meta property=\"og:url\" content=\"https:\/\/www.hometheater.com.br\/portal\/edicao-344-janeiro-2025\/\" \/>\n<meta property=\"og:site_name\" content=\"HT &amp; Casa Digital\" \/>\n<meta property=\"article:publisher\" content=\"https:\/\/web.facebook.com\/revistahometheater\" \/>\n<meta property=\"og:image\" content=\"https:\/\/www.hometheater.com.br\/portal\/wp-content\/uploads\/2025\/01\/capa_ht_344.jpg\" \/>\n\t<meta property=\"og:image:width\" content=\"600\" \/>\n\t<meta property=\"og:image:height\" content=\"805\" \/>\n\t<meta property=\"og:image:type\" content=\"image\/jpeg\" \/>\n<meta name=\"twitter:card\" content=\"summary_large_image\" \/>\n<meta name=\"twitter:site\" content=\"@hometheaterbr\" \/>\n<script type=\"application\/ld+json\" class=\"yoast-schema-graph\">{\"@context\":\"https:\/\/schema.org\",\"@graph\":[{\"@type\":\"WebPage\",\"@id\":\"https:\/\/www.hometheater.com.br\/portal\/edicao-344-janeiro-2025\/\",\"url\":\"https:\/\/www.hometheater.com.br\/portal\/edicao-344-janeiro-2025\/\",\"name\":\"Edi\u00e7\u00e3o 344 \u2013 Janeiro\/2025 - HT &amp; Casa Digital\",\"isPartOf\":{\"@id\":\"https:\/\/www.hometheater.com.br\/portal\/#website\"},\"primaryImageOfPage\":{\"@id\":\"https:\/\/www.hometheater.com.br\/portal\/edicao-344-janeiro-2025\/#primaryimage\"},\"image\":{\"@id\":\"https:\/\/www.hometheater.com.br\/portal\/edicao-344-janeiro-2025\/#primaryimage\"},\"thumbnailUrl\":\"https:\/\/www.hometheater.com.br\/portal\/wp-content\/uploads\/2025\/01\/capa_ht_344.jpg\",\"datePublished\":\"2025-01-07T22:52:09+00:00\",\"breadcrumb\":{\"@id\":\"https:\/\/www.hometheater.com.br\/portal\/edicao-344-janeiro-2025\/#breadcrumb\"},\"inLanguage\":\"pt-BR\",\"potentialAction\":[{\"@type\":\"ReadAction\",\"target\":[\"https:\/\/www.hometheater.com.br\/portal\/edicao-344-janeiro-2025\/\"]}]},{\"@type\":\"ImageObject\",\"inLanguage\":\"pt-BR\",\"@id\":\"https:\/\/www.hometheater.com.br\/portal\/edicao-344-janeiro-2025\/#primaryimage\",\"url\":\"https:\/\/www.hometheater.com.br\/portal\/wp-content\/uploads\/2025\/01\/capa_ht_344.jpg\",\"contentUrl\":\"https:\/\/www.hometheater.com.br\/portal\/wp-content\/uploads\/2025\/01\/capa_ht_344.jpg\",\"width\":600,\"height\":805},{\"@type\":\"BreadcrumbList\",\"@id\":\"https:\/\/www.hometheater.com.br\/portal\/edicao-344-janeiro-2025\/#breadcrumb\",\"itemListElement\":[{\"@type\":\"ListItem\",\"position\":1,\"name\":\"In\u00edcio\",\"item\":\"https:\/\/www.hometheater.com.br\/portal\/\"},{\"@type\":\"ListItem\",\"position\":2,\"name\":\"Assine HT &#038; Casa Digital\u200b\",\"item\":\"https:\/\/www.hometheater.com.br\/portal\/shop\/\"},{\"@type\":\"ListItem\",\"position\":3,\"name\":\"Edi\u00e7\u00e3o 344 \u2013 Janeiro\/2025\"}]},{\"@type\":\"WebSite\",\"@id\":\"https:\/\/www.hometheater.com.br\/portal\/#website\",\"url\":\"https:\/\/www.hometheater.com.br\/portal\/\",\"name\":\"HT &amp; Casa Digital\",\"description\":\"O mundo digital em sua casa\",\"publisher\":{\"@id\":\"https:\/\/www.hometheater.com.br\/portal\/#organization\"},\"potentialAction\":[{\"@type\":\"SearchAction\",\"target\":{\"@type\":\"EntryPoint\",\"urlTemplate\":\"https:\/\/www.hometheater.com.br\/portal\/?s={search_term_string}\"},\"query-input\":{\"@type\":\"PropertyValueSpecification\",\"valueRequired\":true,\"valueName\":\"search_term_string\"}}],\"inLanguage\":\"pt-BR\"},{\"@type\":\"Organization\",\"@id\":\"https:\/\/www.hometheater.com.br\/portal\/#organization\",\"name\":\"Home Theater\",\"url\":\"https:\/\/www.hometheater.com.br\/portal\/\",\"logo\":{\"@type\":\"ImageObject\",\"inLanguage\":\"pt-BR\",\"@id\":\"https:\/\/www.hometheater.com.br\/portal\/#\/schema\/logo\/image\/\",\"url\":\"https:\/\/www.hometheater.com.br\/portal\/wp-content\/uploads\/2022\/06\/assine_ht_01.png\",\"contentUrl\":\"https:\/\/www.hometheater.com.br\/portal\/wp-content\/uploads\/2022\/06\/assine_ht_01.png\",\"width\":800,\"height\":254,\"caption\":\"Home Theater\"},\"image\":{\"@id\":\"https:\/\/www.hometheater.com.br\/portal\/#\/schema\/logo\/image\/\"},\"sameAs\":[\"https:\/\/web.facebook.com\/revistahometheater\",\"https:\/\/x.com\/hometheaterbr\"]}]}<\/script>\n<!-- \/ Yoast SEO plugin. -->","yoast_head_json":{"title":"Edi\u00e7\u00e3o 344 \u2013 Janeiro\/2025 - HT &amp; Casa Digital","robots":{"index":"index","follow":"follow","max-snippet":"max-snippet:-1","max-image-preview":"max-image-preview:large","max-video-preview":"max-video-preview:-1"},"canonical":"https:\/\/www.hometheater.com.br\/portal\/edicao-344-janeiro-2025\/","og_locale":"pt_BR","og_type":"article","og_title":"Edi\u00e7\u00e3o 344 \u2013 Janeiro\/2025 - HT &amp; Casa Digital","og_description":"* Dolby Atmos: entenda como funciona o som na sua TV  * Desperd\u00edcio de energia: quando os \u201cfantasmas\u201d atacam  * Tend\u00eancias 2025: as tecnologias que v\u00e3o mudar sua vida  * Mapeamos os detalhes que fazem a diferen\u00e7a num projeto  * Duas super marcas de caixas high-end: DALI e SONUS FABER  * Testamos um projetor a laser de curta dist\u00e2ncia: veja as vantagens  * Visitamos uma casa onde a TV gira para tr\u00eas ambientes  * Conhe\u00e7a novos amplificadores compactos para multiroom  * Por que \u201cSenna\u201d, a maior produ\u00e7\u00e3o da Netflix, \u00e9 sucesso no mundo inteiro","og_url":"https:\/\/www.hometheater.com.br\/portal\/edicao-344-janeiro-2025\/","og_site_name":"HT &amp; Casa Digital","article_publisher":"https:\/\/web.facebook.com\/revistahometheater","og_image":[{"width":600,"height":805,"url":"https:\/\/www.hometheater.com.br\/portal\/wp-content\/uploads\/2025\/01\/capa_ht_344.jpg","type":"image\/jpeg"}],"twitter_card":"summary_large_image","twitter_site":"@hometheaterbr","schema":{"@context":"https:\/\/schema.org","@graph":[{"@type":"WebPage","@id":"https:\/\/www.hometheater.com.br\/portal\/edicao-344-janeiro-2025\/","url":"https:\/\/www.hometheater.com.br\/portal\/edicao-344-janeiro-2025\/","name":"Edi\u00e7\u00e3o 344 \u2013 Janeiro\/2025 - HT &amp; Casa Digital","isPartOf":{"@id":"https:\/\/www.hometheater.com.br\/portal\/#website"},"primaryImageOfPage":{"@id":"https:\/\/www.hometheater.com.br\/portal\/edicao-344-janeiro-2025\/#primaryimage"},"image":{"@id":"https:\/\/www.hometheater.com.br\/portal\/edicao-344-janeiro-2025\/#primaryimage"},"thumbnailUrl":"https:\/\/www.hometheater.com.br\/portal\/wp-content\/uploads\/2025\/01\/capa_ht_344.jpg","datePublished":"2025-01-07T22:52:09+00:00","breadcrumb":{"@id":"https:\/\/www.hometheater.com.br\/portal\/edicao-344-janeiro-2025\/#breadcrumb"},"inLanguage":"pt-BR","potentialAction":[{"@type":"ReadAction","target":["https:\/\/www.hometheater.com.br\/portal\/edicao-344-janeiro-2025\/"]}]},{"@type":"ImageObject","inLanguage":"pt-BR","@id":"https:\/\/www.hometheater.com.br\/portal\/edicao-344-janeiro-2025\/#primaryimage","url":"https:\/\/www.hometheater.com.br\/portal\/wp-content\/uploads\/2025\/01\/capa_ht_344.jpg","contentUrl":"https:\/\/www.hometheater.com.br\/portal\/wp-content\/uploads\/2025\/01\/capa_ht_344.jpg","width":600,"height":805},{"@type":"BreadcrumbList","@id":"https:\/\/www.hometheater.com.br\/portal\/edicao-344-janeiro-2025\/#breadcrumb","itemListElement":[{"@type":"ListItem","position":1,"name":"In\u00edcio","item":"https:\/\/www.hometheater.com.br\/portal\/"},{"@type":"ListItem","position":2,"name":"Assine HT &#038; Casa Digital\u200b","item":"https:\/\/www.hometheater.com.br\/portal\/shop\/"},{"@type":"ListItem","position":3,"name":"Edi\u00e7\u00e3o 344 \u2013 Janeiro\/2025"}]},{"@type":"WebSite","@id":"https:\/\/www.hometheater.com.br\/portal\/#website","url":"https:\/\/www.hometheater.com.br\/portal\/","name":"HT &amp; Casa Digital","description":"O mundo digital em sua casa","publisher":{"@id":"https:\/\/www.hometheater.com.br\/portal\/#organization"},"potentialAction":[{"@type":"SearchAction","target":{"@type":"EntryPoint","urlTemplate":"https:\/\/www.hometheater.com.br\/portal\/?s={search_term_string}"},"query-input":{"@type":"PropertyValueSpecification","valueRequired":true,"valueName":"search_term_string"}}],"inLanguage":"pt-BR"},{"@type":"Organization","@id":"https:\/\/www.hometheater.com.br\/portal\/#organization","name":"Home Theater","url":"https:\/\/www.hometheater.com.br\/portal\/","logo":{"@type":"ImageObject","inLanguage":"pt-BR","@id":"https:\/\/www.hometheater.com.br\/portal\/#\/schema\/logo\/image\/","url":"https:\/\/www.hometheater.com.br\/portal\/wp-content\/uploads\/2022\/06\/assine_ht_01.png","contentUrl":"https:\/\/www.hometheater.com.br\/portal\/wp-content\/uploads\/2022\/06\/assine_ht_01.png","width":800,"height":254,"caption":"Home Theater"},"image":{"@id":"https:\/\/www.hometheater.com.br\/portal\/#\/schema\/logo\/image\/"},"sameAs":["https:\/\/web.facebook.com\/revistahometheater","https:\/\/x.com\/hometheaterbr"]}]}},"_links":{"self":[{"href":"https:\/\/www.hometheater.com.br\/portal\/wp-json\/wp\/v2\/product\/32674","targetHints":{"allow":["GET"]}}],"collection":[{"href":"https:\/\/www.hometheater.com.br\/portal\/wp-json\/wp\/v2\/product"}],"about":[{"href":"https:\/\/www.hometheater.com.br\/portal\/wp-json\/wp\/v2\/types\/product"}],"wp:featuredmedia":[{"embeddable":true,"href":"https:\/\/www.hometheater.com.br\/portal\/wp-json\/wp\/v2\/media\/32675"}],"wp:attachment":[{"href":"https:\/\/www.hometheater.com.br\/portal\/wp-json\/wp\/v2\/media?parent=32674"}],"wp:term":[{"taxonomy":"product_brand","embeddable":true,"href":"https:\/\/www.hometheater.com.br\/portal\/wp-json\/wp\/v2\/product_brand?post=32674"},{"taxonomy":"product_cat","embeddable":true,"href":"https:\/\/www.hometheater.com.br\/portal\/wp-json\/wp\/v2\/product_cat?post=32674"},{"taxonomy":"product_tag","embeddable":true,"href":"https:\/\/www.hometheater.com.br\/portal\/wp-json\/wp\/v2\/product_tag?post=32674"}],"curies":[{"name":"wp","href":"https:\/\/api.w.org\/{rel}","templated":true}]}}