{"id":31960,"date":"2024-10-08T07:37:54","date_gmt":"2024-10-08T10:37:54","guid":{"rendered":"https:\/\/www.hometheater.com.br\/portal\/?post_type=product&#038;p=31960"},"modified":"2024-10-08T07:39:16","modified_gmt":"2024-10-08T10:39:16","slug":"edicao-341-outubro-2024","status":"publish","type":"product","link":"https:\/\/www.hometheater.com.br\/portal\/edicao-341-outubro-2024\/","title":{"rendered":"Edi\u00e7\u00e3o 341 \u2013 Outubro\/2024"},"content":{"rendered":"","protected":false},"excerpt":{"rendered":"<p><em><strong>*<\/strong> Um Guia completo das plataformas smart em cada marca de TV<\/em><\/p>\n<p><em><strong>*<\/strong> Subwoofers: modelos de apenas 8 polegadas, mas com alto impacto<\/em><\/p>\n<p><em><strong>*<\/strong> Como controlar a casa inteira com ajuda da Alexa<\/em><\/p>\n<p><em><strong>*<\/strong> Testamos a excelente TV OLED C4 com Intelig\u00eancia Artificial<\/em><\/p>\n<p><em><strong>*<\/strong> Uma sele\u00e7\u00e3o com os melhores filmes para assistir em Dolby Atmos<\/em><\/p>\n<p><em><strong>*<\/strong> \u00c1udio high-end: a volta das cultuadas caixas Cabasse<\/em><\/p>\n<p><em><strong>*<\/strong> Visitamos uma casa com todas as tecnologias de seguran\u00e7a<\/em><\/p>\n<p><em><strong>*<\/strong> Confira as TVs Hisense de tela grande que j\u00e1 est\u00e3o \u00e0 venda<\/em><\/p>\n","protected":false},"featured_media":31961,"template":"","meta":[],"product_brand":[],"product_cat":[53,48],"product_tag":[],"class_list":{"0":"post-31960","1":"product","2":"type-product","3":"status-publish","4":"has-post-thumbnail","6":"product_cat-edicoes-avulsas","7":"product_cat-edicoes-impressas","9":"first","10":"instock","11":"shipping-taxable","12":"purchasable","13":"product-type-simple"},"yoast_head":"<!-- This site is optimized with the Yoast SEO plugin v25.7 - https:\/\/yoast.com\/wordpress\/plugins\/seo\/ -->\n<title>Edi\u00e7\u00e3o 341 \u2013 Outubro\/2024 - HT &amp; Casa Digital<\/title>\n<meta name=\"robots\" content=\"index, follow, max-snippet:-1, max-image-preview:large, max-video-preview:-1\" \/>\n<link rel=\"canonical\" href=\"https:\/\/www.hometheater.com.br\/portal\/edicao-341-outubro-2024\/\" \/>\n<meta property=\"og:locale\" content=\"pt_BR\" \/>\n<meta property=\"og:type\" content=\"article\" \/>\n<meta property=\"og:title\" content=\"Edi\u00e7\u00e3o 341 \u2013 Outubro\/2024 - HT &amp; Casa Digital\" \/>\n<meta property=\"og:description\" content=\"* Um Guia completo das plataformas smart em cada marca de TV  * Subwoofers: modelos de apenas 8 polegadas, mas com alto impacto  * Como controlar a casa inteira com ajuda da Alexa  * Testamos a excelente TV OLED C4 com Intelig\u00eancia Artificial  * Uma sele\u00e7\u00e3o com os melhores filmes para assistir em Dolby Atmos  * \u00c1udio high-end: a volta das cultuadas caixas Cabasse  * Visitamos uma casa com todas as tecnologias de seguran\u00e7a  * Confira as TVs Hisense de tela grande que j\u00e1 est\u00e3o \u00e0 venda\" \/>\n<meta property=\"og:url\" content=\"https:\/\/www.hometheater.com.br\/portal\/edicao-341-outubro-2024\/\" \/>\n<meta property=\"og:site_name\" content=\"HT &amp; Casa Digital\" \/>\n<meta property=\"article:publisher\" content=\"https:\/\/web.facebook.com\/revistahometheater\" \/>\n<meta property=\"article:modified_time\" content=\"2024-10-08T10:39:16+00:00\" \/>\n<meta property=\"og:image\" content=\"https:\/\/www.hometheater.com.br\/portal\/wp-content\/uploads\/2024\/10\/capa_ht_341.jpg\" \/>\n\t<meta property=\"og:image:width\" content=\"800\" \/>\n\t<meta property=\"og:image:height\" content=\"1073\" \/>\n\t<meta property=\"og:image:type\" content=\"image\/jpeg\" \/>\n<meta name=\"twitter:card\" content=\"summary_large_image\" \/>\n<meta name=\"twitter:site\" content=\"@hometheaterbr\" \/>\n<script type=\"application\/ld+json\" class=\"yoast-schema-graph\">{\"@context\":\"https:\/\/schema.org\",\"@graph\":[{\"@type\":\"WebPage\",\"@id\":\"https:\/\/www.hometheater.com.br\/portal\/edicao-341-outubro-2024\/\",\"url\":\"https:\/\/www.hometheater.com.br\/portal\/edicao-341-outubro-2024\/\",\"name\":\"Edi\u00e7\u00e3o 341 \u2013 Outubro\/2024 - HT &amp; Casa Digital\",\"isPartOf\":{\"@id\":\"https:\/\/www.hometheater.com.br\/portal\/#website\"},\"primaryImageOfPage\":{\"@id\":\"https:\/\/www.hometheater.com.br\/portal\/edicao-341-outubro-2024\/#primaryimage\"},\"image\":{\"@id\":\"https:\/\/www.hometheater.com.br\/portal\/edicao-341-outubro-2024\/#primaryimage\"},\"thumbnailUrl\":\"https:\/\/www.hometheater.com.br\/portal\/wp-content\/uploads\/2024\/10\/capa_ht_341.jpg\",\"datePublished\":\"2024-10-08T10:37:54+00:00\",\"dateModified\":\"2024-10-08T10:39:16+00:00\",\"breadcrumb\":{\"@id\":\"https:\/\/www.hometheater.com.br\/portal\/edicao-341-outubro-2024\/#breadcrumb\"},\"inLanguage\":\"pt-BR\",\"potentialAction\":[{\"@type\":\"ReadAction\",\"target\":[\"https:\/\/www.hometheater.com.br\/portal\/edicao-341-outubro-2024\/\"]}]},{\"@type\":\"ImageObject\",\"inLanguage\":\"pt-BR\",\"@id\":\"https:\/\/www.hometheater.com.br\/portal\/edicao-341-outubro-2024\/#primaryimage\",\"url\":\"https:\/\/www.hometheater.com.br\/portal\/wp-content\/uploads\/2024\/10\/capa_ht_341.jpg\",\"contentUrl\":\"https:\/\/www.hometheater.com.br\/portal\/wp-content\/uploads\/2024\/10\/capa_ht_341.jpg\",\"width\":800,\"height\":1073},{\"@type\":\"BreadcrumbList\",\"@id\":\"https:\/\/www.hometheater.com.br\/portal\/edicao-341-outubro-2024\/#breadcrumb\",\"itemListElement\":[{\"@type\":\"ListItem\",\"position\":1,\"name\":\"In\u00edcio\",\"item\":\"https:\/\/www.hometheater.com.br\/portal\/\"},{\"@type\":\"ListItem\",\"position\":2,\"name\":\"Assine HT &#038; Casa Digital\u200b\",\"item\":\"https:\/\/www.hometheater.com.br\/portal\/shop\/\"},{\"@type\":\"ListItem\",\"position\":3,\"name\":\"Edi\u00e7\u00e3o 341 \u2013 Outubro\/2024\"}]},{\"@type\":\"WebSite\",\"@id\":\"https:\/\/www.hometheater.com.br\/portal\/#website\",\"url\":\"https:\/\/www.hometheater.com.br\/portal\/\",\"name\":\"HT &amp; Casa Digital\",\"description\":\"O mundo digital em sua casa\",\"publisher\":{\"@id\":\"https:\/\/www.hometheater.com.br\/portal\/#organization\"},\"potentialAction\":[{\"@type\":\"SearchAction\",\"target\":{\"@type\":\"EntryPoint\",\"urlTemplate\":\"https:\/\/www.hometheater.com.br\/portal\/?s={search_term_string}\"},\"query-input\":{\"@type\":\"PropertyValueSpecification\",\"valueRequired\":true,\"valueName\":\"search_term_string\"}}],\"inLanguage\":\"pt-BR\"},{\"@type\":\"Organization\",\"@id\":\"https:\/\/www.hometheater.com.br\/portal\/#organization\",\"name\":\"Home Theater\",\"url\":\"https:\/\/www.hometheater.com.br\/portal\/\",\"logo\":{\"@type\":\"ImageObject\",\"inLanguage\":\"pt-BR\",\"@id\":\"https:\/\/www.hometheater.com.br\/portal\/#\/schema\/logo\/image\/\",\"url\":\"https:\/\/www.hometheater.com.br\/portal\/wp-content\/uploads\/2022\/06\/assine_ht_01.png\",\"contentUrl\":\"https:\/\/www.hometheater.com.br\/portal\/wp-content\/uploads\/2022\/06\/assine_ht_01.png\",\"width\":800,\"height\":254,\"caption\":\"Home Theater\"},\"image\":{\"@id\":\"https:\/\/www.hometheater.com.br\/portal\/#\/schema\/logo\/image\/\"},\"sameAs\":[\"https:\/\/web.facebook.com\/revistahometheater\",\"https:\/\/x.com\/hometheaterbr\"]}]}<\/script>\n<!-- \/ Yoast SEO plugin. -->","yoast_head_json":{"title":"Edi\u00e7\u00e3o 341 \u2013 Outubro\/2024 - HT &amp; Casa Digital","robots":{"index":"index","follow":"follow","max-snippet":"max-snippet:-1","max-image-preview":"max-image-preview:large","max-video-preview":"max-video-preview:-1"},"canonical":"https:\/\/www.hometheater.com.br\/portal\/edicao-341-outubro-2024\/","og_locale":"pt_BR","og_type":"article","og_title":"Edi\u00e7\u00e3o 341 \u2013 Outubro\/2024 - HT &amp; Casa Digital","og_description":"* Um Guia completo das plataformas smart em cada marca de TV  * Subwoofers: modelos de apenas 8 polegadas, mas com alto impacto  * Como controlar a casa inteira com ajuda da Alexa  * Testamos a excelente TV OLED C4 com Intelig\u00eancia Artificial  * Uma sele\u00e7\u00e3o com os melhores filmes para assistir em Dolby Atmos  * \u00c1udio high-end: a volta das cultuadas caixas Cabasse  * Visitamos uma casa com todas as tecnologias de seguran\u00e7a  * Confira as TVs Hisense de tela grande que j\u00e1 est\u00e3o \u00e0 venda","og_url":"https:\/\/www.hometheater.com.br\/portal\/edicao-341-outubro-2024\/","og_site_name":"HT &amp; Casa Digital","article_publisher":"https:\/\/web.facebook.com\/revistahometheater","article_modified_time":"2024-10-08T10:39:16+00:00","og_image":[{"width":800,"height":1073,"url":"https:\/\/www.hometheater.com.br\/portal\/wp-content\/uploads\/2024\/10\/capa_ht_341.jpg","type":"image\/jpeg"}],"twitter_card":"summary_large_image","twitter_site":"@hometheaterbr","schema":{"@context":"https:\/\/schema.org","@graph":[{"@type":"WebPage","@id":"https:\/\/www.hometheater.com.br\/portal\/edicao-341-outubro-2024\/","url":"https:\/\/www.hometheater.com.br\/portal\/edicao-341-outubro-2024\/","name":"Edi\u00e7\u00e3o 341 \u2013 Outubro\/2024 - HT &amp; Casa Digital","isPartOf":{"@id":"https:\/\/www.hometheater.com.br\/portal\/#website"},"primaryImageOfPage":{"@id":"https:\/\/www.hometheater.com.br\/portal\/edicao-341-outubro-2024\/#primaryimage"},"image":{"@id":"https:\/\/www.hometheater.com.br\/portal\/edicao-341-outubro-2024\/#primaryimage"},"thumbnailUrl":"https:\/\/www.hometheater.com.br\/portal\/wp-content\/uploads\/2024\/10\/capa_ht_341.jpg","datePublished":"2024-10-08T10:37:54+00:00","dateModified":"2024-10-08T10:39:16+00:00","breadcrumb":{"@id":"https:\/\/www.hometheater.com.br\/portal\/edicao-341-outubro-2024\/#breadcrumb"},"inLanguage":"pt-BR","potentialAction":[{"@type":"ReadAction","target":["https:\/\/www.hometheater.com.br\/portal\/edicao-341-outubro-2024\/"]}]},{"@type":"ImageObject","inLanguage":"pt-BR","@id":"https:\/\/www.hometheater.com.br\/portal\/edicao-341-outubro-2024\/#primaryimage","url":"https:\/\/www.hometheater.com.br\/portal\/wp-content\/uploads\/2024\/10\/capa_ht_341.jpg","contentUrl":"https:\/\/www.hometheater.com.br\/portal\/wp-content\/uploads\/2024\/10\/capa_ht_341.jpg","width":800,"height":1073},{"@type":"BreadcrumbList","@id":"https:\/\/www.hometheater.com.br\/portal\/edicao-341-outubro-2024\/#breadcrumb","itemListElement":[{"@type":"ListItem","position":1,"name":"In\u00edcio","item":"https:\/\/www.hometheater.com.br\/portal\/"},{"@type":"ListItem","position":2,"name":"Assine HT &#038; Casa Digital\u200b","item":"https:\/\/www.hometheater.com.br\/portal\/shop\/"},{"@type":"ListItem","position":3,"name":"Edi\u00e7\u00e3o 341 \u2013 Outubro\/2024"}]},{"@type":"WebSite","@id":"https:\/\/www.hometheater.com.br\/portal\/#website","url":"https:\/\/www.hometheater.com.br\/portal\/","name":"HT &amp; Casa Digital","description":"O mundo digital em sua casa","publisher":{"@id":"https:\/\/www.hometheater.com.br\/portal\/#organization"},"potentialAction":[{"@type":"SearchAction","target":{"@type":"EntryPoint","urlTemplate":"https:\/\/www.hometheater.com.br\/portal\/?s={search_term_string}"},"query-input":{"@type":"PropertyValueSpecification","valueRequired":true,"valueName":"search_term_string"}}],"inLanguage":"pt-BR"},{"@type":"Organization","@id":"https:\/\/www.hometheater.com.br\/portal\/#organization","name":"Home Theater","url":"https:\/\/www.hometheater.com.br\/portal\/","logo":{"@type":"ImageObject","inLanguage":"pt-BR","@id":"https:\/\/www.hometheater.com.br\/portal\/#\/schema\/logo\/image\/","url":"https:\/\/www.hometheater.com.br\/portal\/wp-content\/uploads\/2022\/06\/assine_ht_01.png","contentUrl":"https:\/\/www.hometheater.com.br\/portal\/wp-content\/uploads\/2022\/06\/assine_ht_01.png","width":800,"height":254,"caption":"Home Theater"},"image":{"@id":"https:\/\/www.hometheater.com.br\/portal\/#\/schema\/logo\/image\/"},"sameAs":["https:\/\/web.facebook.com\/revistahometheater","https:\/\/x.com\/hometheaterbr"]}]}},"_links":{"self":[{"href":"https:\/\/www.hometheater.com.br\/portal\/wp-json\/wp\/v2\/product\/31960","targetHints":{"allow":["GET"]}}],"collection":[{"href":"https:\/\/www.hometheater.com.br\/portal\/wp-json\/wp\/v2\/product"}],"about":[{"href":"https:\/\/www.hometheater.com.br\/portal\/wp-json\/wp\/v2\/types\/product"}],"wp:featuredmedia":[{"embeddable":true,"href":"https:\/\/www.hometheater.com.br\/portal\/wp-json\/wp\/v2\/media\/31961"}],"wp:attachment":[{"href":"https:\/\/www.hometheater.com.br\/portal\/wp-json\/wp\/v2\/media?parent=31960"}],"wp:term":[{"taxonomy":"product_brand","embeddable":true,"href":"https:\/\/www.hometheater.com.br\/portal\/wp-json\/wp\/v2\/product_brand?post=31960"},{"taxonomy":"product_cat","embeddable":true,"href":"https:\/\/www.hometheater.com.br\/portal\/wp-json\/wp\/v2\/product_cat?post=31960"},{"taxonomy":"product_tag","embeddable":true,"href":"https:\/\/www.hometheater.com.br\/portal\/wp-json\/wp\/v2\/product_tag?post=31960"}],"curies":[{"name":"wp","href":"https:\/\/api.w.org\/{rel}","templated":true}]}}