{"id":30834,"date":"2024-04-04T07:30:01","date_gmt":"2024-04-04T10:30:01","guid":{"rendered":"https:\/\/www.hometheater.com.br\/portal\/?post_type=product&#038;p=30834"},"modified":"2024-04-04T07:30:01","modified_gmt":"2024-04-04T10:30:01","slug":"edicao-335-abril-2024","status":"publish","type":"product","link":"https:\/\/www.hometheater.com.br\/portal\/edicao-335-abril-2024\/","title":{"rendered":"Edi\u00e7\u00e3o 335 \u2013 Abril\/2024"},"content":{"rendered":"","protected":false},"excerpt":{"rendered":"<p><em><strong>*<\/strong> No escurinho do minicinema: um roteiro para voc\u00ea ter o seu<\/em><\/p>\n<p><em><strong>*<\/strong> Mostramos os benef\u00edcios (e tamb\u00e9m os riscos) das TVs 8K<\/em><\/p>\n<p><em><strong>*<\/strong> Como escolher, instalar e parear caixas ac\u00fasticas sem fio<\/em><\/p>\n<p><em><strong>*<\/strong> Dicas pr\u00e1ticas para economizar energia de forma inteligente<\/em><\/p>\n<p><em><strong>*<\/strong> J\u00e1 testamos as novas caixas B&amp;W 600 S3: confira<\/em><\/p>\n<p><em>* Projetor para home theater Barco Bragi, com recursos profissionais<\/em><\/p>\n<p><em>* Lan\u00e7amento: toca-discos de vinil JBL que tamb\u00e9m faz streaming<\/em><\/p>\n<p><em>* Descobrimos um apartamento todo baseado em \u00e1udio Bluetooth<\/em><\/p>\n<p><em>* Chegaram os amplificadores high-end da canadense Simaudio<\/em><\/p>\n","protected":false},"featured_media":30835,"template":"","meta":[],"product_brand":[],"product_cat":[53],"product_tag":[],"class_list":{"0":"post-30834","1":"product","2":"type-product","3":"status-publish","4":"has-post-thumbnail","6":"product_cat-edicoes-avulsas","8":"first","9":"instock","10":"shipping-taxable","11":"purchasable","12":"product-type-simple"},"yoast_head":"<!-- This site is optimized with the Yoast SEO plugin v25.7 - https:\/\/yoast.com\/wordpress\/plugins\/seo\/ -->\n<title>Edi\u00e7\u00e3o 335 \u2013 Abril\/2024 - HT &amp; Casa Digital<\/title>\n<meta name=\"robots\" content=\"index, follow, max-snippet:-1, max-image-preview:large, max-video-preview:-1\" \/>\n<link rel=\"canonical\" href=\"https:\/\/www.hometheater.com.br\/portal\/edicao-335-abril-2024\/\" \/>\n<meta property=\"og:locale\" content=\"pt_BR\" \/>\n<meta property=\"og:type\" content=\"article\" \/>\n<meta property=\"og:title\" content=\"Edi\u00e7\u00e3o 335 \u2013 Abril\/2024 - HT &amp; Casa Digital\" \/>\n<meta property=\"og:description\" content=\"* No escurinho do minicinema: um roteiro para voc\u00ea ter o seu  * Mostramos os benef\u00edcios (e tamb\u00e9m os riscos) das TVs 8K  * Como escolher, instalar e parear caixas ac\u00fasticas sem fio  * Dicas pr\u00e1ticas para economizar energia de forma inteligente  * J\u00e1 testamos as novas caixas B&amp;W 600 S3: confira  * Projetor para home theater Barco Bragi, com recursos profissionais  * Lan\u00e7amento: toca-discos de vinil JBL que tamb\u00e9m faz streaming  * Descobrimos um apartamento todo baseado em \u00e1udio Bluetooth  * Chegaram os amplificadores high-end da canadense Simaudio\" \/>\n<meta property=\"og:url\" content=\"https:\/\/www.hometheater.com.br\/portal\/edicao-335-abril-2024\/\" \/>\n<meta property=\"og:site_name\" content=\"HT &amp; Casa Digital\" \/>\n<meta property=\"article:publisher\" content=\"https:\/\/web.facebook.com\/revistahometheater\" \/>\n<meta property=\"og:image\" content=\"https:\/\/www.hometheater.com.br\/portal\/wp-content\/uploads\/2024\/04\/ht_335.jpg\" \/>\n\t<meta property=\"og:image:width\" content=\"800\" \/>\n\t<meta property=\"og:image:height\" content=\"1061\" \/>\n\t<meta property=\"og:image:type\" content=\"image\/jpeg\" \/>\n<meta name=\"twitter:card\" content=\"summary_large_image\" \/>\n<meta name=\"twitter:site\" content=\"@hometheaterbr\" \/>\n<script type=\"application\/ld+json\" class=\"yoast-schema-graph\">{\"@context\":\"https:\/\/schema.org\",\"@graph\":[{\"@type\":\"WebPage\",\"@id\":\"https:\/\/www.hometheater.com.br\/portal\/edicao-335-abril-2024\/\",\"url\":\"https:\/\/www.hometheater.com.br\/portal\/edicao-335-abril-2024\/\",\"name\":\"Edi\u00e7\u00e3o 335 \u2013 Abril\/2024 - HT &amp; Casa Digital\",\"isPartOf\":{\"@id\":\"https:\/\/www.hometheater.com.br\/portal\/#website\"},\"primaryImageOfPage\":{\"@id\":\"https:\/\/www.hometheater.com.br\/portal\/edicao-335-abril-2024\/#primaryimage\"},\"image\":{\"@id\":\"https:\/\/www.hometheater.com.br\/portal\/edicao-335-abril-2024\/#primaryimage\"},\"thumbnailUrl\":\"https:\/\/www.hometheater.com.br\/portal\/wp-content\/uploads\/2024\/04\/ht_335.jpg\",\"datePublished\":\"2024-04-04T10:30:01+00:00\",\"breadcrumb\":{\"@id\":\"https:\/\/www.hometheater.com.br\/portal\/edicao-335-abril-2024\/#breadcrumb\"},\"inLanguage\":\"pt-BR\",\"potentialAction\":[{\"@type\":\"ReadAction\",\"target\":[\"https:\/\/www.hometheater.com.br\/portal\/edicao-335-abril-2024\/\"]}]},{\"@type\":\"ImageObject\",\"inLanguage\":\"pt-BR\",\"@id\":\"https:\/\/www.hometheater.com.br\/portal\/edicao-335-abril-2024\/#primaryimage\",\"url\":\"https:\/\/www.hometheater.com.br\/portal\/wp-content\/uploads\/2024\/04\/ht_335.jpg\",\"contentUrl\":\"https:\/\/www.hometheater.com.br\/portal\/wp-content\/uploads\/2024\/04\/ht_335.jpg\",\"width\":800,\"height\":1061},{\"@type\":\"BreadcrumbList\",\"@id\":\"https:\/\/www.hometheater.com.br\/portal\/edicao-335-abril-2024\/#breadcrumb\",\"itemListElement\":[{\"@type\":\"ListItem\",\"position\":1,\"name\":\"In\u00edcio\",\"item\":\"https:\/\/www.hometheater.com.br\/portal\/\"},{\"@type\":\"ListItem\",\"position\":2,\"name\":\"Assine HT &#038; Casa Digital\u200b\",\"item\":\"https:\/\/www.hometheater.com.br\/portal\/shop\/\"},{\"@type\":\"ListItem\",\"position\":3,\"name\":\"Edi\u00e7\u00e3o 335 \u2013 Abril\/2024\"}]},{\"@type\":\"WebSite\",\"@id\":\"https:\/\/www.hometheater.com.br\/portal\/#website\",\"url\":\"https:\/\/www.hometheater.com.br\/portal\/\",\"name\":\"HT &amp; Casa Digital\",\"description\":\"O mundo digital em sua casa\",\"publisher\":{\"@id\":\"https:\/\/www.hometheater.com.br\/portal\/#organization\"},\"potentialAction\":[{\"@type\":\"SearchAction\",\"target\":{\"@type\":\"EntryPoint\",\"urlTemplate\":\"https:\/\/www.hometheater.com.br\/portal\/?s={search_term_string}\"},\"query-input\":{\"@type\":\"PropertyValueSpecification\",\"valueRequired\":true,\"valueName\":\"search_term_string\"}}],\"inLanguage\":\"pt-BR\"},{\"@type\":\"Organization\",\"@id\":\"https:\/\/www.hometheater.com.br\/portal\/#organization\",\"name\":\"Home Theater\",\"url\":\"https:\/\/www.hometheater.com.br\/portal\/\",\"logo\":{\"@type\":\"ImageObject\",\"inLanguage\":\"pt-BR\",\"@id\":\"https:\/\/www.hometheater.com.br\/portal\/#\/schema\/logo\/image\/\",\"url\":\"https:\/\/www.hometheater.com.br\/portal\/wp-content\/uploads\/2022\/06\/assine_ht_01.png\",\"contentUrl\":\"https:\/\/www.hometheater.com.br\/portal\/wp-content\/uploads\/2022\/06\/assine_ht_01.png\",\"width\":800,\"height\":254,\"caption\":\"Home Theater\"},\"image\":{\"@id\":\"https:\/\/www.hometheater.com.br\/portal\/#\/schema\/logo\/image\/\"},\"sameAs\":[\"https:\/\/web.facebook.com\/revistahometheater\",\"https:\/\/x.com\/hometheaterbr\"]}]}<\/script>\n<!-- \/ Yoast SEO plugin. -->","yoast_head_json":{"title":"Edi\u00e7\u00e3o 335 \u2013 Abril\/2024 - HT &amp; Casa Digital","robots":{"index":"index","follow":"follow","max-snippet":"max-snippet:-1","max-image-preview":"max-image-preview:large","max-video-preview":"max-video-preview:-1"},"canonical":"https:\/\/www.hometheater.com.br\/portal\/edicao-335-abril-2024\/","og_locale":"pt_BR","og_type":"article","og_title":"Edi\u00e7\u00e3o 335 \u2013 Abril\/2024 - HT &amp; Casa Digital","og_description":"* No escurinho do minicinema: um roteiro para voc\u00ea ter o seu  * Mostramos os benef\u00edcios (e tamb\u00e9m os riscos) das TVs 8K  * Como escolher, instalar e parear caixas ac\u00fasticas sem fio  * Dicas pr\u00e1ticas para economizar energia de forma inteligente  * J\u00e1 testamos as novas caixas B&amp;W 600 S3: confira  * Projetor para home theater Barco Bragi, com recursos profissionais  * Lan\u00e7amento: toca-discos de vinil JBL que tamb\u00e9m faz streaming  * Descobrimos um apartamento todo baseado em \u00e1udio Bluetooth  * Chegaram os amplificadores high-end da canadense Simaudio","og_url":"https:\/\/www.hometheater.com.br\/portal\/edicao-335-abril-2024\/","og_site_name":"HT &amp; Casa Digital","article_publisher":"https:\/\/web.facebook.com\/revistahometheater","og_image":[{"width":800,"height":1061,"url":"https:\/\/www.hometheater.com.br\/portal\/wp-content\/uploads\/2024\/04\/ht_335.jpg","type":"image\/jpeg"}],"twitter_card":"summary_large_image","twitter_site":"@hometheaterbr","schema":{"@context":"https:\/\/schema.org","@graph":[{"@type":"WebPage","@id":"https:\/\/www.hometheater.com.br\/portal\/edicao-335-abril-2024\/","url":"https:\/\/www.hometheater.com.br\/portal\/edicao-335-abril-2024\/","name":"Edi\u00e7\u00e3o 335 \u2013 Abril\/2024 - HT &amp; Casa Digital","isPartOf":{"@id":"https:\/\/www.hometheater.com.br\/portal\/#website"},"primaryImageOfPage":{"@id":"https:\/\/www.hometheater.com.br\/portal\/edicao-335-abril-2024\/#primaryimage"},"image":{"@id":"https:\/\/www.hometheater.com.br\/portal\/edicao-335-abril-2024\/#primaryimage"},"thumbnailUrl":"https:\/\/www.hometheater.com.br\/portal\/wp-content\/uploads\/2024\/04\/ht_335.jpg","datePublished":"2024-04-04T10:30:01+00:00","breadcrumb":{"@id":"https:\/\/www.hometheater.com.br\/portal\/edicao-335-abril-2024\/#breadcrumb"},"inLanguage":"pt-BR","potentialAction":[{"@type":"ReadAction","target":["https:\/\/www.hometheater.com.br\/portal\/edicao-335-abril-2024\/"]}]},{"@type":"ImageObject","inLanguage":"pt-BR","@id":"https:\/\/www.hometheater.com.br\/portal\/edicao-335-abril-2024\/#primaryimage","url":"https:\/\/www.hometheater.com.br\/portal\/wp-content\/uploads\/2024\/04\/ht_335.jpg","contentUrl":"https:\/\/www.hometheater.com.br\/portal\/wp-content\/uploads\/2024\/04\/ht_335.jpg","width":800,"height":1061},{"@type":"BreadcrumbList","@id":"https:\/\/www.hometheater.com.br\/portal\/edicao-335-abril-2024\/#breadcrumb","itemListElement":[{"@type":"ListItem","position":1,"name":"In\u00edcio","item":"https:\/\/www.hometheater.com.br\/portal\/"},{"@type":"ListItem","position":2,"name":"Assine HT &#038; Casa Digital\u200b","item":"https:\/\/www.hometheater.com.br\/portal\/shop\/"},{"@type":"ListItem","position":3,"name":"Edi\u00e7\u00e3o 335 \u2013 Abril\/2024"}]},{"@type":"WebSite","@id":"https:\/\/www.hometheater.com.br\/portal\/#website","url":"https:\/\/www.hometheater.com.br\/portal\/","name":"HT &amp; Casa Digital","description":"O mundo digital em sua casa","publisher":{"@id":"https:\/\/www.hometheater.com.br\/portal\/#organization"},"potentialAction":[{"@type":"SearchAction","target":{"@type":"EntryPoint","urlTemplate":"https:\/\/www.hometheater.com.br\/portal\/?s={search_term_string}"},"query-input":{"@type":"PropertyValueSpecification","valueRequired":true,"valueName":"search_term_string"}}],"inLanguage":"pt-BR"},{"@type":"Organization","@id":"https:\/\/www.hometheater.com.br\/portal\/#organization","name":"Home Theater","url":"https:\/\/www.hometheater.com.br\/portal\/","logo":{"@type":"ImageObject","inLanguage":"pt-BR","@id":"https:\/\/www.hometheater.com.br\/portal\/#\/schema\/logo\/image\/","url":"https:\/\/www.hometheater.com.br\/portal\/wp-content\/uploads\/2022\/06\/assine_ht_01.png","contentUrl":"https:\/\/www.hometheater.com.br\/portal\/wp-content\/uploads\/2022\/06\/assine_ht_01.png","width":800,"height":254,"caption":"Home Theater"},"image":{"@id":"https:\/\/www.hometheater.com.br\/portal\/#\/schema\/logo\/image\/"},"sameAs":["https:\/\/web.facebook.com\/revistahometheater","https:\/\/x.com\/hometheaterbr"]}]}},"_links":{"self":[{"href":"https:\/\/www.hometheater.com.br\/portal\/wp-json\/wp\/v2\/product\/30834","targetHints":{"allow":["GET"]}}],"collection":[{"href":"https:\/\/www.hometheater.com.br\/portal\/wp-json\/wp\/v2\/product"}],"about":[{"href":"https:\/\/www.hometheater.com.br\/portal\/wp-json\/wp\/v2\/types\/product"}],"wp:featuredmedia":[{"embeddable":true,"href":"https:\/\/www.hometheater.com.br\/portal\/wp-json\/wp\/v2\/media\/30835"}],"wp:attachment":[{"href":"https:\/\/www.hometheater.com.br\/portal\/wp-json\/wp\/v2\/media?parent=30834"}],"wp:term":[{"taxonomy":"product_brand","embeddable":true,"href":"https:\/\/www.hometheater.com.br\/portal\/wp-json\/wp\/v2\/product_brand?post=30834"},{"taxonomy":"product_cat","embeddable":true,"href":"https:\/\/www.hometheater.com.br\/portal\/wp-json\/wp\/v2\/product_cat?post=30834"},{"taxonomy":"product_tag","embeddable":true,"href":"https:\/\/www.hometheater.com.br\/portal\/wp-json\/wp\/v2\/product_tag?post=30834"}],"curies":[{"name":"wp","href":"https:\/\/api.w.org\/{rel}","templated":true}]}}