{"id":29922,"date":"2024-01-11T11:09:48","date_gmt":"2024-01-11T14:09:48","guid":{"rendered":"https:\/\/www.hometheater.com.br\/portal\/?post_type=product&#038;p=29922"},"modified":"2024-01-11T11:19:06","modified_gmt":"2024-01-11T14:19:06","slug":"edicao-332-janeiro-2024","status":"publish","type":"product","link":"https:\/\/www.hometheater.com.br\/portal\/edicao-332-janeiro-2024\/","title":{"rendered":"Edi\u00e7\u00e3o 332 &#8211; Janeiro\/2024"},"content":{"rendered":"","protected":false},"excerpt":{"rendered":"<p><strong>CONFIRA NA EDI\u00c7\u00c3O DE JANEIRO:<\/strong><\/p>\n<p><strong><em>* Sele\u00e7\u00e3o dos produtos mais inovadores do ano<\/em><\/strong><\/p>\n<p><strong><em>* 8 ideias criativas para montar seu projeto<\/em><\/strong><\/p>\n<p><strong><em>* Por que a caixa central \u00e9 t\u00e3o importante no home theater<\/em><\/strong><\/p>\n<p><strong><em>* Testamos a TV TCL QD-MiniLED de 65 polegadas<\/em><\/strong><\/p>\n<p><strong><em>* Como proteger a rede da sua casa contra invas\u00f5es<\/em><\/strong><\/p>\n<p><strong><em>* Conhe\u00e7a um mini-cinema com ilumina\u00e7\u00e3o por fibra \u00f3ptica<\/em><\/strong><\/p>\n","protected":false},"featured_media":29923,"template":"","meta":[],"product_brand":[],"product_cat":[53],"product_tag":[],"class_list":{"0":"post-29922","1":"product","2":"type-product","3":"status-publish","4":"has-post-thumbnail","6":"product_cat-edicoes-avulsas","8":"first","9":"instock","10":"shipping-taxable","11":"purchasable","12":"product-type-simple"},"yoast_head":"<!-- This site is optimized with the Yoast SEO plugin v25.7 - https:\/\/yoast.com\/wordpress\/plugins\/seo\/ -->\n<title>Edi\u00e7\u00e3o 332 - Janeiro\/2024 - HT &amp; Casa Digital<\/title>\n<meta name=\"robots\" content=\"index, follow, max-snippet:-1, max-image-preview:large, max-video-preview:-1\" \/>\n<link rel=\"canonical\" href=\"https:\/\/www.hometheater.com.br\/portal\/edicao-332-janeiro-2024\/\" \/>\n<meta property=\"og:locale\" content=\"pt_BR\" \/>\n<meta property=\"og:type\" content=\"article\" \/>\n<meta property=\"og:title\" content=\"Edi\u00e7\u00e3o 332 - Janeiro\/2024 - HT &amp; Casa Digital\" \/>\n<meta property=\"og:description\" content=\"CONFIRA NA EDI\u00c7\u00c3O DE JANEIRO:  * Sele\u00e7\u00e3o dos produtos mais inovadores do ano  * 8 ideias criativas para montar seu projeto  * Por que a caixa central \u00e9 t\u00e3o importante no home theater  * Testamos a TV TCL QD-MiniLED de 65 polegadas  * Como proteger a rede da sua casa contra invas\u00f5es  * Conhe\u00e7a um mini-cinema com ilumina\u00e7\u00e3o por fibra \u00f3ptica\" \/>\n<meta property=\"og:url\" content=\"https:\/\/www.hometheater.com.br\/portal\/edicao-332-janeiro-2024\/\" \/>\n<meta property=\"og:site_name\" content=\"HT &amp; Casa Digital\" \/>\n<meta property=\"article:publisher\" content=\"https:\/\/web.facebook.com\/revistahometheater\" \/>\n<meta property=\"article:modified_time\" content=\"2024-01-11T14:19:06+00:00\" \/>\n<meta property=\"og:image\" content=\"https:\/\/www.hometheater.com.br\/portal\/wp-content\/uploads\/2024\/01\/ht_332.jpg\" \/>\n\t<meta property=\"og:image:width\" content=\"800\" \/>\n\t<meta property=\"og:image:height\" content=\"1074\" \/>\n\t<meta property=\"og:image:type\" content=\"image\/jpeg\" \/>\n<meta name=\"twitter:card\" content=\"summary_large_image\" \/>\n<meta name=\"twitter:site\" content=\"@hometheaterbr\" \/>\n<script type=\"application\/ld+json\" class=\"yoast-schema-graph\">{\"@context\":\"https:\/\/schema.org\",\"@graph\":[{\"@type\":\"WebPage\",\"@id\":\"https:\/\/www.hometheater.com.br\/portal\/edicao-332-janeiro-2024\/\",\"url\":\"https:\/\/www.hometheater.com.br\/portal\/edicao-332-janeiro-2024\/\",\"name\":\"Edi\u00e7\u00e3o 332 - Janeiro\/2024 - HT &amp; Casa Digital\",\"isPartOf\":{\"@id\":\"https:\/\/www.hometheater.com.br\/portal\/#website\"},\"primaryImageOfPage\":{\"@id\":\"https:\/\/www.hometheater.com.br\/portal\/edicao-332-janeiro-2024\/#primaryimage\"},\"image\":{\"@id\":\"https:\/\/www.hometheater.com.br\/portal\/edicao-332-janeiro-2024\/#primaryimage\"},\"thumbnailUrl\":\"https:\/\/www.hometheater.com.br\/portal\/wp-content\/uploads\/2024\/01\/ht_332.jpg\",\"datePublished\":\"2024-01-11T14:09:48+00:00\",\"dateModified\":\"2024-01-11T14:19:06+00:00\",\"breadcrumb\":{\"@id\":\"https:\/\/www.hometheater.com.br\/portal\/edicao-332-janeiro-2024\/#breadcrumb\"},\"inLanguage\":\"pt-BR\",\"potentialAction\":[{\"@type\":\"ReadAction\",\"target\":[\"https:\/\/www.hometheater.com.br\/portal\/edicao-332-janeiro-2024\/\"]}]},{\"@type\":\"ImageObject\",\"inLanguage\":\"pt-BR\",\"@id\":\"https:\/\/www.hometheater.com.br\/portal\/edicao-332-janeiro-2024\/#primaryimage\",\"url\":\"https:\/\/www.hometheater.com.br\/portal\/wp-content\/uploads\/2024\/01\/ht_332.jpg\",\"contentUrl\":\"https:\/\/www.hometheater.com.br\/portal\/wp-content\/uploads\/2024\/01\/ht_332.jpg\",\"width\":800,\"height\":1074},{\"@type\":\"BreadcrumbList\",\"@id\":\"https:\/\/www.hometheater.com.br\/portal\/edicao-332-janeiro-2024\/#breadcrumb\",\"itemListElement\":[{\"@type\":\"ListItem\",\"position\":1,\"name\":\"In\u00edcio\",\"item\":\"https:\/\/www.hometheater.com.br\/portal\/\"},{\"@type\":\"ListItem\",\"position\":2,\"name\":\"Assine HT &#038; Casa Digital\u200b\",\"item\":\"https:\/\/www.hometheater.com.br\/portal\/shop\/\"},{\"@type\":\"ListItem\",\"position\":3,\"name\":\"Edi\u00e7\u00e3o 332 &#8211; Janeiro\/2024\"}]},{\"@type\":\"WebSite\",\"@id\":\"https:\/\/www.hometheater.com.br\/portal\/#website\",\"url\":\"https:\/\/www.hometheater.com.br\/portal\/\",\"name\":\"HT &amp; Casa Digital\",\"description\":\"O mundo digital em sua casa\",\"publisher\":{\"@id\":\"https:\/\/www.hometheater.com.br\/portal\/#organization\"},\"potentialAction\":[{\"@type\":\"SearchAction\",\"target\":{\"@type\":\"EntryPoint\",\"urlTemplate\":\"https:\/\/www.hometheater.com.br\/portal\/?s={search_term_string}\"},\"query-input\":{\"@type\":\"PropertyValueSpecification\",\"valueRequired\":true,\"valueName\":\"search_term_string\"}}],\"inLanguage\":\"pt-BR\"},{\"@type\":\"Organization\",\"@id\":\"https:\/\/www.hometheater.com.br\/portal\/#organization\",\"name\":\"Home Theater\",\"url\":\"https:\/\/www.hometheater.com.br\/portal\/\",\"logo\":{\"@type\":\"ImageObject\",\"inLanguage\":\"pt-BR\",\"@id\":\"https:\/\/www.hometheater.com.br\/portal\/#\/schema\/logo\/image\/\",\"url\":\"https:\/\/www.hometheater.com.br\/portal\/wp-content\/uploads\/2022\/06\/assine_ht_01.png\",\"contentUrl\":\"https:\/\/www.hometheater.com.br\/portal\/wp-content\/uploads\/2022\/06\/assine_ht_01.png\",\"width\":800,\"height\":254,\"caption\":\"Home Theater\"},\"image\":{\"@id\":\"https:\/\/www.hometheater.com.br\/portal\/#\/schema\/logo\/image\/\"},\"sameAs\":[\"https:\/\/web.facebook.com\/revistahometheater\",\"https:\/\/x.com\/hometheaterbr\"]}]}<\/script>\n<!-- \/ Yoast SEO plugin. -->","yoast_head_json":{"title":"Edi\u00e7\u00e3o 332 - Janeiro\/2024 - HT &amp; Casa Digital","robots":{"index":"index","follow":"follow","max-snippet":"max-snippet:-1","max-image-preview":"max-image-preview:large","max-video-preview":"max-video-preview:-1"},"canonical":"https:\/\/www.hometheater.com.br\/portal\/edicao-332-janeiro-2024\/","og_locale":"pt_BR","og_type":"article","og_title":"Edi\u00e7\u00e3o 332 - Janeiro\/2024 - HT &amp; Casa Digital","og_description":"CONFIRA NA EDI\u00c7\u00c3O DE JANEIRO:  * Sele\u00e7\u00e3o dos produtos mais inovadores do ano  * 8 ideias criativas para montar seu projeto  * Por que a caixa central \u00e9 t\u00e3o importante no home theater  * Testamos a TV TCL QD-MiniLED de 65 polegadas  * Como proteger a rede da sua casa contra invas\u00f5es  * Conhe\u00e7a um mini-cinema com ilumina\u00e7\u00e3o por fibra \u00f3ptica","og_url":"https:\/\/www.hometheater.com.br\/portal\/edicao-332-janeiro-2024\/","og_site_name":"HT &amp; Casa Digital","article_publisher":"https:\/\/web.facebook.com\/revistahometheater","article_modified_time":"2024-01-11T14:19:06+00:00","og_image":[{"width":800,"height":1074,"url":"https:\/\/www.hometheater.com.br\/portal\/wp-content\/uploads\/2024\/01\/ht_332.jpg","type":"image\/jpeg"}],"twitter_card":"summary_large_image","twitter_site":"@hometheaterbr","schema":{"@context":"https:\/\/schema.org","@graph":[{"@type":"WebPage","@id":"https:\/\/www.hometheater.com.br\/portal\/edicao-332-janeiro-2024\/","url":"https:\/\/www.hometheater.com.br\/portal\/edicao-332-janeiro-2024\/","name":"Edi\u00e7\u00e3o 332 - Janeiro\/2024 - HT &amp; Casa Digital","isPartOf":{"@id":"https:\/\/www.hometheater.com.br\/portal\/#website"},"primaryImageOfPage":{"@id":"https:\/\/www.hometheater.com.br\/portal\/edicao-332-janeiro-2024\/#primaryimage"},"image":{"@id":"https:\/\/www.hometheater.com.br\/portal\/edicao-332-janeiro-2024\/#primaryimage"},"thumbnailUrl":"https:\/\/www.hometheater.com.br\/portal\/wp-content\/uploads\/2024\/01\/ht_332.jpg","datePublished":"2024-01-11T14:09:48+00:00","dateModified":"2024-01-11T14:19:06+00:00","breadcrumb":{"@id":"https:\/\/www.hometheater.com.br\/portal\/edicao-332-janeiro-2024\/#breadcrumb"},"inLanguage":"pt-BR","potentialAction":[{"@type":"ReadAction","target":["https:\/\/www.hometheater.com.br\/portal\/edicao-332-janeiro-2024\/"]}]},{"@type":"ImageObject","inLanguage":"pt-BR","@id":"https:\/\/www.hometheater.com.br\/portal\/edicao-332-janeiro-2024\/#primaryimage","url":"https:\/\/www.hometheater.com.br\/portal\/wp-content\/uploads\/2024\/01\/ht_332.jpg","contentUrl":"https:\/\/www.hometheater.com.br\/portal\/wp-content\/uploads\/2024\/01\/ht_332.jpg","width":800,"height":1074},{"@type":"BreadcrumbList","@id":"https:\/\/www.hometheater.com.br\/portal\/edicao-332-janeiro-2024\/#breadcrumb","itemListElement":[{"@type":"ListItem","position":1,"name":"In\u00edcio","item":"https:\/\/www.hometheater.com.br\/portal\/"},{"@type":"ListItem","position":2,"name":"Assine HT &#038; Casa Digital\u200b","item":"https:\/\/www.hometheater.com.br\/portal\/shop\/"},{"@type":"ListItem","position":3,"name":"Edi\u00e7\u00e3o 332 &#8211; Janeiro\/2024"}]},{"@type":"WebSite","@id":"https:\/\/www.hometheater.com.br\/portal\/#website","url":"https:\/\/www.hometheater.com.br\/portal\/","name":"HT &amp; Casa Digital","description":"O mundo digital em sua casa","publisher":{"@id":"https:\/\/www.hometheater.com.br\/portal\/#organization"},"potentialAction":[{"@type":"SearchAction","target":{"@type":"EntryPoint","urlTemplate":"https:\/\/www.hometheater.com.br\/portal\/?s={search_term_string}"},"query-input":{"@type":"PropertyValueSpecification","valueRequired":true,"valueName":"search_term_string"}}],"inLanguage":"pt-BR"},{"@type":"Organization","@id":"https:\/\/www.hometheater.com.br\/portal\/#organization","name":"Home Theater","url":"https:\/\/www.hometheater.com.br\/portal\/","logo":{"@type":"ImageObject","inLanguage":"pt-BR","@id":"https:\/\/www.hometheater.com.br\/portal\/#\/schema\/logo\/image\/","url":"https:\/\/www.hometheater.com.br\/portal\/wp-content\/uploads\/2022\/06\/assine_ht_01.png","contentUrl":"https:\/\/www.hometheater.com.br\/portal\/wp-content\/uploads\/2022\/06\/assine_ht_01.png","width":800,"height":254,"caption":"Home Theater"},"image":{"@id":"https:\/\/www.hometheater.com.br\/portal\/#\/schema\/logo\/image\/"},"sameAs":["https:\/\/web.facebook.com\/revistahometheater","https:\/\/x.com\/hometheaterbr"]}]}},"_links":{"self":[{"href":"https:\/\/www.hometheater.com.br\/portal\/wp-json\/wp\/v2\/product\/29922","targetHints":{"allow":["GET"]}}],"collection":[{"href":"https:\/\/www.hometheater.com.br\/portal\/wp-json\/wp\/v2\/product"}],"about":[{"href":"https:\/\/www.hometheater.com.br\/portal\/wp-json\/wp\/v2\/types\/product"}],"wp:featuredmedia":[{"embeddable":true,"href":"https:\/\/www.hometheater.com.br\/portal\/wp-json\/wp\/v2\/media\/29923"}],"wp:attachment":[{"href":"https:\/\/www.hometheater.com.br\/portal\/wp-json\/wp\/v2\/media?parent=29922"}],"wp:term":[{"taxonomy":"product_brand","embeddable":true,"href":"https:\/\/www.hometheater.com.br\/portal\/wp-json\/wp\/v2\/product_brand?post=29922"},{"taxonomy":"product_cat","embeddable":true,"href":"https:\/\/www.hometheater.com.br\/portal\/wp-json\/wp\/v2\/product_cat?post=29922"},{"taxonomy":"product_tag","embeddable":true,"href":"https:\/\/www.hometheater.com.br\/portal\/wp-json\/wp\/v2\/product_tag?post=29922"}],"curies":[{"name":"wp","href":"https:\/\/api.w.org\/{rel}","templated":true}]}}