{"id":28791,"date":"2023-09-08T10:48:44","date_gmt":"2023-09-08T13:48:44","guid":{"rendered":"https:\/\/www.hometheater.com.br\/portal\/?post_type=product&#038;p=28791"},"modified":"2023-09-08T11:46:39","modified_gmt":"2023-09-08T14:46:39","slug":"edicao-328-setembro-2023","status":"publish","type":"product","link":"https:\/\/www.hometheater.com.br\/portal\/edicao-328-setembro-2023\/","title":{"rendered":"Edi\u00e7\u00e3o 328 \u2013 Setembro\/2023"},"content":{"rendered":"","protected":false},"excerpt":{"rendered":"<p><strong>O QUE VOC\u00ca VAI VER NA EDI\u00c7\u00c3O DE SETEMBRO<\/strong><\/p>\n<p><em>* Comparamos as TVs pelo item mais importante: o contraste<\/em><\/p>\n<p><em>* Um guia para melhorar a qualidade de suas playlists<\/em><\/p>\n<p><em>* Solu\u00e7\u00f5es criativas para salas com p\u00e9-direito alto<\/em><\/p>\n<p><em>* MicroLED: como avaliamos a TV Samsung de 110 polegadas<\/em><\/p>\n<p><em>* Veja o teste da soundbar JBL 1300X, uma das melhores<\/em><\/p>\n<p><em>* Em nossa Vitrine High-end, amplificadores franceses e projetor italiano<\/em><\/p>\n<p><em>* Visitamos uma casa com 22 caixas ac\u00fasticas em sistema multiroom<\/em><\/p>\n","protected":false},"featured_media":28793,"template":"","meta":[],"product_brand":[],"product_cat":[53],"product_tag":[],"class_list":{"0":"post-28791","1":"product","2":"type-product","3":"status-publish","4":"has-post-thumbnail","6":"product_cat-edicoes-avulsas","8":"first","9":"instock","10":"shipping-taxable","11":"purchasable","12":"product-type-simple"},"yoast_head":"<!-- This site is optimized with the Yoast SEO plugin v25.7 - https:\/\/yoast.com\/wordpress\/plugins\/seo\/ -->\n<title>Edi\u00e7\u00e3o 328 \u2013 Setembro\/2023 - HT &amp; Casa Digital<\/title>\n<meta name=\"robots\" content=\"index, follow, max-snippet:-1, max-image-preview:large, max-video-preview:-1\" \/>\n<link rel=\"canonical\" href=\"https:\/\/www.hometheater.com.br\/portal\/edicao-328-setembro-2023\/\" \/>\n<meta property=\"og:locale\" content=\"pt_BR\" \/>\n<meta property=\"og:type\" content=\"article\" \/>\n<meta property=\"og:title\" content=\"Edi\u00e7\u00e3o 328 \u2013 Setembro\/2023 - HT &amp; Casa Digital\" \/>\n<meta property=\"og:description\" content=\"O QUE VOC\u00ca VAI VER NA EDI\u00c7\u00c3O DE SETEMBRO  * Comparamos as TVs pelo item mais importante: o contraste  * Um guia para melhorar a qualidade de suas playlists  * Solu\u00e7\u00f5es criativas para salas com p\u00e9-direito alto  * MicroLED: como avaliamos a TV Samsung de 110 polegadas  * Veja o teste da soundbar JBL 1300X, uma das melhores  * Em nossa Vitrine High-end, amplificadores franceses e projetor italiano  * Visitamos uma casa com 22 caixas ac\u00fasticas em sistema multiroom\" \/>\n<meta property=\"og:url\" content=\"https:\/\/www.hometheater.com.br\/portal\/edicao-328-setembro-2023\/\" \/>\n<meta property=\"og:site_name\" content=\"HT &amp; Casa Digital\" \/>\n<meta property=\"article:publisher\" content=\"https:\/\/web.facebook.com\/revistahometheater\" \/>\n<meta property=\"article:modified_time\" content=\"2023-09-08T14:46:39+00:00\" \/>\n<meta property=\"og:image\" content=\"https:\/\/www.hometheater.com.br\/portal\/wp-content\/uploads\/2023\/09\/capa_ht_328.jpg\" \/>\n\t<meta property=\"og:image:width\" content=\"800\" \/>\n\t<meta property=\"og:image:height\" content=\"1073\" \/>\n\t<meta property=\"og:image:type\" content=\"image\/jpeg\" \/>\n<meta name=\"twitter:card\" content=\"summary_large_image\" \/>\n<meta name=\"twitter:site\" content=\"@hometheaterbr\" \/>\n<script type=\"application\/ld+json\" class=\"yoast-schema-graph\">{\"@context\":\"https:\/\/schema.org\",\"@graph\":[{\"@type\":\"WebPage\",\"@id\":\"https:\/\/www.hometheater.com.br\/portal\/edicao-328-setembro-2023\/\",\"url\":\"https:\/\/www.hometheater.com.br\/portal\/edicao-328-setembro-2023\/\",\"name\":\"Edi\u00e7\u00e3o 328 \u2013 Setembro\/2023 - HT &amp; Casa Digital\",\"isPartOf\":{\"@id\":\"https:\/\/www.hometheater.com.br\/portal\/#website\"},\"primaryImageOfPage\":{\"@id\":\"https:\/\/www.hometheater.com.br\/portal\/edicao-328-setembro-2023\/#primaryimage\"},\"image\":{\"@id\":\"https:\/\/www.hometheater.com.br\/portal\/edicao-328-setembro-2023\/#primaryimage\"},\"thumbnailUrl\":\"https:\/\/www.hometheater.com.br\/portal\/wp-content\/uploads\/2023\/09\/capa_ht_328.jpg\",\"datePublished\":\"2023-09-08T13:48:44+00:00\",\"dateModified\":\"2023-09-08T14:46:39+00:00\",\"breadcrumb\":{\"@id\":\"https:\/\/www.hometheater.com.br\/portal\/edicao-328-setembro-2023\/#breadcrumb\"},\"inLanguage\":\"pt-BR\",\"potentialAction\":[{\"@type\":\"ReadAction\",\"target\":[\"https:\/\/www.hometheater.com.br\/portal\/edicao-328-setembro-2023\/\"]}]},{\"@type\":\"ImageObject\",\"inLanguage\":\"pt-BR\",\"@id\":\"https:\/\/www.hometheater.com.br\/portal\/edicao-328-setembro-2023\/#primaryimage\",\"url\":\"https:\/\/www.hometheater.com.br\/portal\/wp-content\/uploads\/2023\/09\/capa_ht_328.jpg\",\"contentUrl\":\"https:\/\/www.hometheater.com.br\/portal\/wp-content\/uploads\/2023\/09\/capa_ht_328.jpg\",\"width\":800,\"height\":1073},{\"@type\":\"BreadcrumbList\",\"@id\":\"https:\/\/www.hometheater.com.br\/portal\/edicao-328-setembro-2023\/#breadcrumb\",\"itemListElement\":[{\"@type\":\"ListItem\",\"position\":1,\"name\":\"In\u00edcio\",\"item\":\"https:\/\/www.hometheater.com.br\/portal\/\"},{\"@type\":\"ListItem\",\"position\":2,\"name\":\"Assine HT &#038; Casa Digital\u200b\",\"item\":\"https:\/\/www.hometheater.com.br\/portal\/shop\/\"},{\"@type\":\"ListItem\",\"position\":3,\"name\":\"Edi\u00e7\u00e3o 328 \u2013 Setembro\/2023\"}]},{\"@type\":\"WebSite\",\"@id\":\"https:\/\/www.hometheater.com.br\/portal\/#website\",\"url\":\"https:\/\/www.hometheater.com.br\/portal\/\",\"name\":\"HT &amp; Casa Digital\",\"description\":\"O mundo digital em sua casa\",\"publisher\":{\"@id\":\"https:\/\/www.hometheater.com.br\/portal\/#organization\"},\"potentialAction\":[{\"@type\":\"SearchAction\",\"target\":{\"@type\":\"EntryPoint\",\"urlTemplate\":\"https:\/\/www.hometheater.com.br\/portal\/?s={search_term_string}\"},\"query-input\":{\"@type\":\"PropertyValueSpecification\",\"valueRequired\":true,\"valueName\":\"search_term_string\"}}],\"inLanguage\":\"pt-BR\"},{\"@type\":\"Organization\",\"@id\":\"https:\/\/www.hometheater.com.br\/portal\/#organization\",\"name\":\"Home Theater\",\"url\":\"https:\/\/www.hometheater.com.br\/portal\/\",\"logo\":{\"@type\":\"ImageObject\",\"inLanguage\":\"pt-BR\",\"@id\":\"https:\/\/www.hometheater.com.br\/portal\/#\/schema\/logo\/image\/\",\"url\":\"https:\/\/www.hometheater.com.br\/portal\/wp-content\/uploads\/2022\/06\/assine_ht_01.png\",\"contentUrl\":\"https:\/\/www.hometheater.com.br\/portal\/wp-content\/uploads\/2022\/06\/assine_ht_01.png\",\"width\":800,\"height\":254,\"caption\":\"Home Theater\"},\"image\":{\"@id\":\"https:\/\/www.hometheater.com.br\/portal\/#\/schema\/logo\/image\/\"},\"sameAs\":[\"https:\/\/web.facebook.com\/revistahometheater\",\"https:\/\/x.com\/hometheaterbr\"]}]}<\/script>\n<!-- \/ Yoast SEO plugin. -->","yoast_head_json":{"title":"Edi\u00e7\u00e3o 328 \u2013 Setembro\/2023 - HT &amp; Casa Digital","robots":{"index":"index","follow":"follow","max-snippet":"max-snippet:-1","max-image-preview":"max-image-preview:large","max-video-preview":"max-video-preview:-1"},"canonical":"https:\/\/www.hometheater.com.br\/portal\/edicao-328-setembro-2023\/","og_locale":"pt_BR","og_type":"article","og_title":"Edi\u00e7\u00e3o 328 \u2013 Setembro\/2023 - HT &amp; Casa Digital","og_description":"O QUE VOC\u00ca VAI VER NA EDI\u00c7\u00c3O DE SETEMBRO  * Comparamos as TVs pelo item mais importante: o contraste  * Um guia para melhorar a qualidade de suas playlists  * Solu\u00e7\u00f5es criativas para salas com p\u00e9-direito alto  * MicroLED: como avaliamos a TV Samsung de 110 polegadas  * Veja o teste da soundbar JBL 1300X, uma das melhores  * Em nossa Vitrine High-end, amplificadores franceses e projetor italiano  * Visitamos uma casa com 22 caixas ac\u00fasticas em sistema multiroom","og_url":"https:\/\/www.hometheater.com.br\/portal\/edicao-328-setembro-2023\/","og_site_name":"HT &amp; Casa Digital","article_publisher":"https:\/\/web.facebook.com\/revistahometheater","article_modified_time":"2023-09-08T14:46:39+00:00","og_image":[{"width":800,"height":1073,"url":"https:\/\/www.hometheater.com.br\/portal\/wp-content\/uploads\/2023\/09\/capa_ht_328.jpg","type":"image\/jpeg"}],"twitter_card":"summary_large_image","twitter_site":"@hometheaterbr","schema":{"@context":"https:\/\/schema.org","@graph":[{"@type":"WebPage","@id":"https:\/\/www.hometheater.com.br\/portal\/edicao-328-setembro-2023\/","url":"https:\/\/www.hometheater.com.br\/portal\/edicao-328-setembro-2023\/","name":"Edi\u00e7\u00e3o 328 \u2013 Setembro\/2023 - HT &amp; Casa Digital","isPartOf":{"@id":"https:\/\/www.hometheater.com.br\/portal\/#website"},"primaryImageOfPage":{"@id":"https:\/\/www.hometheater.com.br\/portal\/edicao-328-setembro-2023\/#primaryimage"},"image":{"@id":"https:\/\/www.hometheater.com.br\/portal\/edicao-328-setembro-2023\/#primaryimage"},"thumbnailUrl":"https:\/\/www.hometheater.com.br\/portal\/wp-content\/uploads\/2023\/09\/capa_ht_328.jpg","datePublished":"2023-09-08T13:48:44+00:00","dateModified":"2023-09-08T14:46:39+00:00","breadcrumb":{"@id":"https:\/\/www.hometheater.com.br\/portal\/edicao-328-setembro-2023\/#breadcrumb"},"inLanguage":"pt-BR","potentialAction":[{"@type":"ReadAction","target":["https:\/\/www.hometheater.com.br\/portal\/edicao-328-setembro-2023\/"]}]},{"@type":"ImageObject","inLanguage":"pt-BR","@id":"https:\/\/www.hometheater.com.br\/portal\/edicao-328-setembro-2023\/#primaryimage","url":"https:\/\/www.hometheater.com.br\/portal\/wp-content\/uploads\/2023\/09\/capa_ht_328.jpg","contentUrl":"https:\/\/www.hometheater.com.br\/portal\/wp-content\/uploads\/2023\/09\/capa_ht_328.jpg","width":800,"height":1073},{"@type":"BreadcrumbList","@id":"https:\/\/www.hometheater.com.br\/portal\/edicao-328-setembro-2023\/#breadcrumb","itemListElement":[{"@type":"ListItem","position":1,"name":"In\u00edcio","item":"https:\/\/www.hometheater.com.br\/portal\/"},{"@type":"ListItem","position":2,"name":"Assine HT &#038; Casa Digital\u200b","item":"https:\/\/www.hometheater.com.br\/portal\/shop\/"},{"@type":"ListItem","position":3,"name":"Edi\u00e7\u00e3o 328 \u2013 Setembro\/2023"}]},{"@type":"WebSite","@id":"https:\/\/www.hometheater.com.br\/portal\/#website","url":"https:\/\/www.hometheater.com.br\/portal\/","name":"HT &amp; Casa Digital","description":"O mundo digital em sua casa","publisher":{"@id":"https:\/\/www.hometheater.com.br\/portal\/#organization"},"potentialAction":[{"@type":"SearchAction","target":{"@type":"EntryPoint","urlTemplate":"https:\/\/www.hometheater.com.br\/portal\/?s={search_term_string}"},"query-input":{"@type":"PropertyValueSpecification","valueRequired":true,"valueName":"search_term_string"}}],"inLanguage":"pt-BR"},{"@type":"Organization","@id":"https:\/\/www.hometheater.com.br\/portal\/#organization","name":"Home Theater","url":"https:\/\/www.hometheater.com.br\/portal\/","logo":{"@type":"ImageObject","inLanguage":"pt-BR","@id":"https:\/\/www.hometheater.com.br\/portal\/#\/schema\/logo\/image\/","url":"https:\/\/www.hometheater.com.br\/portal\/wp-content\/uploads\/2022\/06\/assine_ht_01.png","contentUrl":"https:\/\/www.hometheater.com.br\/portal\/wp-content\/uploads\/2022\/06\/assine_ht_01.png","width":800,"height":254,"caption":"Home Theater"},"image":{"@id":"https:\/\/www.hometheater.com.br\/portal\/#\/schema\/logo\/image\/"},"sameAs":["https:\/\/web.facebook.com\/revistahometheater","https:\/\/x.com\/hometheaterbr"]}]}},"_links":{"self":[{"href":"https:\/\/www.hometheater.com.br\/portal\/wp-json\/wp\/v2\/product\/28791","targetHints":{"allow":["GET"]}}],"collection":[{"href":"https:\/\/www.hometheater.com.br\/portal\/wp-json\/wp\/v2\/product"}],"about":[{"href":"https:\/\/www.hometheater.com.br\/portal\/wp-json\/wp\/v2\/types\/product"}],"wp:featuredmedia":[{"embeddable":true,"href":"https:\/\/www.hometheater.com.br\/portal\/wp-json\/wp\/v2\/media\/28793"}],"wp:attachment":[{"href":"https:\/\/www.hometheater.com.br\/portal\/wp-json\/wp\/v2\/media?parent=28791"}],"wp:term":[{"taxonomy":"product_brand","embeddable":true,"href":"https:\/\/www.hometheater.com.br\/portal\/wp-json\/wp\/v2\/product_brand?post=28791"},{"taxonomy":"product_cat","embeddable":true,"href":"https:\/\/www.hometheater.com.br\/portal\/wp-json\/wp\/v2\/product_cat?post=28791"},{"taxonomy":"product_tag","embeddable":true,"href":"https:\/\/www.hometheater.com.br\/portal\/wp-json\/wp\/v2\/product_tag?post=28791"}],"curies":[{"name":"wp","href":"https:\/\/api.w.org\/{rel}","templated":true}]}}