{"id":27655,"date":"2023-05-08T09:28:36","date_gmt":"2023-05-08T12:28:36","guid":{"rendered":"https:\/\/www.hometheater.com.br\/portal\/?post_type=product&#038;p=27655"},"modified":"2023-06-07T17:05:10","modified_gmt":"2023-06-07T20:05:10","slug":"edicao-324-maio-2023","status":"publish","type":"product","link":"https:\/\/www.hometheater.com.br\/portal\/edicao-324-maio-2023\/","title":{"rendered":"Edi\u00e7\u00e3o 324 \u2013 Maio\/2023"},"content":{"rendered":"","protected":false},"excerpt":{"rendered":"<div><strong><span class=\"il\">VEJA<\/span>\u00a0OS\u00a0<span class=\"il\">DESTAQUES<\/span>\u00a0DA EDI\u00c7\u00c3O DE MAIO<\/strong><\/div>\n<div><\/div>\n<div><em>* TVs: dicas pr\u00e1ticas para uma instala\u00e7\u00e3o perfeita<\/em><\/div>\n<div><\/div>\n<div><em>* Caixas ac\u00fasticas: como escolher entre torre e bookshelf<\/em><\/div>\n<div><\/div>\n<div><em>* Mostramos ideias \u201csmart\u201d para voc\u00ea gastar menos energia<\/em><\/div>\n<div><\/div>\n<div><em>* TV 3.0 pode chegar em 2024. Veja o que vai mudar<\/em><\/div>\n<div><\/div>\n<div><em>* Conhe\u00e7a uma casa com sistema de automa\u00e7\u00e3o todo sem fio<\/em><\/div>\n<div><\/div>\n<div><em>* Chegou a Sonos Era, primeira caixa sem fio com Dolby Atmos<\/em><\/div>\n<div><\/div>\n<div><em>* Testamos a TV OLED Pos\u00e9, um show de design<\/em><\/div>\n<div><\/div>\n<div><em>* E tamb\u00e9m o teste das caixas esf\u00e9ricas Gallo Acoustics<\/em><\/div>\n","protected":false},"featured_media":27659,"template":"","meta":[],"product_brand":[],"product_cat":[48],"product_tag":[],"class_list":{"0":"post-27655","1":"product","2":"type-product","3":"status-publish","4":"has-post-thumbnail","6":"product_cat-edicoes-impressas","8":"first","9":"instock","10":"shipping-taxable","11":"purchasable","12":"product-type-simple"},"yoast_head":"<!-- This site is optimized with the Yoast SEO plugin v25.7 - https:\/\/yoast.com\/wordpress\/plugins\/seo\/ -->\n<title>Edi\u00e7\u00e3o 324 \u2013 Maio\/2023 - HT &amp; Casa Digital<\/title>\n<meta name=\"robots\" content=\"index, follow, max-snippet:-1, max-image-preview:large, max-video-preview:-1\" \/>\n<link rel=\"canonical\" href=\"https:\/\/www.hometheater.com.br\/portal\/edicao-324-maio-2023\/\" \/>\n<meta property=\"og:locale\" content=\"pt_BR\" \/>\n<meta property=\"og:type\" content=\"article\" \/>\n<meta property=\"og:title\" content=\"Edi\u00e7\u00e3o 324 \u2013 Maio\/2023 - HT &amp; Casa Digital\" \/>\n<meta property=\"og:description\" content=\"VEJA\u00a0OS\u00a0DESTAQUES\u00a0DA EDI\u00c7\u00c3O DE MAIO  * TVs: dicas pr\u00e1ticas para uma instala\u00e7\u00e3o perfeita  * Caixas ac\u00fasticas: como escolher entre torre e bookshelf  * Mostramos ideias \u201csmart\u201d para voc\u00ea gastar menos energia  * TV 3.0 pode chegar em 2024. Veja o que vai mudar  * Conhe\u00e7a uma casa com sistema de automa\u00e7\u00e3o todo sem fio  * Chegou a Sonos Era, primeira caixa sem fio com Dolby Atmos  * Testamos a TV OLED Pos\u00e9, um show de design  * E tamb\u00e9m o teste das caixas esf\u00e9ricas Gallo Acoustics\" \/>\n<meta property=\"og:url\" content=\"https:\/\/www.hometheater.com.br\/portal\/edicao-324-maio-2023\/\" \/>\n<meta property=\"og:site_name\" content=\"HT &amp; Casa Digital\" \/>\n<meta property=\"article:publisher\" content=\"https:\/\/web.facebook.com\/revistahometheater\" \/>\n<meta property=\"article:modified_time\" content=\"2023-06-07T20:05:10+00:00\" \/>\n<meta property=\"og:image\" content=\"https:\/\/www.hometheater.com.br\/portal\/wp-content\/uploads\/2023\/05\/capa_324.jpg\" \/>\n\t<meta property=\"og:image:width\" content=\"800\" \/>\n\t<meta property=\"og:image:height\" content=\"1074\" \/>\n\t<meta property=\"og:image:type\" content=\"image\/jpeg\" \/>\n<meta name=\"twitter:card\" content=\"summary_large_image\" \/>\n<meta name=\"twitter:site\" content=\"@hometheaterbr\" \/>\n<script type=\"application\/ld+json\" class=\"yoast-schema-graph\">{\"@context\":\"https:\/\/schema.org\",\"@graph\":[{\"@type\":\"WebPage\",\"@id\":\"https:\/\/www.hometheater.com.br\/portal\/edicao-324-maio-2023\/\",\"url\":\"https:\/\/www.hometheater.com.br\/portal\/edicao-324-maio-2023\/\",\"name\":\"Edi\u00e7\u00e3o 324 \u2013 Maio\/2023 - HT &amp; Casa Digital\",\"isPartOf\":{\"@id\":\"https:\/\/www.hometheater.com.br\/portal\/#website\"},\"primaryImageOfPage\":{\"@id\":\"https:\/\/www.hometheater.com.br\/portal\/edicao-324-maio-2023\/#primaryimage\"},\"image\":{\"@id\":\"https:\/\/www.hometheater.com.br\/portal\/edicao-324-maio-2023\/#primaryimage\"},\"thumbnailUrl\":\"https:\/\/www.hometheater.com.br\/portal\/wp-content\/uploads\/2023\/05\/capa_324.jpg\",\"datePublished\":\"2023-05-08T12:28:36+00:00\",\"dateModified\":\"2023-06-07T20:05:10+00:00\",\"breadcrumb\":{\"@id\":\"https:\/\/www.hometheater.com.br\/portal\/edicao-324-maio-2023\/#breadcrumb\"},\"inLanguage\":\"pt-BR\",\"potentialAction\":[{\"@type\":\"ReadAction\",\"target\":[\"https:\/\/www.hometheater.com.br\/portal\/edicao-324-maio-2023\/\"]}]},{\"@type\":\"ImageObject\",\"inLanguage\":\"pt-BR\",\"@id\":\"https:\/\/www.hometheater.com.br\/portal\/edicao-324-maio-2023\/#primaryimage\",\"url\":\"https:\/\/www.hometheater.com.br\/portal\/wp-content\/uploads\/2023\/05\/capa_324.jpg\",\"contentUrl\":\"https:\/\/www.hometheater.com.br\/portal\/wp-content\/uploads\/2023\/05\/capa_324.jpg\",\"width\":800,\"height\":1074},{\"@type\":\"BreadcrumbList\",\"@id\":\"https:\/\/www.hometheater.com.br\/portal\/edicao-324-maio-2023\/#breadcrumb\",\"itemListElement\":[{\"@type\":\"ListItem\",\"position\":1,\"name\":\"In\u00edcio\",\"item\":\"https:\/\/www.hometheater.com.br\/portal\/\"},{\"@type\":\"ListItem\",\"position\":2,\"name\":\"Assine HT &#038; Casa Digital\u200b\",\"item\":\"https:\/\/www.hometheater.com.br\/portal\/shop\/\"},{\"@type\":\"ListItem\",\"position\":3,\"name\":\"Edi\u00e7\u00e3o 324 \u2013 Maio\/2023\"}]},{\"@type\":\"WebSite\",\"@id\":\"https:\/\/www.hometheater.com.br\/portal\/#website\",\"url\":\"https:\/\/www.hometheater.com.br\/portal\/\",\"name\":\"HT &amp; Casa Digital\",\"description\":\"O mundo digital em sua casa\",\"publisher\":{\"@id\":\"https:\/\/www.hometheater.com.br\/portal\/#organization\"},\"potentialAction\":[{\"@type\":\"SearchAction\",\"target\":{\"@type\":\"EntryPoint\",\"urlTemplate\":\"https:\/\/www.hometheater.com.br\/portal\/?s={search_term_string}\"},\"query-input\":{\"@type\":\"PropertyValueSpecification\",\"valueRequired\":true,\"valueName\":\"search_term_string\"}}],\"inLanguage\":\"pt-BR\"},{\"@type\":\"Organization\",\"@id\":\"https:\/\/www.hometheater.com.br\/portal\/#organization\",\"name\":\"Home Theater\",\"url\":\"https:\/\/www.hometheater.com.br\/portal\/\",\"logo\":{\"@type\":\"ImageObject\",\"inLanguage\":\"pt-BR\",\"@id\":\"https:\/\/www.hometheater.com.br\/portal\/#\/schema\/logo\/image\/\",\"url\":\"https:\/\/www.hometheater.com.br\/portal\/wp-content\/uploads\/2022\/06\/assine_ht_01.png\",\"contentUrl\":\"https:\/\/www.hometheater.com.br\/portal\/wp-content\/uploads\/2022\/06\/assine_ht_01.png\",\"width\":800,\"height\":254,\"caption\":\"Home Theater\"},\"image\":{\"@id\":\"https:\/\/www.hometheater.com.br\/portal\/#\/schema\/logo\/image\/\"},\"sameAs\":[\"https:\/\/web.facebook.com\/revistahometheater\",\"https:\/\/x.com\/hometheaterbr\"]}]}<\/script>\n<!-- \/ Yoast SEO plugin. -->","yoast_head_json":{"title":"Edi\u00e7\u00e3o 324 \u2013 Maio\/2023 - HT &amp; Casa Digital","robots":{"index":"index","follow":"follow","max-snippet":"max-snippet:-1","max-image-preview":"max-image-preview:large","max-video-preview":"max-video-preview:-1"},"canonical":"https:\/\/www.hometheater.com.br\/portal\/edicao-324-maio-2023\/","og_locale":"pt_BR","og_type":"article","og_title":"Edi\u00e7\u00e3o 324 \u2013 Maio\/2023 - HT &amp; Casa Digital","og_description":"VEJA\u00a0OS\u00a0DESTAQUES\u00a0DA EDI\u00c7\u00c3O DE MAIO  * TVs: dicas pr\u00e1ticas para uma instala\u00e7\u00e3o perfeita  * Caixas ac\u00fasticas: como escolher entre torre e bookshelf  * Mostramos ideias \u201csmart\u201d para voc\u00ea gastar menos energia  * TV 3.0 pode chegar em 2024. Veja o que vai mudar  * Conhe\u00e7a uma casa com sistema de automa\u00e7\u00e3o todo sem fio  * Chegou a Sonos Era, primeira caixa sem fio com Dolby Atmos  * Testamos a TV OLED Pos\u00e9, um show de design  * E tamb\u00e9m o teste das caixas esf\u00e9ricas Gallo Acoustics","og_url":"https:\/\/www.hometheater.com.br\/portal\/edicao-324-maio-2023\/","og_site_name":"HT &amp; Casa Digital","article_publisher":"https:\/\/web.facebook.com\/revistahometheater","article_modified_time":"2023-06-07T20:05:10+00:00","og_image":[{"width":800,"height":1074,"url":"https:\/\/www.hometheater.com.br\/portal\/wp-content\/uploads\/2023\/05\/capa_324.jpg","type":"image\/jpeg"}],"twitter_card":"summary_large_image","twitter_site":"@hometheaterbr","schema":{"@context":"https:\/\/schema.org","@graph":[{"@type":"WebPage","@id":"https:\/\/www.hometheater.com.br\/portal\/edicao-324-maio-2023\/","url":"https:\/\/www.hometheater.com.br\/portal\/edicao-324-maio-2023\/","name":"Edi\u00e7\u00e3o 324 \u2013 Maio\/2023 - HT &amp; Casa Digital","isPartOf":{"@id":"https:\/\/www.hometheater.com.br\/portal\/#website"},"primaryImageOfPage":{"@id":"https:\/\/www.hometheater.com.br\/portal\/edicao-324-maio-2023\/#primaryimage"},"image":{"@id":"https:\/\/www.hometheater.com.br\/portal\/edicao-324-maio-2023\/#primaryimage"},"thumbnailUrl":"https:\/\/www.hometheater.com.br\/portal\/wp-content\/uploads\/2023\/05\/capa_324.jpg","datePublished":"2023-05-08T12:28:36+00:00","dateModified":"2023-06-07T20:05:10+00:00","breadcrumb":{"@id":"https:\/\/www.hometheater.com.br\/portal\/edicao-324-maio-2023\/#breadcrumb"},"inLanguage":"pt-BR","potentialAction":[{"@type":"ReadAction","target":["https:\/\/www.hometheater.com.br\/portal\/edicao-324-maio-2023\/"]}]},{"@type":"ImageObject","inLanguage":"pt-BR","@id":"https:\/\/www.hometheater.com.br\/portal\/edicao-324-maio-2023\/#primaryimage","url":"https:\/\/www.hometheater.com.br\/portal\/wp-content\/uploads\/2023\/05\/capa_324.jpg","contentUrl":"https:\/\/www.hometheater.com.br\/portal\/wp-content\/uploads\/2023\/05\/capa_324.jpg","width":800,"height":1074},{"@type":"BreadcrumbList","@id":"https:\/\/www.hometheater.com.br\/portal\/edicao-324-maio-2023\/#breadcrumb","itemListElement":[{"@type":"ListItem","position":1,"name":"In\u00edcio","item":"https:\/\/www.hometheater.com.br\/portal\/"},{"@type":"ListItem","position":2,"name":"Assine HT &#038; Casa Digital\u200b","item":"https:\/\/www.hometheater.com.br\/portal\/shop\/"},{"@type":"ListItem","position":3,"name":"Edi\u00e7\u00e3o 324 \u2013 Maio\/2023"}]},{"@type":"WebSite","@id":"https:\/\/www.hometheater.com.br\/portal\/#website","url":"https:\/\/www.hometheater.com.br\/portal\/","name":"HT &amp; Casa Digital","description":"O mundo digital em sua casa","publisher":{"@id":"https:\/\/www.hometheater.com.br\/portal\/#organization"},"potentialAction":[{"@type":"SearchAction","target":{"@type":"EntryPoint","urlTemplate":"https:\/\/www.hometheater.com.br\/portal\/?s={search_term_string}"},"query-input":{"@type":"PropertyValueSpecification","valueRequired":true,"valueName":"search_term_string"}}],"inLanguage":"pt-BR"},{"@type":"Organization","@id":"https:\/\/www.hometheater.com.br\/portal\/#organization","name":"Home Theater","url":"https:\/\/www.hometheater.com.br\/portal\/","logo":{"@type":"ImageObject","inLanguage":"pt-BR","@id":"https:\/\/www.hometheater.com.br\/portal\/#\/schema\/logo\/image\/","url":"https:\/\/www.hometheater.com.br\/portal\/wp-content\/uploads\/2022\/06\/assine_ht_01.png","contentUrl":"https:\/\/www.hometheater.com.br\/portal\/wp-content\/uploads\/2022\/06\/assine_ht_01.png","width":800,"height":254,"caption":"Home Theater"},"image":{"@id":"https:\/\/www.hometheater.com.br\/portal\/#\/schema\/logo\/image\/"},"sameAs":["https:\/\/web.facebook.com\/revistahometheater","https:\/\/x.com\/hometheaterbr"]}]}},"_links":{"self":[{"href":"https:\/\/www.hometheater.com.br\/portal\/wp-json\/wp\/v2\/product\/27655","targetHints":{"allow":["GET"]}}],"collection":[{"href":"https:\/\/www.hometheater.com.br\/portal\/wp-json\/wp\/v2\/product"}],"about":[{"href":"https:\/\/www.hometheater.com.br\/portal\/wp-json\/wp\/v2\/types\/product"}],"wp:featuredmedia":[{"embeddable":true,"href":"https:\/\/www.hometheater.com.br\/portal\/wp-json\/wp\/v2\/media\/27659"}],"wp:attachment":[{"href":"https:\/\/www.hometheater.com.br\/portal\/wp-json\/wp\/v2\/media?parent=27655"}],"wp:term":[{"taxonomy":"product_brand","embeddable":true,"href":"https:\/\/www.hometheater.com.br\/portal\/wp-json\/wp\/v2\/product_brand?post=27655"},{"taxonomy":"product_cat","embeddable":true,"href":"https:\/\/www.hometheater.com.br\/portal\/wp-json\/wp\/v2\/product_cat?post=27655"},{"taxonomy":"product_tag","embeddable":true,"href":"https:\/\/www.hometheater.com.br\/portal\/wp-json\/wp\/v2\/product_tag?post=27655"}],"curies":[{"name":"wp","href":"https:\/\/api.w.org\/{rel}","templated":true}]}}