{"id":27393,"date":"2023-04-10T10:00:19","date_gmt":"2023-04-10T13:00:19","guid":{"rendered":"https:\/\/www.hometheater.com.br\/portal\/?post_type=product&#038;p=27393"},"modified":"2023-04-10T10:00:19","modified_gmt":"2023-04-10T13:00:19","slug":"edicao-323-abril-2023","status":"publish","type":"product","link":"https:\/\/www.hometheater.com.br\/portal\/edicao-323-abril-2023\/","title":{"rendered":"Edi\u00e7\u00e3o 323 \u2013 Abril\/2023"},"content":{"rendered":"","protected":false},"excerpt":{"rendered":"<p><strong>VEJA OS DESTAQUES DA EDI\u00c7\u00c3O DE ABRIL<\/strong><\/p>\n<p><em><strong>*<\/strong> Conhe\u00e7a a nova gera\u00e7\u00e3o de TVs com painel MiniLED<\/em><\/p>\n<p><em><strong>*<\/strong> M\u00fasica ao ar livre: o charme das caixas ac\u00fasticas de jardim<\/em><\/p>\n<p><em><strong>*<\/strong> Visitamos um apartamento em que a sala \u00e0 noite vira balada<\/em><\/p>\n<p><em><strong>*<\/strong> Testamos uma soundbar JBL com Dolby Atmos e 11 falantes<\/em><\/p>\n<p><em><strong>*<\/strong> Como saber se um aparelho \u00e9 mesmo de padr\u00e3o high-end<\/em><\/p>\n<p><em><strong>*<\/strong> Cabos: n\u00e3o estrague seu equipamento economizando nesse item<\/em><\/p>\n<p><em><strong>*<\/strong> Guia HT Streaming bate recorde de 500 s\u00e9ries comentadas<\/em><\/p>\n<p><em><strong>*<\/strong> Como funcionar\u00e1 a nova central de automa\u00e7\u00e3o Samsung<\/em><\/p>\n","protected":false},"featured_media":27395,"template":"","meta":[],"product_brand":[],"product_cat":[53],"product_tag":[],"class_list":{"0":"post-27393","1":"product","2":"type-product","3":"status-publish","4":"has-post-thumbnail","6":"product_cat-edicoes-avulsas","8":"first","9":"instock","10":"shipping-taxable","11":"purchasable","12":"product-type-simple"},"yoast_head":"<!-- This site is optimized with the Yoast SEO plugin v25.7 - https:\/\/yoast.com\/wordpress\/plugins\/seo\/ -->\n<title>Edi\u00e7\u00e3o 323 \u2013 Abril\/2023 - HT &amp; Casa Digital<\/title>\n<meta name=\"robots\" content=\"index, follow, max-snippet:-1, max-image-preview:large, max-video-preview:-1\" \/>\n<link rel=\"canonical\" href=\"https:\/\/www.hometheater.com.br\/portal\/edicao-323-abril-2023\/\" \/>\n<meta property=\"og:locale\" content=\"pt_BR\" \/>\n<meta property=\"og:type\" content=\"article\" \/>\n<meta property=\"og:title\" content=\"Edi\u00e7\u00e3o 323 \u2013 Abril\/2023 - HT &amp; Casa Digital\" \/>\n<meta property=\"og:description\" content=\"VEJA OS DESTAQUES DA EDI\u00c7\u00c3O DE ABRIL  * Conhe\u00e7a a nova gera\u00e7\u00e3o de TVs com painel MiniLED  * M\u00fasica ao ar livre: o charme das caixas ac\u00fasticas de jardim  * Visitamos um apartamento em que a sala \u00e0 noite vira balada  * Testamos uma soundbar JBL com Dolby Atmos e 11 falantes  * Como saber se um aparelho \u00e9 mesmo de padr\u00e3o high-end  * Cabos: n\u00e3o estrague seu equipamento economizando nesse item  * Guia HT Streaming bate recorde de 500 s\u00e9ries comentadas  * Como funcionar\u00e1 a nova central de automa\u00e7\u00e3o Samsung\" \/>\n<meta property=\"og:url\" content=\"https:\/\/www.hometheater.com.br\/portal\/edicao-323-abril-2023\/\" \/>\n<meta property=\"og:site_name\" content=\"HT &amp; Casa Digital\" \/>\n<meta property=\"article:publisher\" content=\"https:\/\/web.facebook.com\/revistahometheater\" \/>\n<meta property=\"og:image\" content=\"https:\/\/www.hometheater.com.br\/portal\/wp-content\/uploads\/2023\/04\/ht_323.jpg\" \/>\n\t<meta property=\"og:image:width\" content=\"800\" \/>\n\t<meta property=\"og:image:height\" content=\"1073\" \/>\n\t<meta property=\"og:image:type\" content=\"image\/jpeg\" \/>\n<meta name=\"twitter:card\" content=\"summary_large_image\" \/>\n<meta name=\"twitter:site\" content=\"@hometheaterbr\" \/>\n<script type=\"application\/ld+json\" class=\"yoast-schema-graph\">{\"@context\":\"https:\/\/schema.org\",\"@graph\":[{\"@type\":\"WebPage\",\"@id\":\"https:\/\/www.hometheater.com.br\/portal\/edicao-323-abril-2023\/\",\"url\":\"https:\/\/www.hometheater.com.br\/portal\/edicao-323-abril-2023\/\",\"name\":\"Edi\u00e7\u00e3o 323 \u2013 Abril\/2023 - HT &amp; Casa Digital\",\"isPartOf\":{\"@id\":\"https:\/\/www.hometheater.com.br\/portal\/#website\"},\"primaryImageOfPage\":{\"@id\":\"https:\/\/www.hometheater.com.br\/portal\/edicao-323-abril-2023\/#primaryimage\"},\"image\":{\"@id\":\"https:\/\/www.hometheater.com.br\/portal\/edicao-323-abril-2023\/#primaryimage\"},\"thumbnailUrl\":\"https:\/\/www.hometheater.com.br\/portal\/wp-content\/uploads\/2023\/04\/ht_323.jpg\",\"datePublished\":\"2023-04-10T13:00:19+00:00\",\"breadcrumb\":{\"@id\":\"https:\/\/www.hometheater.com.br\/portal\/edicao-323-abril-2023\/#breadcrumb\"},\"inLanguage\":\"pt-BR\",\"potentialAction\":[{\"@type\":\"ReadAction\",\"target\":[\"https:\/\/www.hometheater.com.br\/portal\/edicao-323-abril-2023\/\"]}]},{\"@type\":\"ImageObject\",\"inLanguage\":\"pt-BR\",\"@id\":\"https:\/\/www.hometheater.com.br\/portal\/edicao-323-abril-2023\/#primaryimage\",\"url\":\"https:\/\/www.hometheater.com.br\/portal\/wp-content\/uploads\/2023\/04\/ht_323.jpg\",\"contentUrl\":\"https:\/\/www.hometheater.com.br\/portal\/wp-content\/uploads\/2023\/04\/ht_323.jpg\",\"width\":800,\"height\":1073},{\"@type\":\"BreadcrumbList\",\"@id\":\"https:\/\/www.hometheater.com.br\/portal\/edicao-323-abril-2023\/#breadcrumb\",\"itemListElement\":[{\"@type\":\"ListItem\",\"position\":1,\"name\":\"In\u00edcio\",\"item\":\"https:\/\/www.hometheater.com.br\/portal\/\"},{\"@type\":\"ListItem\",\"position\":2,\"name\":\"Assine HT &#038; Casa Digital\u200b\",\"item\":\"https:\/\/www.hometheater.com.br\/portal\/shop\/\"},{\"@type\":\"ListItem\",\"position\":3,\"name\":\"Edi\u00e7\u00e3o 323 \u2013 Abril\/2023\"}]},{\"@type\":\"WebSite\",\"@id\":\"https:\/\/www.hometheater.com.br\/portal\/#website\",\"url\":\"https:\/\/www.hometheater.com.br\/portal\/\",\"name\":\"HT &amp; Casa Digital\",\"description\":\"O mundo digital em sua casa\",\"publisher\":{\"@id\":\"https:\/\/www.hometheater.com.br\/portal\/#organization\"},\"potentialAction\":[{\"@type\":\"SearchAction\",\"target\":{\"@type\":\"EntryPoint\",\"urlTemplate\":\"https:\/\/www.hometheater.com.br\/portal\/?s={search_term_string}\"},\"query-input\":{\"@type\":\"PropertyValueSpecification\",\"valueRequired\":true,\"valueName\":\"search_term_string\"}}],\"inLanguage\":\"pt-BR\"},{\"@type\":\"Organization\",\"@id\":\"https:\/\/www.hometheater.com.br\/portal\/#organization\",\"name\":\"Home Theater\",\"url\":\"https:\/\/www.hometheater.com.br\/portal\/\",\"logo\":{\"@type\":\"ImageObject\",\"inLanguage\":\"pt-BR\",\"@id\":\"https:\/\/www.hometheater.com.br\/portal\/#\/schema\/logo\/image\/\",\"url\":\"https:\/\/www.hometheater.com.br\/portal\/wp-content\/uploads\/2022\/06\/assine_ht_01.png\",\"contentUrl\":\"https:\/\/www.hometheater.com.br\/portal\/wp-content\/uploads\/2022\/06\/assine_ht_01.png\",\"width\":800,\"height\":254,\"caption\":\"Home Theater\"},\"image\":{\"@id\":\"https:\/\/www.hometheater.com.br\/portal\/#\/schema\/logo\/image\/\"},\"sameAs\":[\"https:\/\/web.facebook.com\/revistahometheater\",\"https:\/\/x.com\/hometheaterbr\"]}]}<\/script>\n<!-- \/ Yoast SEO plugin. -->","yoast_head_json":{"title":"Edi\u00e7\u00e3o 323 \u2013 Abril\/2023 - HT &amp; Casa Digital","robots":{"index":"index","follow":"follow","max-snippet":"max-snippet:-1","max-image-preview":"max-image-preview:large","max-video-preview":"max-video-preview:-1"},"canonical":"https:\/\/www.hometheater.com.br\/portal\/edicao-323-abril-2023\/","og_locale":"pt_BR","og_type":"article","og_title":"Edi\u00e7\u00e3o 323 \u2013 Abril\/2023 - HT &amp; Casa Digital","og_description":"VEJA OS DESTAQUES DA EDI\u00c7\u00c3O DE ABRIL  * Conhe\u00e7a a nova gera\u00e7\u00e3o de TVs com painel MiniLED  * M\u00fasica ao ar livre: o charme das caixas ac\u00fasticas de jardim  * Visitamos um apartamento em que a sala \u00e0 noite vira balada  * Testamos uma soundbar JBL com Dolby Atmos e 11 falantes  * Como saber se um aparelho \u00e9 mesmo de padr\u00e3o high-end  * Cabos: n\u00e3o estrague seu equipamento economizando nesse item  * Guia HT Streaming bate recorde de 500 s\u00e9ries comentadas  * Como funcionar\u00e1 a nova central de automa\u00e7\u00e3o Samsung","og_url":"https:\/\/www.hometheater.com.br\/portal\/edicao-323-abril-2023\/","og_site_name":"HT &amp; Casa Digital","article_publisher":"https:\/\/web.facebook.com\/revistahometheater","og_image":[{"width":800,"height":1073,"url":"https:\/\/www.hometheater.com.br\/portal\/wp-content\/uploads\/2023\/04\/ht_323.jpg","type":"image\/jpeg"}],"twitter_card":"summary_large_image","twitter_site":"@hometheaterbr","schema":{"@context":"https:\/\/schema.org","@graph":[{"@type":"WebPage","@id":"https:\/\/www.hometheater.com.br\/portal\/edicao-323-abril-2023\/","url":"https:\/\/www.hometheater.com.br\/portal\/edicao-323-abril-2023\/","name":"Edi\u00e7\u00e3o 323 \u2013 Abril\/2023 - HT &amp; Casa Digital","isPartOf":{"@id":"https:\/\/www.hometheater.com.br\/portal\/#website"},"primaryImageOfPage":{"@id":"https:\/\/www.hometheater.com.br\/portal\/edicao-323-abril-2023\/#primaryimage"},"image":{"@id":"https:\/\/www.hometheater.com.br\/portal\/edicao-323-abril-2023\/#primaryimage"},"thumbnailUrl":"https:\/\/www.hometheater.com.br\/portal\/wp-content\/uploads\/2023\/04\/ht_323.jpg","datePublished":"2023-04-10T13:00:19+00:00","breadcrumb":{"@id":"https:\/\/www.hometheater.com.br\/portal\/edicao-323-abril-2023\/#breadcrumb"},"inLanguage":"pt-BR","potentialAction":[{"@type":"ReadAction","target":["https:\/\/www.hometheater.com.br\/portal\/edicao-323-abril-2023\/"]}]},{"@type":"ImageObject","inLanguage":"pt-BR","@id":"https:\/\/www.hometheater.com.br\/portal\/edicao-323-abril-2023\/#primaryimage","url":"https:\/\/www.hometheater.com.br\/portal\/wp-content\/uploads\/2023\/04\/ht_323.jpg","contentUrl":"https:\/\/www.hometheater.com.br\/portal\/wp-content\/uploads\/2023\/04\/ht_323.jpg","width":800,"height":1073},{"@type":"BreadcrumbList","@id":"https:\/\/www.hometheater.com.br\/portal\/edicao-323-abril-2023\/#breadcrumb","itemListElement":[{"@type":"ListItem","position":1,"name":"In\u00edcio","item":"https:\/\/www.hometheater.com.br\/portal\/"},{"@type":"ListItem","position":2,"name":"Assine HT &#038; Casa Digital\u200b","item":"https:\/\/www.hometheater.com.br\/portal\/shop\/"},{"@type":"ListItem","position":3,"name":"Edi\u00e7\u00e3o 323 \u2013 Abril\/2023"}]},{"@type":"WebSite","@id":"https:\/\/www.hometheater.com.br\/portal\/#website","url":"https:\/\/www.hometheater.com.br\/portal\/","name":"HT &amp; Casa Digital","description":"O mundo digital em sua casa","publisher":{"@id":"https:\/\/www.hometheater.com.br\/portal\/#organization"},"potentialAction":[{"@type":"SearchAction","target":{"@type":"EntryPoint","urlTemplate":"https:\/\/www.hometheater.com.br\/portal\/?s={search_term_string}"},"query-input":{"@type":"PropertyValueSpecification","valueRequired":true,"valueName":"search_term_string"}}],"inLanguage":"pt-BR"},{"@type":"Organization","@id":"https:\/\/www.hometheater.com.br\/portal\/#organization","name":"Home Theater","url":"https:\/\/www.hometheater.com.br\/portal\/","logo":{"@type":"ImageObject","inLanguage":"pt-BR","@id":"https:\/\/www.hometheater.com.br\/portal\/#\/schema\/logo\/image\/","url":"https:\/\/www.hometheater.com.br\/portal\/wp-content\/uploads\/2022\/06\/assine_ht_01.png","contentUrl":"https:\/\/www.hometheater.com.br\/portal\/wp-content\/uploads\/2022\/06\/assine_ht_01.png","width":800,"height":254,"caption":"Home Theater"},"image":{"@id":"https:\/\/www.hometheater.com.br\/portal\/#\/schema\/logo\/image\/"},"sameAs":["https:\/\/web.facebook.com\/revistahometheater","https:\/\/x.com\/hometheaterbr"]}]}},"_links":{"self":[{"href":"https:\/\/www.hometheater.com.br\/portal\/wp-json\/wp\/v2\/product\/27393","targetHints":{"allow":["GET"]}}],"collection":[{"href":"https:\/\/www.hometheater.com.br\/portal\/wp-json\/wp\/v2\/product"}],"about":[{"href":"https:\/\/www.hometheater.com.br\/portal\/wp-json\/wp\/v2\/types\/product"}],"wp:featuredmedia":[{"embeddable":true,"href":"https:\/\/www.hometheater.com.br\/portal\/wp-json\/wp\/v2\/media\/27395"}],"wp:attachment":[{"href":"https:\/\/www.hometheater.com.br\/portal\/wp-json\/wp\/v2\/media?parent=27393"}],"wp:term":[{"taxonomy":"product_brand","embeddable":true,"href":"https:\/\/www.hometheater.com.br\/portal\/wp-json\/wp\/v2\/product_brand?post=27393"},{"taxonomy":"product_cat","embeddable":true,"href":"https:\/\/www.hometheater.com.br\/portal\/wp-json\/wp\/v2\/product_cat?post=27393"},{"taxonomy":"product_tag","embeddable":true,"href":"https:\/\/www.hometheater.com.br\/portal\/wp-json\/wp\/v2\/product_tag?post=27393"}],"curies":[{"name":"wp","href":"https:\/\/api.w.org\/{rel}","templated":true}]}}