{"id":23240,"date":"2022-02-09T11:47:45","date_gmt":"2022-02-09T14:47:45","guid":{"rendered":"https:\/\/www.hometheater.com.br\/portal\/?post_type=product&#038;p=23240"},"modified":"2022-04-04T14:21:38","modified_gmt":"2022-04-04T17:21:38","slug":"edicao-309-fevereiro-2022","status":"publish","type":"product","link":"https:\/\/www.hometheater.com.br\/portal\/edicao-309-fevereiro-2022\/","title":{"rendered":"Edi\u00e7\u00e3o 309 \u2013 Fevereiro\/2022"},"content":{"rendered":"<h4><strong>VEJA NA EDI\u00c7\u00c3O DE FEVEREIRO<\/strong><\/h4>\n<h6><strong>* <\/strong>Telas gigantes e incr\u00edveis inova\u00e7\u00f5es da CES 2022<\/h6>\n<h6><strong>* <\/strong>Dicas pr\u00e1ticas para sua rede dom\u00e9stica n\u00e3o cair nunca<\/h6>\n<h6><strong>* <\/strong>Amplificador integrado: por que o som \u00e9 melhor<\/h6>\n<h6><strong>* <\/strong>Caprichando nos m\u00f3veis e no design dos ambientes<\/h6>\n<h6><strong>* <\/strong>Exclusivo: comparamos o custo do streaming com a TV paga<\/h6>\n<h6><strong>*\u00a0<\/strong>Visitamos um apartamento com todas as caixas invis\u00edveis<\/h6>\n<h6><strong>* <\/strong>Brasil come\u00e7a a preparar seu sistema de TV 3.0<\/h6>\n<h6><strong>* <\/strong>Conhe\u00e7a a primeira TV 4K com plataforma Google<\/h6>\n","protected":false},"excerpt":{"rendered":"<p>VEJA NA EDI\u00c7\u00c3O DE FEVEREIRO * Telas gigantes e incr\u00edveis inova\u00e7\u00f5es da CES 2022 * Dicas pr\u00e1ticas para sua rede dom\u00e9stica n\u00e3o cair nunca *<\/p>\n","protected":false},"featured_media":23242,"template":"","meta":[],"product_brand":[],"product_cat":[53,48],"product_tag":[],"class_list":{"0":"post-23240","1":"product","2":"type-product","3":"status-publish","4":"has-post-thumbnail","6":"product_cat-edicoes-avulsas","7":"product_cat-edicoes-impressas","9":"first","10":"instock","11":"shipping-taxable","12":"purchasable","13":"product-type-simple"},"yoast_head":"<!-- This site is optimized with the Yoast SEO plugin v25.7 - https:\/\/yoast.com\/wordpress\/plugins\/seo\/ -->\n<title>Edi\u00e7\u00e3o 309 \u2013 Fevereiro\/2022 - HT &amp; Casa Digital<\/title>\n<meta name=\"robots\" content=\"index, follow, max-snippet:-1, max-image-preview:large, max-video-preview:-1\" \/>\n<link rel=\"canonical\" href=\"https:\/\/www.hometheater.com.br\/portal\/edicao-309-fevereiro-2022\/\" \/>\n<meta property=\"og:locale\" content=\"pt_BR\" \/>\n<meta property=\"og:type\" content=\"article\" \/>\n<meta property=\"og:title\" content=\"Edi\u00e7\u00e3o 309 \u2013 Fevereiro\/2022 - HT &amp; Casa Digital\" \/>\n<meta property=\"og:description\" content=\"VEJA NA EDI\u00c7\u00c3O DE FEVEREIRO * Telas gigantes e incr\u00edveis inova\u00e7\u00f5es da CES 2022 * Dicas pr\u00e1ticas para sua rede dom\u00e9stica n\u00e3o cair nunca *\" \/>\n<meta property=\"og:url\" content=\"https:\/\/www.hometheater.com.br\/portal\/edicao-309-fevereiro-2022\/\" \/>\n<meta property=\"og:site_name\" content=\"HT &amp; Casa Digital\" \/>\n<meta property=\"article:publisher\" content=\"https:\/\/web.facebook.com\/revistahometheater\" \/>\n<meta property=\"article:modified_time\" content=\"2022-04-04T17:21:38+00:00\" \/>\n<meta property=\"og:image\" content=\"https:\/\/www.hometheater.com.br\/portal\/wp-content\/uploads\/2022\/02\/capinha_309.jpg\" \/>\n\t<meta property=\"og:image:width\" content=\"300\" \/>\n\t<meta property=\"og:image:height\" content=\"403\" \/>\n\t<meta property=\"og:image:type\" content=\"image\/jpeg\" \/>\n<meta name=\"twitter:card\" content=\"summary_large_image\" \/>\n<meta name=\"twitter:site\" content=\"@hometheaterbr\" \/>\n<meta name=\"twitter:label1\" content=\"Est. tempo de leitura\" \/>\n\t<meta name=\"twitter:data1\" content=\"1 minuto\" \/>\n<script type=\"application\/ld+json\" class=\"yoast-schema-graph\">{\"@context\":\"https:\/\/schema.org\",\"@graph\":[{\"@type\":\"WebPage\",\"@id\":\"https:\/\/www.hometheater.com.br\/portal\/edicao-309-fevereiro-2022\/\",\"url\":\"https:\/\/www.hometheater.com.br\/portal\/edicao-309-fevereiro-2022\/\",\"name\":\"Edi\u00e7\u00e3o 309 \u2013 Fevereiro\/2022 - HT &amp; Casa Digital\",\"isPartOf\":{\"@id\":\"https:\/\/www.hometheater.com.br\/portal\/#website\"},\"primaryImageOfPage\":{\"@id\":\"https:\/\/www.hometheater.com.br\/portal\/edicao-309-fevereiro-2022\/#primaryimage\"},\"image\":{\"@id\":\"https:\/\/www.hometheater.com.br\/portal\/edicao-309-fevereiro-2022\/#primaryimage\"},\"thumbnailUrl\":\"https:\/\/www.hometheater.com.br\/portal\/wp-content\/uploads\/2022\/02\/capinha_309.jpg\",\"datePublished\":\"2022-02-09T14:47:45+00:00\",\"dateModified\":\"2022-04-04T17:21:38+00:00\",\"breadcrumb\":{\"@id\":\"https:\/\/www.hometheater.com.br\/portal\/edicao-309-fevereiro-2022\/#breadcrumb\"},\"inLanguage\":\"pt-BR\",\"potentialAction\":[{\"@type\":\"ReadAction\",\"target\":[\"https:\/\/www.hometheater.com.br\/portal\/edicao-309-fevereiro-2022\/\"]}]},{\"@type\":\"ImageObject\",\"inLanguage\":\"pt-BR\",\"@id\":\"https:\/\/www.hometheater.com.br\/portal\/edicao-309-fevereiro-2022\/#primaryimage\",\"url\":\"https:\/\/www.hometheater.com.br\/portal\/wp-content\/uploads\/2022\/02\/capinha_309.jpg\",\"contentUrl\":\"https:\/\/www.hometheater.com.br\/portal\/wp-content\/uploads\/2022\/02\/capinha_309.jpg\",\"width\":300,\"height\":403},{\"@type\":\"BreadcrumbList\",\"@id\":\"https:\/\/www.hometheater.com.br\/portal\/edicao-309-fevereiro-2022\/#breadcrumb\",\"itemListElement\":[{\"@type\":\"ListItem\",\"position\":1,\"name\":\"In\u00edcio\",\"item\":\"https:\/\/www.hometheater.com.br\/portal\/\"},{\"@type\":\"ListItem\",\"position\":2,\"name\":\"Assine HT &#038; Casa Digital\u200b\",\"item\":\"https:\/\/www.hometheater.com.br\/portal\/shop\/\"},{\"@type\":\"ListItem\",\"position\":3,\"name\":\"Edi\u00e7\u00e3o 309 \u2013 Fevereiro\/2022\"}]},{\"@type\":\"WebSite\",\"@id\":\"https:\/\/www.hometheater.com.br\/portal\/#website\",\"url\":\"https:\/\/www.hometheater.com.br\/portal\/\",\"name\":\"HT &amp; Casa Digital\",\"description\":\"O mundo digital em sua casa\",\"publisher\":{\"@id\":\"https:\/\/www.hometheater.com.br\/portal\/#organization\"},\"potentialAction\":[{\"@type\":\"SearchAction\",\"target\":{\"@type\":\"EntryPoint\",\"urlTemplate\":\"https:\/\/www.hometheater.com.br\/portal\/?s={search_term_string}\"},\"query-input\":{\"@type\":\"PropertyValueSpecification\",\"valueRequired\":true,\"valueName\":\"search_term_string\"}}],\"inLanguage\":\"pt-BR\"},{\"@type\":\"Organization\",\"@id\":\"https:\/\/www.hometheater.com.br\/portal\/#organization\",\"name\":\"Home Theater\",\"url\":\"https:\/\/www.hometheater.com.br\/portal\/\",\"logo\":{\"@type\":\"ImageObject\",\"inLanguage\":\"pt-BR\",\"@id\":\"https:\/\/www.hometheater.com.br\/portal\/#\/schema\/logo\/image\/\",\"url\":\"https:\/\/www.hometheater.com.br\/portal\/wp-content\/uploads\/2022\/06\/assine_ht_01.png\",\"contentUrl\":\"https:\/\/www.hometheater.com.br\/portal\/wp-content\/uploads\/2022\/06\/assine_ht_01.png\",\"width\":800,\"height\":254,\"caption\":\"Home Theater\"},\"image\":{\"@id\":\"https:\/\/www.hometheater.com.br\/portal\/#\/schema\/logo\/image\/\"},\"sameAs\":[\"https:\/\/web.facebook.com\/revistahometheater\",\"https:\/\/x.com\/hometheaterbr\"]}]}<\/script>\n<!-- \/ Yoast SEO plugin. -->","yoast_head_json":{"title":"Edi\u00e7\u00e3o 309 \u2013 Fevereiro\/2022 - HT &amp; Casa Digital","robots":{"index":"index","follow":"follow","max-snippet":"max-snippet:-1","max-image-preview":"max-image-preview:large","max-video-preview":"max-video-preview:-1"},"canonical":"https:\/\/www.hometheater.com.br\/portal\/edicao-309-fevereiro-2022\/","og_locale":"pt_BR","og_type":"article","og_title":"Edi\u00e7\u00e3o 309 \u2013 Fevereiro\/2022 - HT &amp; Casa Digital","og_description":"VEJA NA EDI\u00c7\u00c3O DE FEVEREIRO * Telas gigantes e incr\u00edveis inova\u00e7\u00f5es da CES 2022 * Dicas pr\u00e1ticas para sua rede dom\u00e9stica n\u00e3o cair nunca *","og_url":"https:\/\/www.hometheater.com.br\/portal\/edicao-309-fevereiro-2022\/","og_site_name":"HT &amp; Casa Digital","article_publisher":"https:\/\/web.facebook.com\/revistahometheater","article_modified_time":"2022-04-04T17:21:38+00:00","og_image":[{"width":300,"height":403,"url":"https:\/\/www.hometheater.com.br\/portal\/wp-content\/uploads\/2022\/02\/capinha_309.jpg","type":"image\/jpeg"}],"twitter_card":"summary_large_image","twitter_site":"@hometheaterbr","twitter_misc":{"Est. tempo de leitura":"1 minuto"},"schema":{"@context":"https:\/\/schema.org","@graph":[{"@type":"WebPage","@id":"https:\/\/www.hometheater.com.br\/portal\/edicao-309-fevereiro-2022\/","url":"https:\/\/www.hometheater.com.br\/portal\/edicao-309-fevereiro-2022\/","name":"Edi\u00e7\u00e3o 309 \u2013 Fevereiro\/2022 - HT &amp; Casa Digital","isPartOf":{"@id":"https:\/\/www.hometheater.com.br\/portal\/#website"},"primaryImageOfPage":{"@id":"https:\/\/www.hometheater.com.br\/portal\/edicao-309-fevereiro-2022\/#primaryimage"},"image":{"@id":"https:\/\/www.hometheater.com.br\/portal\/edicao-309-fevereiro-2022\/#primaryimage"},"thumbnailUrl":"https:\/\/www.hometheater.com.br\/portal\/wp-content\/uploads\/2022\/02\/capinha_309.jpg","datePublished":"2022-02-09T14:47:45+00:00","dateModified":"2022-04-04T17:21:38+00:00","breadcrumb":{"@id":"https:\/\/www.hometheater.com.br\/portal\/edicao-309-fevereiro-2022\/#breadcrumb"},"inLanguage":"pt-BR","potentialAction":[{"@type":"ReadAction","target":["https:\/\/www.hometheater.com.br\/portal\/edicao-309-fevereiro-2022\/"]}]},{"@type":"ImageObject","inLanguage":"pt-BR","@id":"https:\/\/www.hometheater.com.br\/portal\/edicao-309-fevereiro-2022\/#primaryimage","url":"https:\/\/www.hometheater.com.br\/portal\/wp-content\/uploads\/2022\/02\/capinha_309.jpg","contentUrl":"https:\/\/www.hometheater.com.br\/portal\/wp-content\/uploads\/2022\/02\/capinha_309.jpg","width":300,"height":403},{"@type":"BreadcrumbList","@id":"https:\/\/www.hometheater.com.br\/portal\/edicao-309-fevereiro-2022\/#breadcrumb","itemListElement":[{"@type":"ListItem","position":1,"name":"In\u00edcio","item":"https:\/\/www.hometheater.com.br\/portal\/"},{"@type":"ListItem","position":2,"name":"Assine HT &#038; Casa Digital\u200b","item":"https:\/\/www.hometheater.com.br\/portal\/shop\/"},{"@type":"ListItem","position":3,"name":"Edi\u00e7\u00e3o 309 \u2013 Fevereiro\/2022"}]},{"@type":"WebSite","@id":"https:\/\/www.hometheater.com.br\/portal\/#website","url":"https:\/\/www.hometheater.com.br\/portal\/","name":"HT &amp; Casa Digital","description":"O mundo digital em sua casa","publisher":{"@id":"https:\/\/www.hometheater.com.br\/portal\/#organization"},"potentialAction":[{"@type":"SearchAction","target":{"@type":"EntryPoint","urlTemplate":"https:\/\/www.hometheater.com.br\/portal\/?s={search_term_string}"},"query-input":{"@type":"PropertyValueSpecification","valueRequired":true,"valueName":"search_term_string"}}],"inLanguage":"pt-BR"},{"@type":"Organization","@id":"https:\/\/www.hometheater.com.br\/portal\/#organization","name":"Home Theater","url":"https:\/\/www.hometheater.com.br\/portal\/","logo":{"@type":"ImageObject","inLanguage":"pt-BR","@id":"https:\/\/www.hometheater.com.br\/portal\/#\/schema\/logo\/image\/","url":"https:\/\/www.hometheater.com.br\/portal\/wp-content\/uploads\/2022\/06\/assine_ht_01.png","contentUrl":"https:\/\/www.hometheater.com.br\/portal\/wp-content\/uploads\/2022\/06\/assine_ht_01.png","width":800,"height":254,"caption":"Home Theater"},"image":{"@id":"https:\/\/www.hometheater.com.br\/portal\/#\/schema\/logo\/image\/"},"sameAs":["https:\/\/web.facebook.com\/revistahometheater","https:\/\/x.com\/hometheaterbr"]}]}},"_links":{"self":[{"href":"https:\/\/www.hometheater.com.br\/portal\/wp-json\/wp\/v2\/product\/23240","targetHints":{"allow":["GET"]}}],"collection":[{"href":"https:\/\/www.hometheater.com.br\/portal\/wp-json\/wp\/v2\/product"}],"about":[{"href":"https:\/\/www.hometheater.com.br\/portal\/wp-json\/wp\/v2\/types\/product"}],"wp:featuredmedia":[{"embeddable":true,"href":"https:\/\/www.hometheater.com.br\/portal\/wp-json\/wp\/v2\/media\/23242"}],"wp:attachment":[{"href":"https:\/\/www.hometheater.com.br\/portal\/wp-json\/wp\/v2\/media?parent=23240"}],"wp:term":[{"taxonomy":"product_brand","embeddable":true,"href":"https:\/\/www.hometheater.com.br\/portal\/wp-json\/wp\/v2\/product_brand?post=23240"},{"taxonomy":"product_cat","embeddable":true,"href":"https:\/\/www.hometheater.com.br\/portal\/wp-json\/wp\/v2\/product_cat?post=23240"},{"taxonomy":"product_tag","embeddable":true,"href":"https:\/\/www.hometheater.com.br\/portal\/wp-json\/wp\/v2\/product_tag?post=23240"}],"curies":[{"name":"wp","href":"https:\/\/api.w.org\/{rel}","templated":true}]}}