{"id":19991,"date":"2021-01-29T15:19:48","date_gmt":"2021-01-29T18:19:48","guid":{"rendered":"https:\/\/www.hometheater.com.br\/portal\/?post_type=product&#038;p=19991"},"modified":"2021-01-29T15:24:38","modified_gmt":"2021-01-29T18:24:38","slug":"home-theater-best-2021","status":"publish","type":"product","link":"https:\/\/www.hometheater.com.br\/portal\/home-theater-best-2021\/","title":{"rendered":"Home Theater Best 2021"},"content":{"rendered":"<h5><strong>Chegou a nova edi\u00e7\u00e3o do Anu\u00e1rio HOME THEATER BEST, com mais uma sele\u00e7\u00e3o de equipamentos e projetos de home theater e automa\u00e7\u00e3o produzida pela equipe da revista HOME THEATER &amp; CASA DIGITAL.<\/strong><\/h5>\n<h5><strong>Publicado pela primeira vez no ano 2000, o Anu\u00e1rio HOME THEATER BEST se tornou uma das publica\u00e7\u00f5es mais tradicionais \u2013 e aguardadas \u2013 para os profissionais brasileiros. Mais uma vez, a edi\u00e7\u00e3o deste ano traz um panorama das tend\u00eancias em projetos residenciais, detalhando as solu\u00e7\u00f5es encontradas em casas e apartamentos de v\u00e1rias regi\u00f5es do pa\u00eds.&nbsp;<\/strong><\/h5>\n","protected":false},"excerpt":{"rendered":"<p>Chegou a nova edi\u00e7\u00e3o do Anu\u00e1rio HOME THEATER BEST, com mais uma sele\u00e7\u00e3o de equipamentos e projetos de home theater e automa\u00e7\u00e3o produzida pela equipe<\/p>\n","protected":false},"featured_media":19992,"template":"","meta":[],"product_brand":[],"product_cat":[53,48],"product_tag":[],"class_list":{"0":"post-19991","1":"product","2":"type-product","3":"status-publish","4":"has-post-thumbnail","6":"product_cat-edicoes-avulsas","7":"product_cat-edicoes-impressas","9":"first","10":"instock","11":"shipping-taxable","12":"purchasable","13":"product-type-simple"},"yoast_head":"<!-- This site is optimized with the Yoast SEO plugin v25.7 - https:\/\/yoast.com\/wordpress\/plugins\/seo\/ -->\n<title>Home Theater Best 2021 - HT &amp; Casa Digital<\/title>\n<meta name=\"robots\" content=\"index, follow, max-snippet:-1, max-image-preview:large, max-video-preview:-1\" \/>\n<link rel=\"canonical\" href=\"https:\/\/www.hometheater.com.br\/portal\/home-theater-best-2021\/\" \/>\n<meta property=\"og:locale\" content=\"pt_BR\" \/>\n<meta property=\"og:type\" content=\"article\" \/>\n<meta property=\"og:title\" content=\"Home Theater Best 2021 - HT &amp; Casa Digital\" \/>\n<meta property=\"og:description\" content=\"Chegou a nova edi\u00e7\u00e3o do Anu\u00e1rio HOME THEATER BEST, com mais uma sele\u00e7\u00e3o de equipamentos e projetos de home theater e automa\u00e7\u00e3o produzida pela equipe\" \/>\n<meta property=\"og:url\" content=\"https:\/\/www.hometheater.com.br\/portal\/home-theater-best-2021\/\" \/>\n<meta property=\"og:site_name\" content=\"HT &amp; Casa Digital\" \/>\n<meta property=\"article:publisher\" content=\"https:\/\/web.facebook.com\/revistahometheater\" \/>\n<meta property=\"article:modified_time\" content=\"2021-01-29T18:24:38+00:00\" \/>\n<meta property=\"og:image\" content=\"https:\/\/www.hometheater.com.br\/portal\/wp-content\/uploads\/2021\/01\/capa_best21.jpg\" \/>\n\t<meta property=\"og:image:width\" content=\"800\" \/>\n\t<meta property=\"og:image:height\" content=\"1074\" \/>\n\t<meta property=\"og:image:type\" content=\"image\/jpeg\" \/>\n<meta name=\"twitter:card\" content=\"summary_large_image\" \/>\n<meta name=\"twitter:site\" content=\"@hometheaterbr\" \/>\n<script type=\"application\/ld+json\" class=\"yoast-schema-graph\">{\"@context\":\"https:\/\/schema.org\",\"@graph\":[{\"@type\":\"WebPage\",\"@id\":\"https:\/\/www.hometheater.com.br\/portal\/home-theater-best-2021\/\",\"url\":\"https:\/\/www.hometheater.com.br\/portal\/home-theater-best-2021\/\",\"name\":\"Home Theater Best 2021 - HT &amp; Casa Digital\",\"isPartOf\":{\"@id\":\"https:\/\/www.hometheater.com.br\/portal\/#website\"},\"primaryImageOfPage\":{\"@id\":\"https:\/\/www.hometheater.com.br\/portal\/home-theater-best-2021\/#primaryimage\"},\"image\":{\"@id\":\"https:\/\/www.hometheater.com.br\/portal\/home-theater-best-2021\/#primaryimage\"},\"thumbnailUrl\":\"https:\/\/www.hometheater.com.br\/portal\/wp-content\/uploads\/2021\/01\/capa_best21.jpg\",\"datePublished\":\"2021-01-29T18:19:48+00:00\",\"dateModified\":\"2021-01-29T18:24:38+00:00\",\"breadcrumb\":{\"@id\":\"https:\/\/www.hometheater.com.br\/portal\/home-theater-best-2021\/#breadcrumb\"},\"inLanguage\":\"pt-BR\",\"potentialAction\":[{\"@type\":\"ReadAction\",\"target\":[\"https:\/\/www.hometheater.com.br\/portal\/home-theater-best-2021\/\"]}]},{\"@type\":\"ImageObject\",\"inLanguage\":\"pt-BR\",\"@id\":\"https:\/\/www.hometheater.com.br\/portal\/home-theater-best-2021\/#primaryimage\",\"url\":\"https:\/\/www.hometheater.com.br\/portal\/wp-content\/uploads\/2021\/01\/capa_best21.jpg\",\"contentUrl\":\"https:\/\/www.hometheater.com.br\/portal\/wp-content\/uploads\/2021\/01\/capa_best21.jpg\",\"width\":800,\"height\":1074},{\"@type\":\"BreadcrumbList\",\"@id\":\"https:\/\/www.hometheater.com.br\/portal\/home-theater-best-2021\/#breadcrumb\",\"itemListElement\":[{\"@type\":\"ListItem\",\"position\":1,\"name\":\"In\u00edcio\",\"item\":\"https:\/\/www.hometheater.com.br\/portal\/\"},{\"@type\":\"ListItem\",\"position\":2,\"name\":\"Assine HT &#038; Casa Digital\u200b\",\"item\":\"https:\/\/www.hometheater.com.br\/portal\/shop\/\"},{\"@type\":\"ListItem\",\"position\":3,\"name\":\"Home Theater Best 2021\"}]},{\"@type\":\"WebSite\",\"@id\":\"https:\/\/www.hometheater.com.br\/portal\/#website\",\"url\":\"https:\/\/www.hometheater.com.br\/portal\/\",\"name\":\"HT &amp; Casa Digital\",\"description\":\"O mundo digital em sua casa\",\"publisher\":{\"@id\":\"https:\/\/www.hometheater.com.br\/portal\/#organization\"},\"potentialAction\":[{\"@type\":\"SearchAction\",\"target\":{\"@type\":\"EntryPoint\",\"urlTemplate\":\"https:\/\/www.hometheater.com.br\/portal\/?s={search_term_string}\"},\"query-input\":{\"@type\":\"PropertyValueSpecification\",\"valueRequired\":true,\"valueName\":\"search_term_string\"}}],\"inLanguage\":\"pt-BR\"},{\"@type\":\"Organization\",\"@id\":\"https:\/\/www.hometheater.com.br\/portal\/#organization\",\"name\":\"Home Theater\",\"url\":\"https:\/\/www.hometheater.com.br\/portal\/\",\"logo\":{\"@type\":\"ImageObject\",\"inLanguage\":\"pt-BR\",\"@id\":\"https:\/\/www.hometheater.com.br\/portal\/#\/schema\/logo\/image\/\",\"url\":\"https:\/\/www.hometheater.com.br\/portal\/wp-content\/uploads\/2022\/06\/assine_ht_01.png\",\"contentUrl\":\"https:\/\/www.hometheater.com.br\/portal\/wp-content\/uploads\/2022\/06\/assine_ht_01.png\",\"width\":800,\"height\":254,\"caption\":\"Home Theater\"},\"image\":{\"@id\":\"https:\/\/www.hometheater.com.br\/portal\/#\/schema\/logo\/image\/\"},\"sameAs\":[\"https:\/\/web.facebook.com\/revistahometheater\",\"https:\/\/x.com\/hometheaterbr\"]}]}<\/script>\n<!-- \/ Yoast SEO plugin. -->","yoast_head_json":{"title":"Home Theater Best 2021 - HT &amp; Casa Digital","robots":{"index":"index","follow":"follow","max-snippet":"max-snippet:-1","max-image-preview":"max-image-preview:large","max-video-preview":"max-video-preview:-1"},"canonical":"https:\/\/www.hometheater.com.br\/portal\/home-theater-best-2021\/","og_locale":"pt_BR","og_type":"article","og_title":"Home Theater Best 2021 - HT &amp; Casa Digital","og_description":"Chegou a nova edi\u00e7\u00e3o do Anu\u00e1rio HOME THEATER BEST, com mais uma sele\u00e7\u00e3o de equipamentos e projetos de home theater e automa\u00e7\u00e3o produzida pela equipe","og_url":"https:\/\/www.hometheater.com.br\/portal\/home-theater-best-2021\/","og_site_name":"HT &amp; Casa Digital","article_publisher":"https:\/\/web.facebook.com\/revistahometheater","article_modified_time":"2021-01-29T18:24:38+00:00","og_image":[{"width":800,"height":1074,"url":"https:\/\/www.hometheater.com.br\/portal\/wp-content\/uploads\/2021\/01\/capa_best21.jpg","type":"image\/jpeg"}],"twitter_card":"summary_large_image","twitter_site":"@hometheaterbr","schema":{"@context":"https:\/\/schema.org","@graph":[{"@type":"WebPage","@id":"https:\/\/www.hometheater.com.br\/portal\/home-theater-best-2021\/","url":"https:\/\/www.hometheater.com.br\/portal\/home-theater-best-2021\/","name":"Home Theater Best 2021 - HT &amp; Casa Digital","isPartOf":{"@id":"https:\/\/www.hometheater.com.br\/portal\/#website"},"primaryImageOfPage":{"@id":"https:\/\/www.hometheater.com.br\/portal\/home-theater-best-2021\/#primaryimage"},"image":{"@id":"https:\/\/www.hometheater.com.br\/portal\/home-theater-best-2021\/#primaryimage"},"thumbnailUrl":"https:\/\/www.hometheater.com.br\/portal\/wp-content\/uploads\/2021\/01\/capa_best21.jpg","datePublished":"2021-01-29T18:19:48+00:00","dateModified":"2021-01-29T18:24:38+00:00","breadcrumb":{"@id":"https:\/\/www.hometheater.com.br\/portal\/home-theater-best-2021\/#breadcrumb"},"inLanguage":"pt-BR","potentialAction":[{"@type":"ReadAction","target":["https:\/\/www.hometheater.com.br\/portal\/home-theater-best-2021\/"]}]},{"@type":"ImageObject","inLanguage":"pt-BR","@id":"https:\/\/www.hometheater.com.br\/portal\/home-theater-best-2021\/#primaryimage","url":"https:\/\/www.hometheater.com.br\/portal\/wp-content\/uploads\/2021\/01\/capa_best21.jpg","contentUrl":"https:\/\/www.hometheater.com.br\/portal\/wp-content\/uploads\/2021\/01\/capa_best21.jpg","width":800,"height":1074},{"@type":"BreadcrumbList","@id":"https:\/\/www.hometheater.com.br\/portal\/home-theater-best-2021\/#breadcrumb","itemListElement":[{"@type":"ListItem","position":1,"name":"In\u00edcio","item":"https:\/\/www.hometheater.com.br\/portal\/"},{"@type":"ListItem","position":2,"name":"Assine HT &#038; Casa Digital\u200b","item":"https:\/\/www.hometheater.com.br\/portal\/shop\/"},{"@type":"ListItem","position":3,"name":"Home Theater Best 2021"}]},{"@type":"WebSite","@id":"https:\/\/www.hometheater.com.br\/portal\/#website","url":"https:\/\/www.hometheater.com.br\/portal\/","name":"HT &amp; Casa Digital","description":"O mundo digital em sua casa","publisher":{"@id":"https:\/\/www.hometheater.com.br\/portal\/#organization"},"potentialAction":[{"@type":"SearchAction","target":{"@type":"EntryPoint","urlTemplate":"https:\/\/www.hometheater.com.br\/portal\/?s={search_term_string}"},"query-input":{"@type":"PropertyValueSpecification","valueRequired":true,"valueName":"search_term_string"}}],"inLanguage":"pt-BR"},{"@type":"Organization","@id":"https:\/\/www.hometheater.com.br\/portal\/#organization","name":"Home Theater","url":"https:\/\/www.hometheater.com.br\/portal\/","logo":{"@type":"ImageObject","inLanguage":"pt-BR","@id":"https:\/\/www.hometheater.com.br\/portal\/#\/schema\/logo\/image\/","url":"https:\/\/www.hometheater.com.br\/portal\/wp-content\/uploads\/2022\/06\/assine_ht_01.png","contentUrl":"https:\/\/www.hometheater.com.br\/portal\/wp-content\/uploads\/2022\/06\/assine_ht_01.png","width":800,"height":254,"caption":"Home Theater"},"image":{"@id":"https:\/\/www.hometheater.com.br\/portal\/#\/schema\/logo\/image\/"},"sameAs":["https:\/\/web.facebook.com\/revistahometheater","https:\/\/x.com\/hometheaterbr"]}]}},"_links":{"self":[{"href":"https:\/\/www.hometheater.com.br\/portal\/wp-json\/wp\/v2\/product\/19991","targetHints":{"allow":["GET"]}}],"collection":[{"href":"https:\/\/www.hometheater.com.br\/portal\/wp-json\/wp\/v2\/product"}],"about":[{"href":"https:\/\/www.hometheater.com.br\/portal\/wp-json\/wp\/v2\/types\/product"}],"wp:featuredmedia":[{"embeddable":true,"href":"https:\/\/www.hometheater.com.br\/portal\/wp-json\/wp\/v2\/media\/19992"}],"wp:attachment":[{"href":"https:\/\/www.hometheater.com.br\/portal\/wp-json\/wp\/v2\/media?parent=19991"}],"wp:term":[{"taxonomy":"product_brand","embeddable":true,"href":"https:\/\/www.hometheater.com.br\/portal\/wp-json\/wp\/v2\/product_brand?post=19991"},{"taxonomy":"product_cat","embeddable":true,"href":"https:\/\/www.hometheater.com.br\/portal\/wp-json\/wp\/v2\/product_cat?post=19991"},{"taxonomy":"product_tag","embeddable":true,"href":"https:\/\/www.hometheater.com.br\/portal\/wp-json\/wp\/v2\/product_tag?post=19991"}],"curies":[{"name":"wp","href":"https:\/\/api.w.org\/{rel}","templated":true}]}}