{"id":31039,"date":"2024-05-17T17:26:18","date_gmt":"2024-05-17T20:26:18","guid":{"rendered":"https:\/\/www.hometheater.com.br\/portal\/?page_id=31039"},"modified":"2024-06-28T15:02:45","modified_gmt":"2024-06-28T18:02:45","slug":"2workshop","status":"publish","type":"page","link":"https:\/\/www.hometheater.com.br\/portal\/2workshop\/","title":{"rendered":""},"content":{"rendered":"<p><a href=\"https:\/\/www.hometheater.com.br\/portal\/2o-home-theater-workshop-25-06\/\"><img loading=\"lazy\" decoding=\"async\" class=\"aligncenter size-full wp-image-31057\" src=\"https:\/\/www.hometheater.com.br\/portal\/wp-content\/uploads\/2024\/05\/header_workshop05.jpg\" alt=\"\" width=\"800\" height=\"549\" srcset=\"https:\/\/www.hometheater.com.br\/portal\/wp-content\/uploads\/2024\/05\/header_workshop05.jpg 800w, https:\/\/www.hometheater.com.br\/portal\/wp-content\/uploads\/2024\/05\/header_workshop05-400x275.jpg 400w, https:\/\/www.hometheater.com.br\/portal\/wp-content\/uploads\/2024\/05\/header_workshop05-500x343.jpg 500w, https:\/\/www.hometheater.com.br\/portal\/wp-content\/uploads\/2024\/05\/header_workshop05-300x206.jpg 300w, https:\/\/www.hometheater.com.br\/portal\/wp-content\/uploads\/2024\/05\/header_workshop05-768x527.jpg 768w\" sizes=\"auto, (max-width: 800px) 100vw, 800px\" \/><\/a><\/p>\n<p><img loading=\"lazy\" decoding=\"async\" class=\"aligncenter size-full wp-image-31394\" src=\"https:\/\/www.hometheater.com.br\/portal\/wp-content\/uploads\/2024\/06\/vemai_3.jpg\" alt=\"\" width=\"800\" height=\"139\" srcset=\"https:\/\/www.hometheater.com.br\/portal\/wp-content\/uploads\/2024\/06\/vemai_3.jpg 800w, https:\/\/www.hometheater.com.br\/portal\/wp-content\/uploads\/2024\/06\/vemai_3-300x52.jpg 300w, https:\/\/www.hometheater.com.br\/portal\/wp-content\/uploads\/2024\/06\/vemai_3-768x133.jpg 768w, https:\/\/www.hometheater.com.br\/portal\/wp-content\/uploads\/2024\/06\/vemai_3-400x70.jpg 400w, https:\/\/www.hometheater.com.br\/portal\/wp-content\/uploads\/2024\/06\/vemai_3-500x87.jpg 500w\" sizes=\"auto, (max-width: 800px) 100vw, 800px\" \/><\/p>\n<p><img loading=\"lazy\" decoding=\"async\" class=\"aligncenter size-full wp-image-31388\" src=\"https:\/\/www.hometheater.com.br\/portal\/wp-content\/uploads\/2024\/06\/home_workshop_02_img1.jpg\" alt=\"\" width=\"700\" height=\"488\" srcset=\"https:\/\/www.hometheater.com.br\/portal\/wp-content\/uploads\/2024\/06\/home_workshop_02_img1.jpg 700w, https:\/\/www.hometheater.com.br\/portal\/wp-content\/uploads\/2024\/06\/home_workshop_02_img1-300x209.jpg 300w, https:\/\/www.hometheater.com.br\/portal\/wp-content\/uploads\/2024\/06\/home_workshop_02_img1-400x279.jpg 400w, https:\/\/www.hometheater.com.br\/portal\/wp-content\/uploads\/2024\/06\/home_workshop_02_img1-500x349.jpg 500w\" sizes=\"auto, (max-width: 700px) 100vw, 700px\" \/><\/p>\n<p><img loading=\"lazy\" decoding=\"async\" class=\"aligncenter size-full wp-image-31389\" src=\"https:\/\/www.hometheater.com.br\/portal\/wp-content\/uploads\/2024\/06\/home_workshop_02_img.jpg\" alt=\"\" width=\"700\" height=\"490\" srcset=\"https:\/\/www.hometheater.com.br\/portal\/wp-content\/uploads\/2024\/06\/home_workshop_02_img.jpg 700w, https:\/\/www.hometheater.com.br\/portal\/wp-content\/uploads\/2024\/06\/home_workshop_02_img-300x210.jpg 300w, https:\/\/www.hometheater.com.br\/portal\/wp-content\/uploads\/2024\/06\/home_workshop_02_img-400x280.jpg 400w, https:\/\/www.hometheater.com.br\/portal\/wp-content\/uploads\/2024\/06\/home_workshop_02_img-500x350.jpg 500w\" sizes=\"auto, (max-width: 700px) 100vw, 700px\" \/><\/p>\n<p><img loading=\"lazy\" decoding=\"async\" class=\"aligncenter size-full wp-image-31391\" src=\"https:\/\/www.hometheater.com.br\/portal\/wp-content\/uploads\/2024\/06\/home_workshop_03_img.jpg\" alt=\"\" width=\"700\" height=\"467\" srcset=\"https:\/\/www.hometheater.com.br\/portal\/wp-content\/uploads\/2024\/06\/home_workshop_03_img.jpg 700w, https:\/\/www.hometheater.com.br\/portal\/wp-content\/uploads\/2024\/06\/home_workshop_03_img-300x200.jpg 300w, https:\/\/www.hometheater.com.br\/portal\/wp-content\/uploads\/2024\/06\/home_workshop_03_img-400x267.jpg 400w, https:\/\/www.hometheater.com.br\/portal\/wp-content\/uploads\/2024\/06\/home_workshop_03_img-500x334.jpg 500w\" sizes=\"auto, (max-width: 700px) 100vw, 700px\" \/><\/p>\n<p>&nbsp;<\/p>\n<p><a href=\"#palestrantes\"><img loading=\"lazy\" decoding=\"async\" class=\"aligncenter wp-image-31103 size-full\" src=\"https:\/\/www.hometheater.com.br\/portal\/wp-content\/uploads\/2024\/05\/patrocinio_realizacao_.jpg\" alt=\"\" width=\"800\" height=\"143\" srcset=\"https:\/\/www.hometheater.com.br\/portal\/wp-content\/uploads\/2024\/05\/patrocinio_realizacao_.jpg 800w, https:\/\/www.hometheater.com.br\/portal\/wp-content\/uploads\/2024\/05\/patrocinio_realizacao_-400x72.jpg 400w, https:\/\/www.hometheater.com.br\/portal\/wp-content\/uploads\/2024\/05\/patrocinio_realizacao_-500x89.jpg 500w, https:\/\/www.hometheater.com.br\/portal\/wp-content\/uploads\/2024\/05\/patrocinio_realizacao_-300x54.jpg 300w, https:\/\/www.hometheater.com.br\/portal\/wp-content\/uploads\/2024\/05\/patrocinio_realizacao_-768x137.jpg 768w\" sizes=\"auto, (max-width: 800px) 100vw, 800px\" \/><\/a><\/p>\n<p><a href=\"#palestrantes\"><img loading=\"lazy\" decoding=\"async\" class=\"aligncenter size-full wp-image-31111\" src=\"https:\/\/www.hometheater.com.br\/portal\/wp-content\/uploads\/2024\/05\/palestrantes_wk02d.jpg\" alt=\"\" width=\"800\" height=\"520\" \/><\/a><\/p>\n<h3><\/h3>\n<h3><span style=\"text-decoration: underline;\"><strong><a id=\"palestrantes\"><\/a>PALESTRANTES<\/strong><\/span><\/h3>\n<h4><span style=\"text-decoration: underline;\"><strong>CRISTIANO S. DEL CASTAGNE<\/strong><\/span><\/h4>\n<p><strong>Som ambiente e arquitetura sonora<\/strong><\/p>\n<p><em>Graduado em licenciatura da Educa\u00e7\u00e3o. S\u00f3cio administrador de empresa no segmento de \u00e1udio. Experi\u00eancia de mais de 20 anos no segmento de sonoriza\u00e7\u00e3o. <\/em><em>Instrutor t\u00e9cnico do CTEF (Centro de Treinamento de Especialistas FRAHM), maior programa de forma\u00e7\u00e3o de instaladores do BRASIL.<\/em><\/p><div class=\"homet-conteudo\" style=\"text-align: center;\" id=\"homet-2847081294\"><div data-cfpa=\"36066\" data-cfpw=\"36066\" id=\"homet-1496799931\"><a data-no-instant=\"1\" href=\"https:\/\/loja.sommaior.com.br\/\" rel=\"noopener\" class=\"a2t-link\" aria-label=\"ABBEY-ROAD_360x300px\"><img loading=\"lazy\" decoding=\"async\" src=\"https:\/\/www.hometheater.com.br\/portal\/wp-content\/uploads\/2025\/10\/ABBEY-ROAD_360x300px.jpg\" alt=\"\"  class=\"no-lazyload\" width=\"300\" height=\"250\"   \/><\/a><\/div><script type=\"text\/javascript\">;new advadsCfpAd( 36066 );<\/script><\/div>\n<p>&nbsp;<\/p>\n<h4><span style=\"text-decoration: underline;\"><strong>HARALD CINTRA<\/strong><\/span><\/h4>\n<p><strong>Seguran\u00e7a nas Redes Residenciais<\/strong><\/p>\n<p><em>Graduado em F\u00edsica pela Universidade Mackenzie, com MBA Executivo na Faculdade Prudente de Morais. Atuou como professor de microprocessadores de 1983 a 1990. Fundador da AMCP Xtend, pioneira no desenvolvimento e fabrica\u00e7\u00e3o de amplificadores multiroom no Brasil.<\/em><\/p>\n<p><strong>\u00a0<\/strong><\/p>\n<h4><span style=\"text-decoration: underline;\"><strong>JO\u00c3O FERNANDO GOMES DE OLIVEIRA<\/strong><\/span><\/h4>\n<p><strong>Solu\u00e7\u00f5es de Intelig\u00eancia Artificial na Casa Inteligente<\/strong><\/p>\n<p><em>Possui Gradua\u00e7\u00e3o, Doutorado e Livre Doc\u00eancia em Engenharia de Automa\u00e7\u00e3o pela Universidade de S\u00e3o Paulo &#8211; Escola de Engenharia de S\u00e3o Carlos e P\u00f3s Doutorado pela University of California &#8211; Berkeley, onde tamb\u00e9m foi professor visitante. Foi Diretor Presidente do IPT &#8211; Instituto de Pesquisas Tecnol\u00f3gicas do Estado de S\u00e3o Paulo. Foi condecorado com a Comenda e a Gr\u00e3-Cruz da Ordem Nacional do M\u00e9rito Cient\u00edfico da Presid\u00eancia da Rep\u00fablica. Professor Titular aposentado da Escola de Engenharia de S\u00e3o Carlos da Universidade de S\u00e3o Paulo. \u00c9 co-fundador e Diretor da Scenario Automation.<\/em><\/p>\n<p><strong>\u00a0<\/strong><\/p>\n<h4><span style=\"text-decoration: underline;\"><strong>NELSON BAUMGRATZ<\/strong><\/span><\/h4>\n<p><strong>Como Atuar no Segmento Pro AV<\/strong><\/p>\n<p><em>Engenheiro Civil pela UFMG e Mestre em Tecnologias da Intelig\u00eancia e Design Digital pela PUC-SP. Em 2012, foi o primeiro latinoamericano agraciado com o t\u00edtulo de Educador do Ano pela AVIXA (The Audiovisual and Integrated Experience Association &#8211; avixa.org) para o Mercosul, com certifica\u00e7\u00e3o CTS-D. Atualmente, \u00e9 Gerente Regional da AVIXA promovendo a conscientiza\u00e7\u00e3o para certifica\u00e7\u00e3o de profissionais na ind\u00fastria AV Pro e a ado\u00e7\u00e3o das Normas T\u00e9cnicas Audiovisuais AVIXA, al\u00e9m de fomentar acordos com institui\u00e7\u00f5es de ensino brasileiras para a forma\u00e7\u00e3o de m\u00e3o de obra qualificada em AV Pro.<\/em><\/p>\n<p>&nbsp;<\/p>\n<h3><span style=\"text-decoration: underline;\"><strong>COMO FUNCIONA<\/strong><\/span><\/h3>\n<p><strong>HOME THEATER WORKSHOP<\/strong> \u00e9 um evento t\u00e9cnico com palestras, demonstra\u00e7\u00e3o de produtos e networking das marcas com profissionais e influenciadores do mercado AV &amp; Automa\u00e7\u00e3o Residencial.<\/p>\n<p><strong>Formato \u2013 <\/strong>Um dia inteiro de apresenta\u00e7\u00f5es sobre tend\u00eancias do mercado premium, novas tecnologias e estrat\u00e9gias. As palestras s\u00e3o essencialmente t\u00e9cnicas, com dura\u00e7\u00e3o aproximada de 45 minutos; na sequ\u00eancia, cada empresa patrocinadora tem at\u00e9 30\u2019 para falar de seus produtos e solu\u00e7\u00f5es.<\/p>\n<p><strong>P\u00fablico \u2013 <\/strong>HOME THEATER WORKSHOP \u00e9 direcionado preferencialmente a integradores de sistemas AV e de Automa\u00e7\u00e3o (Smart Home), arquitetos, designers, revendedores, instaladores e demais profissionais atuantes no segmento.<\/p>\n<p>&nbsp;<\/p>\n<p><a href=\"https:\/\/www.hometheater.com.br\/portal\/ht_workshop\/\"><img loading=\"lazy\" decoding=\"async\" class=\"aligncenter wp-image-31097 size-full\" src=\"https:\/\/www.hometheater.com.br\/portal\/wp-content\/uploads\/2024\/05\/clique_aqui.png\" alt=\"\" width=\"602\" height=\"167\" srcset=\"https:\/\/www.hometheater.com.br\/portal\/wp-content\/uploads\/2024\/05\/clique_aqui.png 602w, https:\/\/www.hometheater.com.br\/portal\/wp-content\/uploads\/2024\/05\/clique_aqui-400x111.png 400w, https:\/\/www.hometheater.com.br\/portal\/wp-content\/uploads\/2024\/05\/clique_aqui-500x139.png 500w, https:\/\/www.hometheater.com.br\/portal\/wp-content\/uploads\/2024\/05\/clique_aqui-300x83.png 300w\" sizes=\"auto, (max-width: 602px) 100vw, 602px\" \/><\/a><\/p>\n","protected":false},"excerpt":{"rendered":"<p>&nbsp; PALESTRANTES CRISTIANO S. DEL CASTAGNE Som ambiente e arquitetura sonora Graduado em licenciatura da Educa\u00e7\u00e3o. S\u00f3cio administrador de empresa no segmento de \u00e1udio. Experi\u00eancia<\/p>\n","protected":false},"author":1,"featured_media":0,"parent":0,"menu_order":0,"comment_status":"closed","ping_status":"closed","template":"","meta":{"footnotes":""},"class_list":["post-31039","page","type-page","status-publish","hentry"],"yoast_head":"<!-- This site is optimized with the Yoast SEO plugin v25.7 - https:\/\/yoast.com\/wordpress\/plugins\/seo\/ -->\n<title>- HT &amp; Casa Digital<\/title>\n<meta name=\"robots\" content=\"index, follow, max-snippet:-1, max-image-preview:large, max-video-preview:-1\" \/>\n<link rel=\"canonical\" href=\"https:\/\/www.hometheater.com.br\/portal\/2workshop\/\" \/>\n<meta property=\"og:locale\" content=\"pt_BR\" \/>\n<meta property=\"og:type\" content=\"article\" \/>\n<meta property=\"og:title\" content=\"- HT &amp; Casa Digital\" \/>\n<meta property=\"og:description\" content=\"&nbsp; PALESTRANTES CRISTIANO S. DEL CASTAGNE Som ambiente e arquitetura sonora Graduado em licenciatura da Educa\u00e7\u00e3o. S\u00f3cio administrador de empresa no segmento de \u00e1udio. Experi\u00eancia\" \/>\n<meta property=\"og:url\" content=\"https:\/\/www.hometheater.com.br\/portal\/2workshop\/\" \/>\n<meta property=\"og:site_name\" content=\"HT &amp; Casa Digital\" \/>\n<meta property=\"article:publisher\" content=\"https:\/\/web.facebook.com\/revistahometheater\" \/>\n<meta property=\"article:modified_time\" content=\"2024-06-28T18:02:45+00:00\" \/>\n<meta property=\"og:image\" content=\"https:\/\/www.hometheater.com.br\/portal\/wp-content\/uploads\/2024\/05\/header_workshop05.jpg\" \/>\n<meta name=\"twitter:card\" content=\"summary_large_image\" \/>\n<meta name=\"twitter:site\" content=\"@hometheaterbr\" \/>\n<meta name=\"twitter:label1\" content=\"Est. tempo de leitura\" \/>\n\t<meta name=\"twitter:data1\" content=\"2 minutos\" \/>\n<script type=\"application\/ld+json\" class=\"yoast-schema-graph\">{\"@context\":\"https:\/\/schema.org\",\"@graph\":[{\"@type\":\"WebPage\",\"@id\":\"https:\/\/www.hometheater.com.br\/portal\/2workshop\/\",\"url\":\"https:\/\/www.hometheater.com.br\/portal\/2workshop\/\",\"name\":\"- HT &amp; Casa Digital\",\"isPartOf\":{\"@id\":\"https:\/\/www.hometheater.com.br\/portal\/#website\"},\"primaryImageOfPage\":{\"@id\":\"https:\/\/www.hometheater.com.br\/portal\/2workshop\/#primaryimage\"},\"image\":{\"@id\":\"https:\/\/www.hometheater.com.br\/portal\/2workshop\/#primaryimage\"},\"thumbnailUrl\":\"https:\/\/www.hometheater.com.br\/portal\/wp-content\/uploads\/2024\/05\/header_workshop05.jpg\",\"datePublished\":\"2024-05-17T20:26:18+00:00\",\"dateModified\":\"2024-06-28T18:02:45+00:00\",\"inLanguage\":\"pt-BR\",\"potentialAction\":[{\"@type\":\"ReadAction\",\"target\":[\"https:\/\/www.hometheater.com.br\/portal\/2workshop\/\"]}]},{\"@type\":\"ImageObject\",\"inLanguage\":\"pt-BR\",\"@id\":\"https:\/\/www.hometheater.com.br\/portal\/2workshop\/#primaryimage\",\"url\":\"https:\/\/www.hometheater.com.br\/portal\/wp-content\/uploads\/2024\/05\/header_workshop05.jpg\",\"contentUrl\":\"https:\/\/www.hometheater.com.br\/portal\/wp-content\/uploads\/2024\/05\/header_workshop05.jpg\",\"width\":800,\"height\":549},{\"@type\":\"WebSite\",\"@id\":\"https:\/\/www.hometheater.com.br\/portal\/#website\",\"url\":\"https:\/\/www.hometheater.com.br\/portal\/\",\"name\":\"HT &amp; Casa Digital\",\"description\":\"O mundo digital em sua casa\",\"publisher\":{\"@id\":\"https:\/\/www.hometheater.com.br\/portal\/#organization\"},\"potentialAction\":[{\"@type\":\"SearchAction\",\"target\":{\"@type\":\"EntryPoint\",\"urlTemplate\":\"https:\/\/www.hometheater.com.br\/portal\/?s={search_term_string}\"},\"query-input\":{\"@type\":\"PropertyValueSpecification\",\"valueRequired\":true,\"valueName\":\"search_term_string\"}}],\"inLanguage\":\"pt-BR\"},{\"@type\":\"Organization\",\"@id\":\"https:\/\/www.hometheater.com.br\/portal\/#organization\",\"name\":\"Home Theater\",\"url\":\"https:\/\/www.hometheater.com.br\/portal\/\",\"logo\":{\"@type\":\"ImageObject\",\"inLanguage\":\"pt-BR\",\"@id\":\"https:\/\/www.hometheater.com.br\/portal\/#\/schema\/logo\/image\/\",\"url\":\"https:\/\/www.hometheater.com.br\/portal\/wp-content\/uploads\/2022\/06\/assine_ht_01.png\",\"contentUrl\":\"https:\/\/www.hometheater.com.br\/portal\/wp-content\/uploads\/2022\/06\/assine_ht_01.png\",\"width\":800,\"height\":254,\"caption\":\"Home Theater\"},\"image\":{\"@id\":\"https:\/\/www.hometheater.com.br\/portal\/#\/schema\/logo\/image\/\"},\"sameAs\":[\"https:\/\/web.facebook.com\/revistahometheater\",\"https:\/\/x.com\/hometheaterbr\"]}]}<\/script>\n<!-- \/ Yoast SEO plugin. -->","yoast_head_json":{"title":"- HT &amp; Casa Digital","robots":{"index":"index","follow":"follow","max-snippet":"max-snippet:-1","max-image-preview":"max-image-preview:large","max-video-preview":"max-video-preview:-1"},"canonical":"https:\/\/www.hometheater.com.br\/portal\/2workshop\/","og_locale":"pt_BR","og_type":"article","og_title":"- HT &amp; Casa Digital","og_description":"&nbsp; PALESTRANTES CRISTIANO S. DEL CASTAGNE Som ambiente e arquitetura sonora Graduado em licenciatura da Educa\u00e7\u00e3o. S\u00f3cio administrador de empresa no segmento de \u00e1udio. Experi\u00eancia","og_url":"https:\/\/www.hometheater.com.br\/portal\/2workshop\/","og_site_name":"HT &amp; Casa Digital","article_publisher":"https:\/\/web.facebook.com\/revistahometheater","article_modified_time":"2024-06-28T18:02:45+00:00","og_image":[{"url":"https:\/\/www.hometheater.com.br\/portal\/wp-content\/uploads\/2024\/05\/header_workshop05.jpg","type":"","width":"","height":""}],"twitter_card":"summary_large_image","twitter_site":"@hometheaterbr","twitter_misc":{"Est. tempo de leitura":"2 minutos"},"schema":{"@context":"https:\/\/schema.org","@graph":[{"@type":"WebPage","@id":"https:\/\/www.hometheater.com.br\/portal\/2workshop\/","url":"https:\/\/www.hometheater.com.br\/portal\/2workshop\/","name":"- HT &amp; Casa Digital","isPartOf":{"@id":"https:\/\/www.hometheater.com.br\/portal\/#website"},"primaryImageOfPage":{"@id":"https:\/\/www.hometheater.com.br\/portal\/2workshop\/#primaryimage"},"image":{"@id":"https:\/\/www.hometheater.com.br\/portal\/2workshop\/#primaryimage"},"thumbnailUrl":"https:\/\/www.hometheater.com.br\/portal\/wp-content\/uploads\/2024\/05\/header_workshop05.jpg","datePublished":"2024-05-17T20:26:18+00:00","dateModified":"2024-06-28T18:02:45+00:00","inLanguage":"pt-BR","potentialAction":[{"@type":"ReadAction","target":["https:\/\/www.hometheater.com.br\/portal\/2workshop\/"]}]},{"@type":"ImageObject","inLanguage":"pt-BR","@id":"https:\/\/www.hometheater.com.br\/portal\/2workshop\/#primaryimage","url":"https:\/\/www.hometheater.com.br\/portal\/wp-content\/uploads\/2024\/05\/header_workshop05.jpg","contentUrl":"https:\/\/www.hometheater.com.br\/portal\/wp-content\/uploads\/2024\/05\/header_workshop05.jpg","width":800,"height":549},{"@type":"WebSite","@id":"https:\/\/www.hometheater.com.br\/portal\/#website","url":"https:\/\/www.hometheater.com.br\/portal\/","name":"HT &amp; Casa Digital","description":"O mundo digital em sua casa","publisher":{"@id":"https:\/\/www.hometheater.com.br\/portal\/#organization"},"potentialAction":[{"@type":"SearchAction","target":{"@type":"EntryPoint","urlTemplate":"https:\/\/www.hometheater.com.br\/portal\/?s={search_term_string}"},"query-input":{"@type":"PropertyValueSpecification","valueRequired":true,"valueName":"search_term_string"}}],"inLanguage":"pt-BR"},{"@type":"Organization","@id":"https:\/\/www.hometheater.com.br\/portal\/#organization","name":"Home Theater","url":"https:\/\/www.hometheater.com.br\/portal\/","logo":{"@type":"ImageObject","inLanguage":"pt-BR","@id":"https:\/\/www.hometheater.com.br\/portal\/#\/schema\/logo\/image\/","url":"https:\/\/www.hometheater.com.br\/portal\/wp-content\/uploads\/2022\/06\/assine_ht_01.png","contentUrl":"https:\/\/www.hometheater.com.br\/portal\/wp-content\/uploads\/2022\/06\/assine_ht_01.png","width":800,"height":254,"caption":"Home Theater"},"image":{"@id":"https:\/\/www.hometheater.com.br\/portal\/#\/schema\/logo\/image\/"},"sameAs":["https:\/\/web.facebook.com\/revistahometheater","https:\/\/x.com\/hometheaterbr"]}]}},"_links":{"self":[{"href":"https:\/\/www.hometheater.com.br\/portal\/wp-json\/wp\/v2\/pages\/31039","targetHints":{"allow":["GET"]}}],"collection":[{"href":"https:\/\/www.hometheater.com.br\/portal\/wp-json\/wp\/v2\/pages"}],"about":[{"href":"https:\/\/www.hometheater.com.br\/portal\/wp-json\/wp\/v2\/types\/page"}],"author":[{"embeddable":true,"href":"https:\/\/www.hometheater.com.br\/portal\/wp-json\/wp\/v2\/users\/1"}],"replies":[{"embeddable":true,"href":"https:\/\/www.hometheater.com.br\/portal\/wp-json\/wp\/v2\/comments?post=31039"}],"version-history":[{"count":0,"href":"https:\/\/www.hometheater.com.br\/portal\/wp-json\/wp\/v2\/pages\/31039\/revisions"}],"wp:attachment":[{"href":"https:\/\/www.hometheater.com.br\/portal\/wp-json\/wp\/v2\/media?parent=31039"}],"curies":[{"name":"wp","href":"https:\/\/api.w.org\/{rel}","templated":true}]}}