{"id":29998,"date":"2024-01-17T08:14:12","date_gmt":"2024-01-17T11:14:12","guid":{"rendered":"https:\/\/www.hometheater.com.br\/portal\/?page_id=29998"},"modified":"2024-03-05T15:44:06","modified_gmt":"2024-03-05T18:44:06","slug":"ht_workshop","status":"publish","type":"page","link":"https:\/\/www.hometheater.com.br\/portal\/ht_workshop\/","title":{"rendered":""},"content":{"rendered":"<p><a href=\"https:\/\/www.hometheater.com.br\/portal\/2024\/02\/28\/home-theater-workshop-confirma-sucesso-na-1a-edicao\/\"><img loading=\"lazy\" decoding=\"async\" class=\"aligncenter wp-image-30529\" src=\"https:\/\/www.hometheater.com.br\/portal\/wp-content\/uploads\/2024\/02\/logo_htworkshop.png\" alt=\"\" width=\"471\" height=\"211\" srcset=\"https:\/\/www.hometheater.com.br\/portal\/wp-content\/uploads\/2024\/02\/logo_htworkshop.png 500w, https:\/\/www.hometheater.com.br\/portal\/wp-content\/uploads\/2024\/02\/logo_htworkshop-400x179.png 400w, https:\/\/www.hometheater.com.br\/portal\/wp-content\/uploads\/2024\/02\/logo_htworkshop-300x134.png 300w\" sizes=\"auto, (max-width: 471px) 100vw, 471px\" \/><\/a><\/p>\n<p><a href=\"https:\/\/www.hometheater.com.br\/portal\/2024\/02\/28\/home-theater-workshop-confirma-sucesso-na-1a-edicao\/\"><img loading=\"lazy\" decoding=\"async\" class=\"aligncenter wp-image-30535 size-full\" src=\"https:\/\/www.hometheater.com.br\/portal\/wp-content\/uploads\/2024\/02\/sucesso.png\" alt=\"\" width=\"1180\" height=\"170\" srcset=\"https:\/\/www.hometheater.com.br\/portal\/wp-content\/uploads\/2024\/02\/sucesso.png 1180w, https:\/\/www.hometheater.com.br\/portal\/wp-content\/uploads\/2024\/02\/sucesso-400x58.png 400w, https:\/\/www.hometheater.com.br\/portal\/wp-content\/uploads\/2024\/02\/sucesso-500x72.png 500w, https:\/\/www.hometheater.com.br\/portal\/wp-content\/uploads\/2024\/02\/sucesso-300x43.png 300w, https:\/\/www.hometheater.com.br\/portal\/wp-content\/uploads\/2024\/02\/sucesso-1024x148.png 1024w, https:\/\/www.hometheater.com.br\/portal\/wp-content\/uploads\/2024\/02\/sucesso-768x111.png 768w\" sizes=\"auto, (max-width: 1180px) 100vw, 1180px\" \/><\/a><\/p>\n<p><a href=\"https:\/\/www.hometheater.com.br\/portal\/2024\/02\/28\/home-theater-workshop-confirma-sucesso-na-1a-edicao\/\"><img loading=\"lazy\" decoding=\"async\" class=\"aligncenter size-full wp-image-30522\" src=\"https:\/\/www.hometheater.com.br\/portal\/wp-content\/uploads\/2024\/02\/plateia_hw.jpg\" alt=\"\" width=\"800\" height=\"490\" srcset=\"https:\/\/www.hometheater.com.br\/portal\/wp-content\/uploads\/2024\/02\/plateia_hw.jpg 800w, https:\/\/www.hometheater.com.br\/portal\/wp-content\/uploads\/2024\/02\/plateia_hw-400x245.jpg 400w, https:\/\/www.hometheater.com.br\/portal\/wp-content\/uploads\/2024\/02\/plateia_hw-500x306.jpg 500w, https:\/\/www.hometheater.com.br\/portal\/wp-content\/uploads\/2024\/02\/plateia_hw-300x184.jpg 300w, https:\/\/www.hometheater.com.br\/portal\/wp-content\/uploads\/2024\/02\/plateia_hw-768x470.jpg 768w\" sizes=\"auto, (max-width: 800px) 100vw, 800px\" \/><\/a><\/p>\n<p><a href=\"https:\/\/www.hometheater.com.br\/portal\/2024\/02\/28\/home-theater-workshop-confirma-sucesso-na-1a-edicao\/\"><img loading=\"lazy\" decoding=\"async\" class=\"aligncenter wp-image-30523\" src=\"https:\/\/www.hometheater.com.br\/portal\/wp-content\/uploads\/2024\/02\/pos_ht_workshop1.png\" alt=\"\" width=\"1081\" height=\"282\" srcset=\"https:\/\/www.hometheater.com.br\/portal\/wp-content\/uploads\/2024\/02\/pos_ht_workshop1.png 1180w, https:\/\/www.hometheater.com.br\/portal\/wp-content\/uploads\/2024\/02\/pos_ht_workshop1-400x104.png 400w, https:\/\/www.hometheater.com.br\/portal\/wp-content\/uploads\/2024\/02\/pos_ht_workshop1-500x131.png 500w, https:\/\/www.hometheater.com.br\/portal\/wp-content\/uploads\/2024\/02\/pos_ht_workshop1-300x78.png 300w, https:\/\/www.hometheater.com.br\/portal\/wp-content\/uploads\/2024\/02\/pos_ht_workshop1-1024x267.png 1024w, https:\/\/www.hometheater.com.br\/portal\/wp-content\/uploads\/2024\/02\/pos_ht_workshop1-768x200.png 768w\" sizes=\"auto, (max-width: 1081px) 100vw, 1081px\" \/><\/a><\/p>\n<p>&nbsp;<\/p>\n<p><img loading=\"lazy\" decoding=\"async\" class=\"size-full wp-image-30527 alignleft\" src=\"https:\/\/www.hometheater.com.br\/portal\/wp-content\/uploads\/2024\/02\/como_foi_.png\" alt=\"\" width=\"800\" height=\"62\" srcset=\"https:\/\/www.hometheater.com.br\/portal\/wp-content\/uploads\/2024\/02\/como_foi_.png 800w, https:\/\/www.hometheater.com.br\/portal\/wp-content\/uploads\/2024\/02\/como_foi_-400x31.png 400w, https:\/\/www.hometheater.com.br\/portal\/wp-content\/uploads\/2024\/02\/como_foi_-500x39.png 500w, https:\/\/www.hometheater.com.br\/portal\/wp-content\/uploads\/2024\/02\/como_foi_-300x23.png 300w, https:\/\/www.hometheater.com.br\/portal\/wp-content\/uploads\/2024\/02\/como_foi_-768x60.png 768w\" sizes=\"auto, (max-width: 800px) 100vw, 800px\" \/><\/p>\n<p><center><iframe loading=\"lazy\" title=\"YouTube video player\" src=\"https:\/\/www.youtube.com\/embed\/dSFEkXUJShg?si=j_7bE8bJMm3Y4ryb\" width=\"700\" height=\"394\" frameborder=\"0\" allowfullscreen=\"allowfullscreen\"><span data-mce-type=\"bookmark\" style=\"display: inline-block; width: 0px; overflow: hidden; line-height: 0;\" class=\"mce_SELRES_start\">\ufeff<\/span><\/iframe><\/center><\/p>\n<p><center><iframe loading=\"lazy\" title=\"YouTube video player\" src=\"https:\/\/www.youtube.com\/embed\/fazN6nMm1w4?si=B2qG97fydYiUNLyf\" width=\"700\" height=\"394\" frameborder=\"0\" allowfullscreen=\"allowfullscreen\"><span data-mce-type=\"bookmark\" style=\"display: inline-block; width: 0px; overflow: hidden; line-height: 0;\" class=\"mce_SELRES_start\">\ufeff<\/span><span data-mce-type=\"bookmark\" style=\"display: inline-block; width: 0px; overflow: hidden; line-height: 0;\" class=\"mce_SELRES_start\">\ufeff<\/span><\/iframe><\/center><\/p>\n<p><a href=\"#participantes\"><img loading=\"lazy\" decoding=\"async\" class=\"size-full wp-image-30517 aligncenter\" src=\"https:\/\/www.hometheater.com.br\/portal\/wp-content\/uploads\/2024\/02\/data.png\" alt=\"\" width=\"590\" height=\"112\" srcset=\"https:\/\/www.hometheater.com.br\/portal\/wp-content\/uploads\/2024\/02\/data.png 590w, https:\/\/www.hometheater.com.br\/portal\/wp-content\/uploads\/2024\/02\/data-400x76.png 400w, https:\/\/www.hometheater.com.br\/portal\/wp-content\/uploads\/2024\/02\/data-500x95.png 500w, https:\/\/www.hometheater.com.br\/portal\/wp-content\/uploads\/2024\/02\/data-300x57.png 300w\" sizes=\"auto, (max-width: 590px) 100vw, 590px\" \/><\/a><\/p>\n<p><a href=\"#participantes\"><img decoding=\"async\" class=\"aligncenter wp-image-30518\" src=\"https:\/\/www.hometheater.com.br\/portal\/wp-content\/uploads\/2024\/02\/programa_htw.jpg\" alt=\"\" width=\"769\" srcset=\"https:\/\/www.hometheater.com.br\/portal\/wp-content\/uploads\/2024\/02\/programa_htw.jpg 1174w, https:\/\/www.hometheater.com.br\/portal\/wp-content\/uploads\/2024\/02\/programa_htw-400x147.jpg 400w, https:\/\/www.hometheater.com.br\/portal\/wp-content\/uploads\/2024\/02\/programa_htw-500x184.jpg 500w, https:\/\/www.hometheater.com.br\/portal\/wp-content\/uploads\/2024\/02\/programa_htw-300x110.jpg 300w, https:\/\/www.hometheater.com.br\/portal\/wp-content\/uploads\/2024\/02\/programa_htw-1024x376.jpg 1024w, https:\/\/www.hometheater.com.br\/portal\/wp-content\/uploads\/2024\/02\/programa_htw-768x282.jpg 768w\" sizes=\"(max-width: 1174px) 100vw, 1174px\" \/><img decoding=\"async\" class=\"aligncenter wp-image-30211\" src=\"https:\/\/www.hometheater.com.br\/portal\/wp-content\/uploads\/2024\/02\/palestrantes_workshop_.jpg\" alt=\"\" \/><\/a><\/p>\n<p>&nbsp;<\/p>\n<p><a name=\"participantes\"><\/a><\/p>\n<p><span style=\"text-decoration: underline;\"><strong>JO\u00c3O YAZBEK, s\u00f3cio-diretor e CEO, AAT<\/strong><\/span><\/p>\n<p><strong>09h: Como projetar um sistema de multiroom<\/strong><\/p><div class=\"homet-conteudo\" style=\"text-align: center;\" id=\"homet-971027349\"><div data-cfpa=\"36066\" data-cfpw=\"36066\" id=\"homet-1495269736\"><a data-no-instant=\"1\" href=\"https:\/\/loja.sommaior.com.br\/\" rel=\"noopener\" class=\"a2t-link\" aria-label=\"ABBEY-ROAD_360x300px\"><img loading=\"lazy\" decoding=\"async\" src=\"https:\/\/www.hometheater.com.br\/portal\/wp-content\/uploads\/2025\/10\/ABBEY-ROAD_360x300px.jpg\" alt=\"\"  class=\"no-lazyload\" width=\"300\" height=\"250\"   \/><\/a><\/div><script type=\"text\/javascript\">;new advadsCfpAd( 36066 );<\/script><\/div>\n<p><em>Engenheiro pela Universidade Mackenzie, \u00e9 Master of Science pela USP, com MBA pela FGV e pela University of Chicago. Atuou por v\u00e1rios anos na divis\u00e3o de Engenharia da Philips, no Brasil e na Holanda. Em 2006, fundou a Advanced Audio Technologies (AAT), que se tornou uma das principais fabricantes brasileiras de solu\u00e7\u00f5es em \u00e1udio, produzindo caixas ac\u00fasticas, subwoofers, amplificadores, streamers, condicionadores de energia e acess\u00f3rios para instala\u00e7\u00f5es AV. <\/em><\/p>\n<p>&nbsp;<\/p>\n<h4><span style=\"text-decoration: underline;\"><strong>NIELSON MELO, Gerente de Canais, AUDIOGENE<\/strong><\/span><\/h4>\n<p><strong>11h: Pain\u00e9is de LED, o futuro do Home Theater<\/strong><\/p>\n<p><em>Profissional com mais de sete anos de experi\u00eancia como Gerente de Canais Indiretos na Audiogene, apaixonado por desenvolver e entregar solu\u00e7\u00f5es inovadoras de \u00e1udio, v\u00eddeo e sinaliza\u00e7\u00e3o digital, com servi\u00e7os baseados em tecnologias de nuvem e IoT. S\u00f3lida experi\u00eancia em telecomunica\u00e7\u00f5es e TI, tendo trabalhado com marcas l\u00edderes como Crestron, Absolute e AMX, e implementado com sucesso diversos projetos de pain\u00e9is LED e efici\u00eancia energ\u00e9tica. Graduado em Engenharia El\u00e9trica pelo Mackenzie, P\u00f3s-Graduado em Telecomunica\u00e7\u00f5es pela FAAP e Transforma\u00e7\u00e3o Digital pelo Mackenzie. MBA em Gerenciamento Empresarial pela FGV.<\/em><\/p>\n<p>&nbsp;<\/p>\n<p><span style=\"text-decoration: underline;\"><strong>MICHEL GOMES, Gerente de Treinamentos, HARMAN DO BRASIL<\/strong><\/span><\/p>\n<p><strong>14h: Inova\u00e7\u00e3o e desafios do \u00e1udio sem fio<\/strong><\/p>\n<p><em>Formado em Tecnologia da Informa\u00e7\u00e3o, tem longa experi\u00eancia em treinamento para diversas marcas conceituadas de \u00e1udio &amp; v\u00eddeo e automa\u00e7\u00e3o residencial. Atua tamb\u00e9m na an\u00e1lise e desenvolvimento de novos produtos; suporte a revendas na especifica\u00e7\u00e3o de projetos; elabora\u00e7\u00e3o de documentos t\u00e9cnicos; assist\u00eancia t\u00e9cnica; programa\u00e7\u00e3o de UI para automa\u00e7\u00e3o (marcas como Lutron, Elan, Nice e Keydigital); desenvolvimento de drivers; suporte e gerenciamento de redes Zwave.<\/em><\/p>\n<p>&nbsp;<\/p>\n<p><span style=\"text-decoration: underline;\"><strong>RICARDO BRUNIALTI, gerente de marketing, AUDIOGENE<\/strong><\/span><\/p>\n<p><strong>16h: AV &amp; Automa\u00e7\u00e3o em sistemas de alto valor<\/strong><\/p>\n<p><em>Desde de 2002 na \u00e1rea de tecnologia atuou junto aos maiores distribuidores nacionais e marcas globais em \u00e1udio, v\u00eddeo, controle de ilumina\u00e7\u00e3o, automa\u00e7\u00e3o residencial e equipamentos de inform\u00e1tica. Ao longo desse tempo acumulou experi\u00eancia em varejo, e-commerce, treinamento, customer experience,, marketing e comunica\u00e7\u00e3o. Sua trajet\u00f3ria acad\u00eamica inclui forma\u00e7\u00e3o t\u00e9cnica em edifica\u00e7\u00f5es (Instituto Federal de SP), engenharia civil (USP), gest\u00e3o de marketing (Anhembi-Morumbi) e especializa\u00e7\u00e3o em comunica\u00e7\u00e3o (FGV).<\/em><\/p>\n","protected":false},"excerpt":{"rendered":"<p>&nbsp; \ufeff \ufeff\ufeff &nbsp; JO\u00c3O YAZBEK, s\u00f3cio-diretor e CEO, AAT 09h: Como projetar um sistema de multiroom Engenheiro pela Universidade Mackenzie, \u00e9 Master of Science<\/p>\n","protected":false},"author":1,"featured_media":0,"parent":0,"menu_order":0,"comment_status":"closed","ping_status":"closed","template":"","meta":{"footnotes":""},"class_list":["post-29998","page","type-page","status-publish","hentry"],"yoast_head":"<!-- This site is optimized with the Yoast SEO plugin v25.7 - https:\/\/yoast.com\/wordpress\/plugins\/seo\/ -->\n<title>- HT &amp; Casa Digital<\/title>\n<meta name=\"robots\" content=\"index, follow, max-snippet:-1, max-image-preview:large, max-video-preview:-1\" \/>\n<link rel=\"canonical\" href=\"https:\/\/www.hometheater.com.br\/portal\/ht_workshop\/\" \/>\n<meta property=\"og:locale\" content=\"pt_BR\" \/>\n<meta property=\"og:type\" content=\"article\" \/>\n<meta property=\"og:title\" content=\"- HT &amp; Casa Digital\" \/>\n<meta property=\"og:description\" content=\"&nbsp; \ufeff \ufeff\ufeff &nbsp; JO\u00c3O YAZBEK, s\u00f3cio-diretor e CEO, AAT 09h: Como projetar um sistema de multiroom Engenheiro pela Universidade Mackenzie, \u00e9 Master of Science\" \/>\n<meta property=\"og:url\" content=\"https:\/\/www.hometheater.com.br\/portal\/ht_workshop\/\" \/>\n<meta property=\"og:site_name\" content=\"HT &amp; Casa Digital\" \/>\n<meta property=\"article:publisher\" content=\"https:\/\/web.facebook.com\/revistahometheater\" \/>\n<meta property=\"article:modified_time\" content=\"2024-03-05T18:44:06+00:00\" \/>\n<meta property=\"og:image\" content=\"https:\/\/www.hometheater.com.br\/portal\/wp-content\/uploads\/2024\/02\/logo_htworkshop.png\" \/>\n<meta name=\"twitter:card\" content=\"summary_large_image\" \/>\n<meta name=\"twitter:site\" content=\"@hometheaterbr\" \/>\n<meta name=\"twitter:label1\" content=\"Est. tempo de leitura\" \/>\n\t<meta name=\"twitter:data1\" content=\"2 minutos\" \/>\n<script type=\"application\/ld+json\" class=\"yoast-schema-graph\">{\"@context\":\"https:\/\/schema.org\",\"@graph\":[{\"@type\":\"WebPage\",\"@id\":\"https:\/\/www.hometheater.com.br\/portal\/ht_workshop\/\",\"url\":\"https:\/\/www.hometheater.com.br\/portal\/ht_workshop\/\",\"name\":\"- HT &amp; Casa Digital\",\"isPartOf\":{\"@id\":\"https:\/\/www.hometheater.com.br\/portal\/#website\"},\"primaryImageOfPage\":{\"@id\":\"https:\/\/www.hometheater.com.br\/portal\/ht_workshop\/#primaryimage\"},\"image\":{\"@id\":\"https:\/\/www.hometheater.com.br\/portal\/ht_workshop\/#primaryimage\"},\"thumbnailUrl\":\"https:\/\/www.hometheater.com.br\/portal\/wp-content\/uploads\/2024\/02\/logo_htworkshop.png\",\"datePublished\":\"2024-01-17T11:14:12+00:00\",\"dateModified\":\"2024-03-05T18:44:06+00:00\",\"inLanguage\":\"pt-BR\",\"potentialAction\":[{\"@type\":\"ReadAction\",\"target\":[\"https:\/\/www.hometheater.com.br\/portal\/ht_workshop\/\"]}]},{\"@type\":\"ImageObject\",\"inLanguage\":\"pt-BR\",\"@id\":\"https:\/\/www.hometheater.com.br\/portal\/ht_workshop\/#primaryimage\",\"url\":\"https:\/\/www.hometheater.com.br\/portal\/wp-content\/uploads\/2024\/02\/logo_htworkshop.png\",\"contentUrl\":\"https:\/\/www.hometheater.com.br\/portal\/wp-content\/uploads\/2024\/02\/logo_htworkshop.png\",\"width\":500,\"height\":224},{\"@type\":\"WebSite\",\"@id\":\"https:\/\/www.hometheater.com.br\/portal\/#website\",\"url\":\"https:\/\/www.hometheater.com.br\/portal\/\",\"name\":\"HT &amp; Casa Digital\",\"description\":\"O mundo digital em sua casa\",\"publisher\":{\"@id\":\"https:\/\/www.hometheater.com.br\/portal\/#organization\"},\"potentialAction\":[{\"@type\":\"SearchAction\",\"target\":{\"@type\":\"EntryPoint\",\"urlTemplate\":\"https:\/\/www.hometheater.com.br\/portal\/?s={search_term_string}\"},\"query-input\":{\"@type\":\"PropertyValueSpecification\",\"valueRequired\":true,\"valueName\":\"search_term_string\"}}],\"inLanguage\":\"pt-BR\"},{\"@type\":\"Organization\",\"@id\":\"https:\/\/www.hometheater.com.br\/portal\/#organization\",\"name\":\"Home Theater\",\"url\":\"https:\/\/www.hometheater.com.br\/portal\/\",\"logo\":{\"@type\":\"ImageObject\",\"inLanguage\":\"pt-BR\",\"@id\":\"https:\/\/www.hometheater.com.br\/portal\/#\/schema\/logo\/image\/\",\"url\":\"https:\/\/www.hometheater.com.br\/portal\/wp-content\/uploads\/2022\/06\/assine_ht_01.png\",\"contentUrl\":\"https:\/\/www.hometheater.com.br\/portal\/wp-content\/uploads\/2022\/06\/assine_ht_01.png\",\"width\":800,\"height\":254,\"caption\":\"Home Theater\"},\"image\":{\"@id\":\"https:\/\/www.hometheater.com.br\/portal\/#\/schema\/logo\/image\/\"},\"sameAs\":[\"https:\/\/web.facebook.com\/revistahometheater\",\"https:\/\/x.com\/hometheaterbr\"]}]}<\/script>\n<!-- \/ Yoast SEO plugin. -->","yoast_head_json":{"title":"- HT &amp; Casa Digital","robots":{"index":"index","follow":"follow","max-snippet":"max-snippet:-1","max-image-preview":"max-image-preview:large","max-video-preview":"max-video-preview:-1"},"canonical":"https:\/\/www.hometheater.com.br\/portal\/ht_workshop\/","og_locale":"pt_BR","og_type":"article","og_title":"- HT &amp; Casa Digital","og_description":"&nbsp; \ufeff \ufeff\ufeff &nbsp; JO\u00c3O YAZBEK, s\u00f3cio-diretor e CEO, AAT 09h: Como projetar um sistema de multiroom Engenheiro pela Universidade Mackenzie, \u00e9 Master of Science","og_url":"https:\/\/www.hometheater.com.br\/portal\/ht_workshop\/","og_site_name":"HT &amp; Casa Digital","article_publisher":"https:\/\/web.facebook.com\/revistahometheater","article_modified_time":"2024-03-05T18:44:06+00:00","og_image":[{"url":"https:\/\/www.hometheater.com.br\/portal\/wp-content\/uploads\/2024\/02\/logo_htworkshop.png","type":"","width":"","height":""}],"twitter_card":"summary_large_image","twitter_site":"@hometheaterbr","twitter_misc":{"Est. tempo de leitura":"2 minutos"},"schema":{"@context":"https:\/\/schema.org","@graph":[{"@type":"WebPage","@id":"https:\/\/www.hometheater.com.br\/portal\/ht_workshop\/","url":"https:\/\/www.hometheater.com.br\/portal\/ht_workshop\/","name":"- HT &amp; Casa Digital","isPartOf":{"@id":"https:\/\/www.hometheater.com.br\/portal\/#website"},"primaryImageOfPage":{"@id":"https:\/\/www.hometheater.com.br\/portal\/ht_workshop\/#primaryimage"},"image":{"@id":"https:\/\/www.hometheater.com.br\/portal\/ht_workshop\/#primaryimage"},"thumbnailUrl":"https:\/\/www.hometheater.com.br\/portal\/wp-content\/uploads\/2024\/02\/logo_htworkshop.png","datePublished":"2024-01-17T11:14:12+00:00","dateModified":"2024-03-05T18:44:06+00:00","inLanguage":"pt-BR","potentialAction":[{"@type":"ReadAction","target":["https:\/\/www.hometheater.com.br\/portal\/ht_workshop\/"]}]},{"@type":"ImageObject","inLanguage":"pt-BR","@id":"https:\/\/www.hometheater.com.br\/portal\/ht_workshop\/#primaryimage","url":"https:\/\/www.hometheater.com.br\/portal\/wp-content\/uploads\/2024\/02\/logo_htworkshop.png","contentUrl":"https:\/\/www.hometheater.com.br\/portal\/wp-content\/uploads\/2024\/02\/logo_htworkshop.png","width":500,"height":224},{"@type":"WebSite","@id":"https:\/\/www.hometheater.com.br\/portal\/#website","url":"https:\/\/www.hometheater.com.br\/portal\/","name":"HT &amp; Casa Digital","description":"O mundo digital em sua casa","publisher":{"@id":"https:\/\/www.hometheater.com.br\/portal\/#organization"},"potentialAction":[{"@type":"SearchAction","target":{"@type":"EntryPoint","urlTemplate":"https:\/\/www.hometheater.com.br\/portal\/?s={search_term_string}"},"query-input":{"@type":"PropertyValueSpecification","valueRequired":true,"valueName":"search_term_string"}}],"inLanguage":"pt-BR"},{"@type":"Organization","@id":"https:\/\/www.hometheater.com.br\/portal\/#organization","name":"Home Theater","url":"https:\/\/www.hometheater.com.br\/portal\/","logo":{"@type":"ImageObject","inLanguage":"pt-BR","@id":"https:\/\/www.hometheater.com.br\/portal\/#\/schema\/logo\/image\/","url":"https:\/\/www.hometheater.com.br\/portal\/wp-content\/uploads\/2022\/06\/assine_ht_01.png","contentUrl":"https:\/\/www.hometheater.com.br\/portal\/wp-content\/uploads\/2022\/06\/assine_ht_01.png","width":800,"height":254,"caption":"Home Theater"},"image":{"@id":"https:\/\/www.hometheater.com.br\/portal\/#\/schema\/logo\/image\/"},"sameAs":["https:\/\/web.facebook.com\/revistahometheater","https:\/\/x.com\/hometheaterbr"]}]}},"_links":{"self":[{"href":"https:\/\/www.hometheater.com.br\/portal\/wp-json\/wp\/v2\/pages\/29998","targetHints":{"allow":["GET"]}}],"collection":[{"href":"https:\/\/www.hometheater.com.br\/portal\/wp-json\/wp\/v2\/pages"}],"about":[{"href":"https:\/\/www.hometheater.com.br\/portal\/wp-json\/wp\/v2\/types\/page"}],"author":[{"embeddable":true,"href":"https:\/\/www.hometheater.com.br\/portal\/wp-json\/wp\/v2\/users\/1"}],"replies":[{"embeddable":true,"href":"https:\/\/www.hometheater.com.br\/portal\/wp-json\/wp\/v2\/comments?post=29998"}],"version-history":[{"count":0,"href":"https:\/\/www.hometheater.com.br\/portal\/wp-json\/wp\/v2\/pages\/29998\/revisions"}],"wp:attachment":[{"href":"https:\/\/www.hometheater.com.br\/portal\/wp-json\/wp\/v2\/media?parent=29998"}],"curies":[{"name":"wp","href":"https:\/\/api.w.org\/{rel}","templated":true}]}}