{"id":1638,"date":"2016-09-19T14:18:05","date_gmt":"2016-09-19T14:18:05","guid":{"rendered":"http:\/\/revistahometheater.uol.com.br\/portal\/?page_id=1638"},"modified":"2025-04-03T10:25:34","modified_gmt":"2025-04-03T13:25:34","slug":"sobre","status":"publish","type":"page","link":"https:\/\/www.hometheater.com.br\/portal\/sobre\/","title":{"rendered":"SOBRE"},"content":{"rendered":"<p><img loading=\"lazy\" decoding=\"async\" class=\"aligncenter size-full wp-image-33356\" src=\"https:\/\/www.hometheater.com.br\/portal\/wp-content\/uploads\/2025\/03\/logo_home_theater_-2.png\" alt=\"\" width=\"600\" height=\"162\" srcset=\"https:\/\/www.hometheater.com.br\/portal\/wp-content\/uploads\/2025\/03\/logo_home_theater_-2.png 600w, https:\/\/www.hometheater.com.br\/portal\/wp-content\/uploads\/2025\/03\/logo_home_theater_-2-300x81.png 300w, https:\/\/www.hometheater.com.br\/portal\/wp-content\/uploads\/2025\/03\/logo_home_theater_-2-400x108.png 400w, https:\/\/www.hometheater.com.br\/portal\/wp-content\/uploads\/2025\/03\/logo_home_theater_-2-500x135.png 500w\" sizes=\"auto, (max-width: 600px) 100vw, 600px\" \/><\/p>\n<p>Este portal nasceu como herdeiro dos quase 30 anos de sucesso da Revista <strong>HOME THEATER &amp; CASA DIGITAL<\/strong>. Em 2025, estamos transferindo todo o nosso banco de dados para os arquivos do portal, reformulado para oferecer mais conte\u00fados e servi\u00e7os aos leitores.<\/p>\n<p>Aqui, e tamb\u00e9m atrav\u00e9s da newsletter HT-Express, nossas m\u00eddias sociais e nosso exclusivo database, distribu\u00edmos conte\u00fados exclusivos produzidos pela equipe, agora com muito mais atualiza\u00e7\u00f5es. S\u00e3o novos formatos e ferramentas para dar maior visibilidade \u00e0s marcas do segmento, explorando as in\u00fameras possibilidades da comunica\u00e7\u00e3o digital.<\/p><div class=\"homet-conteudo\" style=\"text-align: center;\" id=\"homet-3196196984\"><div data-cfpa=\"35734\" data-cfpw=\"35734\" id=\"homet-450714798\"><a data-no-instant=\"1\" href=\"https:\/\/www.harmanluxuryaudio.com\/\" rel=\"noopener\" class=\"a2t-link\" aria-label=\"ARCAM-SA45-BANNER-NEWSLETTER\"><img loading=\"lazy\" decoding=\"async\" src=\"https:\/\/www.hometheater.com.br\/portal\/wp-content\/uploads\/2025\/09\/ARCAM-SA45-BANNER-NEWSLETTER.gif\" alt=\"\"  class=\"no-lazyload\" width=\"300\" height=\"250\"   \/><\/a><\/div><h6><span style=\"color: #808080;\"><em>Publicidade<\/em><\/span><\/h6>\r\n<\/br><script type=\"text\/javascript\">;new advadsCfpAd( 35734 );<\/script><\/div>\n<p>Este portal pretende ser uma fonte permanente e confi\u00e1vel de informa\u00e7\u00f5es atualizadas sobre tecnologias de \u00c1udio, TVs, Streaming e Automa\u00e7\u00e3o Residencial, apresentando solu\u00e7\u00f5es para a Casa Inteligente. Um centro de converg\u00eancia para os consumidores brasileiros e para os milhares de profissionais do segmento.<\/p>\n<p>Falamos diretamente para integradores, revendedores, instaladores, designers de ambientes, arquitetos, consultores da ind\u00fastria e formadores de opini\u00e3o, visando expandir os horizontes de neg\u00f3cio para todos eles.<\/p>\n<p style=\"text-align: left;\"><strong><a href=\"mailto:web@hometheater.com.br\">ENTRE EM CONTATO CONOSCO<\/a><\/strong><\/p>\n<p>Rua Jo\u00e3o Jos\u00e9 da Silva, 332<br \/>\nS\u00e3o Paulo &#8211; SP<br \/>\nCEP 04191-140<br \/>\n<strong>Telefone:<\/strong> (11) 3473-8112<br \/>\n<strong>WhatsApp:<\/strong> (11) 98915-5816<br \/>\n<strong>E-mail:<\/strong> <a href=\"mailto:web@hometheater.com.br\">web@hometheater.com.br<\/a><\/p>\n","protected":false},"excerpt":{"rendered":"<p>Este portal nasceu como herdeiro dos quase 30 anos de sucesso da Revista HOME THEATER &amp; CASA DIGITAL. Em 2025, estamos transferindo todo o nosso<\/p>\n","protected":false},"author":1,"featured_media":0,"parent":0,"menu_order":0,"comment_status":"closed","ping_status":"closed","template":"","meta":{"footnotes":""},"class_list":["post-1638","page","type-page","status-publish","hentry"],"yoast_head":"<!-- This site is optimized with the Yoast SEO plugin v25.7 - https:\/\/yoast.com\/wordpress\/plugins\/seo\/ -->\n<title>SOBRE - HT &amp; Casa Digital<\/title>\n<meta name=\"robots\" content=\"index, follow, max-snippet:-1, max-image-preview:large, max-video-preview:-1\" \/>\n<link rel=\"canonical\" href=\"https:\/\/www.hometheater.com.br\/portal\/sobre\/\" \/>\n<meta property=\"og:locale\" content=\"pt_BR\" \/>\n<meta property=\"og:type\" content=\"article\" \/>\n<meta property=\"og:title\" content=\"SOBRE - HT &amp; Casa Digital\" \/>\n<meta property=\"og:description\" content=\"Este portal nasceu como herdeiro dos quase 30 anos de sucesso da Revista HOME THEATER &amp; CASA DIGITAL. Em 2025, estamos transferindo todo o nosso\" \/>\n<meta property=\"og:url\" content=\"https:\/\/www.hometheater.com.br\/portal\/sobre\/\" \/>\n<meta property=\"og:site_name\" content=\"HT &amp; Casa Digital\" \/>\n<meta property=\"article:publisher\" content=\"https:\/\/web.facebook.com\/revistahometheater\" \/>\n<meta property=\"article:modified_time\" content=\"2025-04-03T13:25:34+00:00\" \/>\n<meta property=\"og:image\" content=\"https:\/\/www.hometheater.com.br\/portal\/wp-content\/uploads\/2020\/02\/logotipo_ht.png\" \/>\n<meta name=\"twitter:card\" content=\"summary_large_image\" \/>\n<meta name=\"twitter:site\" content=\"@hometheaterbr\" \/>\n<meta name=\"twitter:label1\" content=\"Est. tempo de leitura\" \/>\n\t<meta name=\"twitter:data1\" content=\"1 minuto\" \/>\n<script type=\"application\/ld+json\" class=\"yoast-schema-graph\">{\"@context\":\"https:\/\/schema.org\",\"@graph\":[{\"@type\":\"WebPage\",\"@id\":\"https:\/\/www.hometheater.com.br\/portal\/sobre\/\",\"url\":\"https:\/\/www.hometheater.com.br\/portal\/sobre\/\",\"name\":\"SOBRE - HT &amp; Casa Digital\",\"isPartOf\":{\"@id\":\"https:\/\/www.hometheater.com.br\/portal\/#website\"},\"primaryImageOfPage\":{\"@id\":\"https:\/\/www.hometheater.com.br\/portal\/sobre\/#primaryimage\"},\"image\":{\"@id\":\"https:\/\/www.hometheater.com.br\/portal\/sobre\/#primaryimage\"},\"thumbnailUrl\":\"https:\/\/www.hometheater.com.br\/portal\/wp-content\/uploads\/2025\/03\/logo_home_theater_-2.png\",\"datePublished\":\"2016-09-19T14:18:05+00:00\",\"dateModified\":\"2025-04-03T13:25:34+00:00\",\"breadcrumb\":{\"@id\":\"https:\/\/www.hometheater.com.br\/portal\/sobre\/#breadcrumb\"},\"inLanguage\":\"pt-BR\",\"potentialAction\":[{\"@type\":\"ReadAction\",\"target\":[\"https:\/\/www.hometheater.com.br\/portal\/sobre\/\"]}]},{\"@type\":\"ImageObject\",\"inLanguage\":\"pt-BR\",\"@id\":\"https:\/\/www.hometheater.com.br\/portal\/sobre\/#primaryimage\",\"url\":\"https:\/\/www.hometheater.com.br\/portal\/wp-content\/uploads\/2025\/03\/logo_home_theater_-2.png\",\"contentUrl\":\"https:\/\/www.hometheater.com.br\/portal\/wp-content\/uploads\/2025\/03\/logo_home_theater_-2.png\",\"width\":600,\"height\":162},{\"@type\":\"BreadcrumbList\",\"@id\":\"https:\/\/www.hometheater.com.br\/portal\/sobre\/#breadcrumb\",\"itemListElement\":[{\"@type\":\"ListItem\",\"position\":1,\"name\":\"In\u00edcio\",\"item\":\"https:\/\/www.hometheater.com.br\/portal\/\"},{\"@type\":\"ListItem\",\"position\":2,\"name\":\"SOBRE\"}]},{\"@type\":\"WebSite\",\"@id\":\"https:\/\/www.hometheater.com.br\/portal\/#website\",\"url\":\"https:\/\/www.hometheater.com.br\/portal\/\",\"name\":\"HT &amp; Casa Digital\",\"description\":\"O mundo digital em sua casa\",\"publisher\":{\"@id\":\"https:\/\/www.hometheater.com.br\/portal\/#organization\"},\"potentialAction\":[{\"@type\":\"SearchAction\",\"target\":{\"@type\":\"EntryPoint\",\"urlTemplate\":\"https:\/\/www.hometheater.com.br\/portal\/?s={search_term_string}\"},\"query-input\":{\"@type\":\"PropertyValueSpecification\",\"valueRequired\":true,\"valueName\":\"search_term_string\"}}],\"inLanguage\":\"pt-BR\"},{\"@type\":\"Organization\",\"@id\":\"https:\/\/www.hometheater.com.br\/portal\/#organization\",\"name\":\"Home Theater\",\"url\":\"https:\/\/www.hometheater.com.br\/portal\/\",\"logo\":{\"@type\":\"ImageObject\",\"inLanguage\":\"pt-BR\",\"@id\":\"https:\/\/www.hometheater.com.br\/portal\/#\/schema\/logo\/image\/\",\"url\":\"https:\/\/www.hometheater.com.br\/portal\/wp-content\/uploads\/2022\/06\/assine_ht_01.png\",\"contentUrl\":\"https:\/\/www.hometheater.com.br\/portal\/wp-content\/uploads\/2022\/06\/assine_ht_01.png\",\"width\":800,\"height\":254,\"caption\":\"Home Theater\"},\"image\":{\"@id\":\"https:\/\/www.hometheater.com.br\/portal\/#\/schema\/logo\/image\/\"},\"sameAs\":[\"https:\/\/web.facebook.com\/revistahometheater\",\"https:\/\/x.com\/hometheaterbr\"]}]}<\/script>\n<!-- \/ Yoast SEO plugin. -->","yoast_head_json":{"title":"SOBRE - HT &amp; Casa Digital","robots":{"index":"index","follow":"follow","max-snippet":"max-snippet:-1","max-image-preview":"max-image-preview:large","max-video-preview":"max-video-preview:-1"},"canonical":"https:\/\/www.hometheater.com.br\/portal\/sobre\/","og_locale":"pt_BR","og_type":"article","og_title":"SOBRE - HT &amp; Casa Digital","og_description":"Este portal nasceu como herdeiro dos quase 30 anos de sucesso da Revista HOME THEATER &amp; CASA DIGITAL. Em 2025, estamos transferindo todo o nosso","og_url":"https:\/\/www.hometheater.com.br\/portal\/sobre\/","og_site_name":"HT &amp; Casa Digital","article_publisher":"https:\/\/web.facebook.com\/revistahometheater","article_modified_time":"2025-04-03T13:25:34+00:00","og_image":[{"url":"https:\/\/www.hometheater.com.br\/portal\/wp-content\/uploads\/2020\/02\/logotipo_ht.png","type":"","width":"","height":""}],"twitter_card":"summary_large_image","twitter_site":"@hometheaterbr","twitter_misc":{"Est. tempo de leitura":"1 minuto"},"schema":{"@context":"https:\/\/schema.org","@graph":[{"@type":"WebPage","@id":"https:\/\/www.hometheater.com.br\/portal\/sobre\/","url":"https:\/\/www.hometheater.com.br\/portal\/sobre\/","name":"SOBRE - HT &amp; Casa Digital","isPartOf":{"@id":"https:\/\/www.hometheater.com.br\/portal\/#website"},"primaryImageOfPage":{"@id":"https:\/\/www.hometheater.com.br\/portal\/sobre\/#primaryimage"},"image":{"@id":"https:\/\/www.hometheater.com.br\/portal\/sobre\/#primaryimage"},"thumbnailUrl":"https:\/\/www.hometheater.com.br\/portal\/wp-content\/uploads\/2025\/03\/logo_home_theater_-2.png","datePublished":"2016-09-19T14:18:05+00:00","dateModified":"2025-04-03T13:25:34+00:00","breadcrumb":{"@id":"https:\/\/www.hometheater.com.br\/portal\/sobre\/#breadcrumb"},"inLanguage":"pt-BR","potentialAction":[{"@type":"ReadAction","target":["https:\/\/www.hometheater.com.br\/portal\/sobre\/"]}]},{"@type":"ImageObject","inLanguage":"pt-BR","@id":"https:\/\/www.hometheater.com.br\/portal\/sobre\/#primaryimage","url":"https:\/\/www.hometheater.com.br\/portal\/wp-content\/uploads\/2025\/03\/logo_home_theater_-2.png","contentUrl":"https:\/\/www.hometheater.com.br\/portal\/wp-content\/uploads\/2025\/03\/logo_home_theater_-2.png","width":600,"height":162},{"@type":"BreadcrumbList","@id":"https:\/\/www.hometheater.com.br\/portal\/sobre\/#breadcrumb","itemListElement":[{"@type":"ListItem","position":1,"name":"In\u00edcio","item":"https:\/\/www.hometheater.com.br\/portal\/"},{"@type":"ListItem","position":2,"name":"SOBRE"}]},{"@type":"WebSite","@id":"https:\/\/www.hometheater.com.br\/portal\/#website","url":"https:\/\/www.hometheater.com.br\/portal\/","name":"HT &amp; Casa Digital","description":"O mundo digital em sua casa","publisher":{"@id":"https:\/\/www.hometheater.com.br\/portal\/#organization"},"potentialAction":[{"@type":"SearchAction","target":{"@type":"EntryPoint","urlTemplate":"https:\/\/www.hometheater.com.br\/portal\/?s={search_term_string}"},"query-input":{"@type":"PropertyValueSpecification","valueRequired":true,"valueName":"search_term_string"}}],"inLanguage":"pt-BR"},{"@type":"Organization","@id":"https:\/\/www.hometheater.com.br\/portal\/#organization","name":"Home Theater","url":"https:\/\/www.hometheater.com.br\/portal\/","logo":{"@type":"ImageObject","inLanguage":"pt-BR","@id":"https:\/\/www.hometheater.com.br\/portal\/#\/schema\/logo\/image\/","url":"https:\/\/www.hometheater.com.br\/portal\/wp-content\/uploads\/2022\/06\/assine_ht_01.png","contentUrl":"https:\/\/www.hometheater.com.br\/portal\/wp-content\/uploads\/2022\/06\/assine_ht_01.png","width":800,"height":254,"caption":"Home Theater"},"image":{"@id":"https:\/\/www.hometheater.com.br\/portal\/#\/schema\/logo\/image\/"},"sameAs":["https:\/\/web.facebook.com\/revistahometheater","https:\/\/x.com\/hometheaterbr"]}]}},"_links":{"self":[{"href":"https:\/\/www.hometheater.com.br\/portal\/wp-json\/wp\/v2\/pages\/1638","targetHints":{"allow":["GET"]}}],"collection":[{"href":"https:\/\/www.hometheater.com.br\/portal\/wp-json\/wp\/v2\/pages"}],"about":[{"href":"https:\/\/www.hometheater.com.br\/portal\/wp-json\/wp\/v2\/types\/page"}],"author":[{"embeddable":true,"href":"https:\/\/www.hometheater.com.br\/portal\/wp-json\/wp\/v2\/users\/1"}],"replies":[{"embeddable":true,"href":"https:\/\/www.hometheater.com.br\/portal\/wp-json\/wp\/v2\/comments?post=1638"}],"version-history":[{"count":0,"href":"https:\/\/www.hometheater.com.br\/portal\/wp-json\/wp\/v2\/pages\/1638\/revisions"}],"wp:attachment":[{"href":"https:\/\/www.hometheater.com.br\/portal\/wp-json\/wp\/v2\/media?parent=1638"}],"curies":[{"name":"wp","href":"https:\/\/api.w.org\/{rel}","templated":true}]}}