{"id":13781,"date":"2020-01-21T08:45:54","date_gmt":"2020-01-21T10:45:54","guid":{"rendered":"https:\/\/www.hometheater.com.br\/portal\/?page_id=13781"},"modified":"2020-01-21T09:04:15","modified_gmt":"2020-01-21T11:04:15","slug":"promocao-10-motivos-para-ler-home-theater","status":"publish","type":"page","link":"https:\/\/www.hometheater.com.br\/portal\/promocao-10-motivos-para-ler-home-theater\/","title":{"rendered":"Promo\u00e7\u00e3o &#8211; 10 Motivos HT &#038; Casa Digital"},"content":{"rendered":"<link rel='stylesheet' id='formidable-css' href='https:\/\/www.hometheater.com.br\/portal\/wp-content\/plugins\/formidable\/css\/formidableforms.css?ver=7111356' type='text\/css' media='all' \/>\n<div class=\"frm_forms  with_frm_style frm_style_formidable-style\" id=\"frm_form_23_container\" >\n<form enctype=\"multipart\/form-data\" method=\"post\" class=\"frm-show-form \" id=\"form_promomotivos\" >\n<div class=\"frm_form_fields \">\n<fieldset>\n<legend class=\"frm_screen_reader\">Promo_motivos<\/legend>\r\n\r\n<div class=\"frm_fields_container\">\n<input type=\"hidden\" name=\"frm_action\" value=\"create\" \/>\n<input type=\"hidden\" name=\"form_id\" value=\"23\" \/>\n<input type=\"hidden\" name=\"frm_hide_fields_23\" id=\"frm_hide_fields_23\" value=\"\" \/>\n<input type=\"hidden\" name=\"form_key\" value=\"promomotivos\" \/>\n<input type=\"hidden\" name=\"item_meta[0]\" value=\"\" \/>\n<input type=\"hidden\" id=\"frm_submit_entry_23\" name=\"frm_submit_entry_23\" value=\"857756aef1\" \/><input type=\"hidden\" name=\"_wp_http_referer\" value=\"\/portal\/wp-json\/wp\/v2\/pages\/13781\" \/><div id=\"frm_field_239_container\" class=\"frm_form_field  frm_html_container form-field\">\n<p align=\"center\"><a href=\"https:\/\/www.hometheater.com.br\/portal\/wp-content\/uploads\/2020\/02\/motivos2.jpg\"><img decoding=\"async\" src=\"https:\/\/www.hometheater.com.br\/portal\/wp-content\/uploads\/2020\/01\/motivos3-1.jpg\" \/><\/a><\/p>\n<\/div>\n<div id=\"frm_field_240_container\" class=\"frm_form_field form-field  frm_top_container\">\r\n    <label for=\"field_5f0da9\" id=\"field_5f0da9_label\" class=\"frm_primary_label\">Nome\r\n        <span class=\"frm_required\"><\/span>\r\n    <\/label>\r\n    <input type=\"text\" id=\"field_5f0da9\" name=\"item_meta[240]\" value=\"\"  data-invmsg=\"Text is invalid\" aria-invalid=\"false\"  \/>\r\n    \r\n    \r\n<\/div>\n<div id=\"frm_field_241_container\" class=\"frm_form_field form-field  frm_required_field frm_top_container\">\r\n    <label for=\"field_nhxyc9\" id=\"field_nhxyc9_label\" class=\"frm_primary_label\">Endere\u00e7o\r\n        <span class=\"frm_required\">*<\/span>\r\n    <\/label>\r\n    <input type=\"text\" id=\"field_nhxyc9\" name=\"item_meta[241]\" value=\"\"  data-reqmsg=\"Esse campo n\u00e3o pode ser em branco.\" aria-required=\"true\" data-invmsg=\"Text is invalid\" aria-invalid=\"false\"  \/>\r\n    \r\n    \r\n<\/div>\n<div id=\"frm_field_242_container\" class=\"frm_form_field form-field  frm_required_field frm_top_container\">\r\n    <label for=\"field_rb14y9\" id=\"field_rb14y9_label\" class=\"frm_primary_label\">Cidade\/ESTADO\r\n        <span class=\"frm_required\">*<\/span>\r\n    <\/label>\r\n    <input type=\"text\" id=\"field_rb14y9\" name=\"item_meta[242]\" value=\"\"  data-reqmsg=\"Esse campo n\u00e3o pode ser em branco.\" aria-required=\"true\" data-invmsg=\"Text is invalid\" aria-invalid=\"false\"  \/>\r\n    \r\n    \r\n<\/div>\n<div id=\"frm_field_243_container\" class=\"frm_form_field form-field  frm_top_container\">\r\n    <label for=\"field_icuvk9\" id=\"field_icuvk9_label\" class=\"frm_primary_label\">CEP\r\n        <span class=\"frm_required\"><\/span>\r\n    <\/label>\r\n    <input type=\"text\" id=\"field_icuvk9\" name=\"item_meta[243]\" value=\"\"  maxlength=\"10\" data-invmsg=\"Text is invalid\" aria-invalid=\"false\"  \/>\r\n    \r\n    \r\n<\/div>\n<div id=\"frm_field_244_container\" class=\"frm_form_field form-field  frm_required_field frm_top_container frm_third\">\r\n    <label for=\"field_ypuck9\" id=\"field_ypuck9_label\" class=\"frm_primary_label\">Email\r\n        <span class=\"frm_required\">*<\/span>\r\n    <\/label>\r\n    <input type=\"email\" id=\"field_ypuck9\" name=\"item_meta[244]\" value=\"\"  data-reqmsg=\"Esse campo n\u00e3o pode ser em branco.\" aria-required=\"true\" data-invmsg=\"Email is invalid\" aria-invalid=\"false\"  \/>\r\n    \r\n    \r\n<\/div>\n<div id=\"frm_field_245_container\" class=\"frm_form_field form-field  frm_required_field frm_top_container frm_third\">\r\n    <label for=\"field_k4z299\" id=\"field_k4z299_label\" class=\"frm_primary_label\">Telefone\r\n        <span class=\"frm_required\">*<\/span>\r\n    <\/label>\r\n    <input type=\"tel\" id=\"field_k4z299\" name=\"item_meta[245]\" value=\"\"  data-reqmsg=\"Esse campo n\u00e3o pode ser em branco.\" aria-required=\"true\" data-invmsg=\"Phone is invalid\" aria-invalid=\"false\" pattern=\"((\\+\\d{1,3}(-|.| )?\\(?\\d\\)?(-| |.)?\\d{1,5})|(\\(?\\d{2,6}\\)?))(-|.| )?(\\d{3,4})(-|.| )?(\\d{4})(( x| ext)\\d{1,5}){0,1}$\"  \/>\r\n    \r\n    \r\n<\/div>\n<div id=\"frm_field_246_container\" class=\"frm_form_field  frm_html_container form-field\"><strong><u>FORMA DE PAGAMENTO<\/u><\/strong><\/p>\n<table style=\"border: none;\" width=\"500\" >\n<tr style=\"border: none;\">\n<td style=\"border: none;\">\n<div align=\"center\">\n<p><img decoding=\"async\" src=\"https:\/\/www.hometheater.com.br\/portal\/wp-content\/uploads\/2019\/06\/elo.png\" \/><\/p>\n<\/p><\/div>\n<\/td>\n<td style=\"border: none;\">\n<div align=\"center\"><img decoding=\"async\" src=\"https:\/\/www.hometheater.com.br\/portal\/wp-content\/uploads\/2019\/06\/mastercard.png\" \/><\/div>\n<\/td>\n<td style=\"border: none;\">\n<div align=\"center\"><img decoding=\"async\" src=\"https:\/\/www.hometheater.com.br\/portal\/wp-content\/uploads\/2019\/06\/visa.png\" \/><\/div>\n<\/td>\n<\/tr>\n<\/table>\n<p><strong>12 Edi\u00e7\u00f5es Impressas - Valor promocional: R$ 150 (em at\u00e9 10 VEZES no cart\u00e3o de cr\u00e9dito) <\/strong><\/p>\n<\/div>\n<div id=\"frm_field_247_container\" class=\"frm_form_field form-field  frm_top_container\">\r\n    <label for=\"field_gtryx9\" id=\"field_gtryx9_label\" class=\"frm_primary_label\">NOME COMPLETO ( COMO APARECE NO CART\u00c3O) *\r\n        <span class=\"frm_required\"><\/span>\r\n    <\/label>\r\n    <input type=\"text\" id=\"field_gtryx9\" name=\"item_meta[247]\" value=\"\"  data-invmsg=\"Text is invalid\" aria-invalid=\"false\"  \/>\r\n    \r\n    \r\n<\/div>\n<div id=\"frm_field_248_container\" class=\"frm_form_field form-field  frm_required_field frm_top_container\">\r\n    <label for=\"field_9icsh9\" id=\"field_9icsh9_label\" class=\"frm_primary_label\">CART\u00c3O  - N\u00daMERO\r\n        <span class=\"frm_required\">*<\/span>\r\n    <\/label>\r\n    <input type=\"text\" id=\"field_9icsh9\" name=\"item_meta[248]\" value=\"\"  style=\"width:50%\" maxlength=\"16\" data-reqmsg=\"Esse campo n\u00e3o pode ser em branco.\" aria-required=\"true\" data-invmsg=\"Text is invalid\" class=\"auto_width\" aria-invalid=\"false\"  \/>\r\n    \r\n    \r\n<\/div>\n<div id=\"frm_field_249_container\" class=\"frm_form_field form-field  frm_required_field frm_top_container frm_fourth\">\r\n    <label for=\"field_avber9\" id=\"field_avber9_label\" class=\"frm_primary_label\">VALIDADE \r\n        <span class=\"frm_required\">*<\/span>\r\n    <\/label>\r\n    <input type=\"text\" id=\"field_avber9\" name=\"item_meta[249]\" value=\"\"  style=\"width:40%\" maxlength=\"8\" data-reqmsg=\"Esse campo n\u00e3o pode ser em branco.\" aria-required=\"true\" data-invmsg=\"Text is invalid\" class=\"auto_width\" aria-invalid=\"false\"  \/>\r\n    \r\n    \r\n<\/div>\n<div id=\"frm_field_250_container\" class=\"frm_form_field form-field  frm_required_field frm_top_container frm_half\">\r\n    <label for=\"field_u0ruq9\" id=\"field_u0ruq9_label\" class=\"frm_primary_label\">C\u00d3DIGO DE SEGURAN\u00c7A \r\n        <span class=\"frm_required\">*<\/span>\r\n    <\/label>\r\n    <input type=\"text\" id=\"field_u0ruq9\" name=\"item_meta[250]\" value=\"\"  style=\"width:30%\" maxlength=\"3\" data-reqmsg=\"Esse campo n\u00e3o pode ser em branco.\" aria-required=\"true\" data-invmsg=\"Text is invalid\" class=\"auto_width\" aria-invalid=\"false\"  \/>\r\n    \r\n    \r\n<\/div>\n<div id=\"frm_field_251_container\" class=\"frm_form_field form-field  frm_top_container vertical_radio\">\r\n    <div  id=\"field_vsh1a8_label\" class=\"frm_primary_label\">PARCELADO EM:\r\n        <span class=\"frm_required\"><\/span>\r\n    <\/div>\r\n    <div class=\"frm_opt_container\" aria-labelledby=\"field_vsh1a8_label\" role=\"radiogroup\">\t\t<div class=\"frm_radio\" id=\"frm_radio_251-0\">\t\t\t<label  for=\"field_vsh1a8-0\">\n\t\t\t\t\t<input type=\"radio\" name=\"item_meta[251]\" id=\"field_vsh1a8-0\" value=\"1X\"\n\t\t   data-invmsg=\"PARCELADO EM: \u00e9 inv\u00e1lido\" aria-invalid=\"false\"  \/> 1X<\/label><\/div>\n\t\t<div class=\"frm_radio\" id=\"frm_radio_251-2\">\t\t\t<label  for=\"field_vsh1a8-2\">\n\t\t\t\t\t<input type=\"radio\" name=\"item_meta[251]\" id=\"field_vsh1a8-2\" value=\"3X\"\n\t\t   data-invmsg=\"PARCELADO EM: \u00e9 inv\u00e1lido\" aria-invalid=\"false\"  \/> 3X<\/label><\/div>\n\t\t<div class=\"frm_radio\" id=\"frm_radio_251-4\">\t\t\t<label  for=\"field_vsh1a8-4\">\n\t\t\t\t\t<input type=\"radio\" name=\"item_meta[251]\" id=\"field_vsh1a8-4\" value=\"5x\"\n\t\t   data-invmsg=\"PARCELADO EM: \u00e9 inv\u00e1lido\" aria-invalid=\"false\"  \/> 5x<\/label><\/div>\n\t\t<div class=\"frm_radio\" id=\"frm_radio_251-5\">\t\t\t<label  for=\"field_vsh1a8-5\">\n\t\t\t\t\t<input type=\"radio\" name=\"item_meta[251]\" id=\"field_vsh1a8-5\" value=\"6x\"\n\t\t   data-invmsg=\"PARCELADO EM: \u00e9 inv\u00e1lido\" aria-invalid=\"false\"  \/> 6x<\/label><\/div>\n\t\t<div class=\"frm_radio\" id=\"frm_radio_251-7\">\t\t\t<label  for=\"field_vsh1a8-7\">\n\t\t\t\t\t<input type=\"radio\" name=\"item_meta[251]\" id=\"field_vsh1a8-7\" value=\"7x\"\n\t\t   data-invmsg=\"PARCELADO EM: \u00e9 inv\u00e1lido\" aria-invalid=\"false\"  \/> 7x<\/label><\/div>\n\t\t<div class=\"frm_radio\" id=\"frm_radio_251-6\">\t\t\t<label  for=\"field_vsh1a8-6\">\n\t\t\t\t\t<input type=\"radio\" name=\"item_meta[251]\" id=\"field_vsh1a8-6\" value=\"10x\"\n\t\t   data-invmsg=\"PARCELADO EM: \u00e9 inv\u00e1lido\" aria-invalid=\"false\"  \/> 10x<\/label><\/div>\n<\/div>\r\n    \r\n    \r\n<\/div>\n\t<input type=\"hidden\" name=\"item_key\" value=\"\" \/>\n\t\t\t<div id=\"frm_field_300_container\">\n\t\t\t<label for=\"field_sbltc\" >\n\t\t\t\tSe voc\u00ea \u00e9 humano, deixe este campo em branco.\t\t\t<\/label>\n\t\t\t<input  id=\"field_sbltc\" type=\"text\" class=\"frm_form_field form-field frm_verify\" name=\"item_meta[300]\" value=\"\"  \/>\n\t\t<\/div>\n\t\t<input name=\"frm_state\" type=\"hidden\" value=\"8\/BdTRaUCuYtU1C78JKubTa9lnF6UJboH5kERSYaDxA=\" \/><div class=\"frm_submit\">\r\n\r\n<button class=\"frm_button_submit\" type=\"submit\"  >Enviar<\/button>\r\n\r\n<\/div><\/div>\n<\/fieldset>\n<\/div>\n\n<\/form>\n<\/div>\n\n","protected":false},"excerpt":{"rendered":"","protected":false},"author":1,"featured_media":0,"parent":0,"menu_order":0,"comment_status":"closed","ping_status":"closed","template":"","meta":{"footnotes":""},"class_list":["post-13781","page","type-page","status-publish","hentry"],"yoast_head":"<!-- This site is optimized with the Yoast SEO plugin v25.7 - https:\/\/yoast.com\/wordpress\/plugins\/seo\/ -->\n<title>Promo\u00e7\u00e3o - 10 Motivos HT &amp; Casa Digital - HT &amp; Casa Digital<\/title>\n<meta name=\"robots\" content=\"index, follow, max-snippet:-1, max-image-preview:large, max-video-preview:-1\" \/>\n<link rel=\"canonical\" href=\"https:\/\/www.hometheater.com.br\/portal\/promocao-10-motivos-para-ler-home-theater\/\" \/>\n<meta property=\"og:locale\" content=\"pt_BR\" \/>\n<meta property=\"og:type\" content=\"article\" \/>\n<meta property=\"og:title\" content=\"Promo\u00e7\u00e3o - 10 Motivos HT &amp; Casa Digital - HT &amp; Casa Digital\" \/>\n<meta property=\"og:url\" content=\"https:\/\/www.hometheater.com.br\/portal\/promocao-10-motivos-para-ler-home-theater\/\" \/>\n<meta property=\"og:site_name\" content=\"HT &amp; Casa Digital\" \/>\n<meta property=\"article:publisher\" content=\"https:\/\/web.facebook.com\/revistahometheater\" \/>\n<meta property=\"article:modified_time\" content=\"2020-01-21T11:04:15+00:00\" \/>\n<meta property=\"og:image\" content=\"https:\/\/www.hometheater.com.br\/portal\/wp-content\/uploads\/2020\/12\/ht_logo_dez.png\" \/>\n\t<meta property=\"og:image:width\" content=\"450\" \/>\n\t<meta property=\"og:image:height\" content=\"300\" \/>\n\t<meta property=\"og:image:type\" content=\"image\/png\" \/>\n<meta name=\"twitter:card\" content=\"summary_large_image\" \/>\n<meta name=\"twitter:site\" content=\"@hometheaterbr\" \/>\n<script type=\"application\/ld+json\" class=\"yoast-schema-graph\">{\"@context\":\"https:\/\/schema.org\",\"@graph\":[{\"@type\":\"WebPage\",\"@id\":\"https:\/\/www.hometheater.com.br\/portal\/promocao-10-motivos-para-ler-home-theater\/\",\"url\":\"https:\/\/www.hometheater.com.br\/portal\/promocao-10-motivos-para-ler-home-theater\/\",\"name\":\"Promo\u00e7\u00e3o - 10 Motivos HT & Casa Digital - HT &amp; Casa Digital\",\"isPartOf\":{\"@id\":\"https:\/\/www.hometheater.com.br\/portal\/#website\"},\"datePublished\":\"2020-01-21T10:45:54+00:00\",\"dateModified\":\"2020-01-21T11:04:15+00:00\",\"breadcrumb\":{\"@id\":\"https:\/\/www.hometheater.com.br\/portal\/promocao-10-motivos-para-ler-home-theater\/#breadcrumb\"},\"inLanguage\":\"pt-BR\",\"potentialAction\":[{\"@type\":\"ReadAction\",\"target\":[\"https:\/\/www.hometheater.com.br\/portal\/promocao-10-motivos-para-ler-home-theater\/\"]}]},{\"@type\":\"BreadcrumbList\",\"@id\":\"https:\/\/www.hometheater.com.br\/portal\/promocao-10-motivos-para-ler-home-theater\/#breadcrumb\",\"itemListElement\":[{\"@type\":\"ListItem\",\"position\":1,\"name\":\"In\u00edcio\",\"item\":\"https:\/\/www.hometheater.com.br\/portal\/\"},{\"@type\":\"ListItem\",\"position\":2,\"name\":\"Promo\u00e7\u00e3o &#8211; 10 Motivos HT &#038; Casa Digital\"}]},{\"@type\":\"WebSite\",\"@id\":\"https:\/\/www.hometheater.com.br\/portal\/#website\",\"url\":\"https:\/\/www.hometheater.com.br\/portal\/\",\"name\":\"HT &amp; Casa Digital\",\"description\":\"O mundo digital em sua casa\",\"publisher\":{\"@id\":\"https:\/\/www.hometheater.com.br\/portal\/#organization\"},\"potentialAction\":[{\"@type\":\"SearchAction\",\"target\":{\"@type\":\"EntryPoint\",\"urlTemplate\":\"https:\/\/www.hometheater.com.br\/portal\/?s={search_term_string}\"},\"query-input\":{\"@type\":\"PropertyValueSpecification\",\"valueRequired\":true,\"valueName\":\"search_term_string\"}}],\"inLanguage\":\"pt-BR\"},{\"@type\":\"Organization\",\"@id\":\"https:\/\/www.hometheater.com.br\/portal\/#organization\",\"name\":\"Home Theater\",\"url\":\"https:\/\/www.hometheater.com.br\/portal\/\",\"logo\":{\"@type\":\"ImageObject\",\"inLanguage\":\"pt-BR\",\"@id\":\"https:\/\/www.hometheater.com.br\/portal\/#\/schema\/logo\/image\/\",\"url\":\"https:\/\/www.hometheater.com.br\/portal\/wp-content\/uploads\/2022\/06\/assine_ht_01.png\",\"contentUrl\":\"https:\/\/www.hometheater.com.br\/portal\/wp-content\/uploads\/2022\/06\/assine_ht_01.png\",\"width\":800,\"height\":254,\"caption\":\"Home Theater\"},\"image\":{\"@id\":\"https:\/\/www.hometheater.com.br\/portal\/#\/schema\/logo\/image\/\"},\"sameAs\":[\"https:\/\/web.facebook.com\/revistahometheater\",\"https:\/\/x.com\/hometheaterbr\"]}]}<\/script>\n<!-- \/ Yoast SEO plugin. -->","yoast_head_json":{"title":"Promo\u00e7\u00e3o - 10 Motivos HT & Casa Digital - HT &amp; Casa Digital","robots":{"index":"index","follow":"follow","max-snippet":"max-snippet:-1","max-image-preview":"max-image-preview:large","max-video-preview":"max-video-preview:-1"},"canonical":"https:\/\/www.hometheater.com.br\/portal\/promocao-10-motivos-para-ler-home-theater\/","og_locale":"pt_BR","og_type":"article","og_title":"Promo\u00e7\u00e3o - 10 Motivos HT & Casa Digital - HT &amp; Casa Digital","og_url":"https:\/\/www.hometheater.com.br\/portal\/promocao-10-motivos-para-ler-home-theater\/","og_site_name":"HT &amp; Casa Digital","article_publisher":"https:\/\/web.facebook.com\/revistahometheater","article_modified_time":"2020-01-21T11:04:15+00:00","og_image":[{"width":450,"height":300,"url":"https:\/\/www.hometheater.com.br\/portal\/wp-content\/uploads\/2020\/12\/ht_logo_dez.png","type":"image\/png"}],"twitter_card":"summary_large_image","twitter_site":"@hometheaterbr","schema":{"@context":"https:\/\/schema.org","@graph":[{"@type":"WebPage","@id":"https:\/\/www.hometheater.com.br\/portal\/promocao-10-motivos-para-ler-home-theater\/","url":"https:\/\/www.hometheater.com.br\/portal\/promocao-10-motivos-para-ler-home-theater\/","name":"Promo\u00e7\u00e3o - 10 Motivos HT & Casa Digital - HT &amp; Casa Digital","isPartOf":{"@id":"https:\/\/www.hometheater.com.br\/portal\/#website"},"datePublished":"2020-01-21T10:45:54+00:00","dateModified":"2020-01-21T11:04:15+00:00","breadcrumb":{"@id":"https:\/\/www.hometheater.com.br\/portal\/promocao-10-motivos-para-ler-home-theater\/#breadcrumb"},"inLanguage":"pt-BR","potentialAction":[{"@type":"ReadAction","target":["https:\/\/www.hometheater.com.br\/portal\/promocao-10-motivos-para-ler-home-theater\/"]}]},{"@type":"BreadcrumbList","@id":"https:\/\/www.hometheater.com.br\/portal\/promocao-10-motivos-para-ler-home-theater\/#breadcrumb","itemListElement":[{"@type":"ListItem","position":1,"name":"In\u00edcio","item":"https:\/\/www.hometheater.com.br\/portal\/"},{"@type":"ListItem","position":2,"name":"Promo\u00e7\u00e3o &#8211; 10 Motivos HT &#038; Casa Digital"}]},{"@type":"WebSite","@id":"https:\/\/www.hometheater.com.br\/portal\/#website","url":"https:\/\/www.hometheater.com.br\/portal\/","name":"HT &amp; Casa Digital","description":"O mundo digital em sua casa","publisher":{"@id":"https:\/\/www.hometheater.com.br\/portal\/#organization"},"potentialAction":[{"@type":"SearchAction","target":{"@type":"EntryPoint","urlTemplate":"https:\/\/www.hometheater.com.br\/portal\/?s={search_term_string}"},"query-input":{"@type":"PropertyValueSpecification","valueRequired":true,"valueName":"search_term_string"}}],"inLanguage":"pt-BR"},{"@type":"Organization","@id":"https:\/\/www.hometheater.com.br\/portal\/#organization","name":"Home Theater","url":"https:\/\/www.hometheater.com.br\/portal\/","logo":{"@type":"ImageObject","inLanguage":"pt-BR","@id":"https:\/\/www.hometheater.com.br\/portal\/#\/schema\/logo\/image\/","url":"https:\/\/www.hometheater.com.br\/portal\/wp-content\/uploads\/2022\/06\/assine_ht_01.png","contentUrl":"https:\/\/www.hometheater.com.br\/portal\/wp-content\/uploads\/2022\/06\/assine_ht_01.png","width":800,"height":254,"caption":"Home Theater"},"image":{"@id":"https:\/\/www.hometheater.com.br\/portal\/#\/schema\/logo\/image\/"},"sameAs":["https:\/\/web.facebook.com\/revistahometheater","https:\/\/x.com\/hometheaterbr"]}]}},"_links":{"self":[{"href":"https:\/\/www.hometheater.com.br\/portal\/wp-json\/wp\/v2\/pages\/13781","targetHints":{"allow":["GET"]}}],"collection":[{"href":"https:\/\/www.hometheater.com.br\/portal\/wp-json\/wp\/v2\/pages"}],"about":[{"href":"https:\/\/www.hometheater.com.br\/portal\/wp-json\/wp\/v2\/types\/page"}],"author":[{"embeddable":true,"href":"https:\/\/www.hometheater.com.br\/portal\/wp-json\/wp\/v2\/users\/1"}],"replies":[{"embeddable":true,"href":"https:\/\/www.hometheater.com.br\/portal\/wp-json\/wp\/v2\/comments?post=13781"}],"version-history":[{"count":0,"href":"https:\/\/www.hometheater.com.br\/portal\/wp-json\/wp\/v2\/pages\/13781\/revisions"}],"wp:attachment":[{"href":"https:\/\/www.hometheater.com.br\/portal\/wp-json\/wp\/v2\/media?parent=13781"}],"curies":[{"name":"wp","href":"https:\/\/api.w.org\/{rel}","templated":true}]}}